{"id":2469,"date":"2018-09-30T08:54:53","date_gmt":"2018-09-30T06:54:53","guid":{"rendered":"http:\/\/102004.web.zcom.it\/wordpress\/?page_id=2469"},"modified":"2018-10-24T21:12:44","modified_gmt":"2018-10-24T19:12:44","slug":"famiglia-2","status":"publish","type":"page","link":"https:\/\/www.kresspichl.com\/it\/famiglia-2\/","title":{"rendered":"Famiglia"},"content":{"rendered":"<div class=\"row\">\n<div class=\"col-xl-8 offset-xl-2 col-lg-10 offset-lg-1 col-12\">\n<article class=\"entry\">\n<div class=\"entry-content\">\n<h1 class=\"section-title\">Famiglia<\/h1>\n<div class=\"row\">\n<div class=\"col-xl-8 offset-xl-2 col-lg-10 offset-lg-1 col-12\">\n<article class=\"entry\">\n<div class=\"entry-content\">\n<h2>Gufler Franz e Julia con i figli Ren\u00e9, Nathalie e Katalea vi danno il benvenuto sul Kresspichlguat di Plan\/Alto Adige<\/h2>\n<div id=\"content-textfeld-1\">\n<p>Con amore gestiscono il maso e fanno di tutto per garantirvi una vacanza indimenticabile. Cordialit\u00e0, gentilezza e tradizionale ospitalit\u00e0 altoatesina vi accompagneranno durante tutta la vostra permanenza sul maso.<\/p>\n<\/div>\n<\/div>\n<\/article>\n<\/div>\n<\/div>\n<\/div>\n<\/article>\n<\/div>\n<\/div>\n","protected":false},"excerpt":{"rendered":"<p>Famiglia Gufler Franz e Julia con i figli Ren\u00e9, Nathalie e Katalea vi danno il benvenuto sul Kresspichlguat di Plan\/Alto Adige Con amore gestiscono il maso e fanno di tutto per garantirvi una vacanza indimenticabile. Cordialit\u00e0, gentilezza e tradizionale ospitalit\u00e0 altoatesina vi accompagneranno durante tutta la vostra permanenza sul maso.<\/p>\n","protected":false},"author":6,"featured_media":0,"parent":0,"menu_order":0,"comment_status":"closed","ping_status":"closed","template":"","meta":{"footnotes":""},"class_list":["post-2469","page","type-page","status-publish","hentry"],"yoast_head":"<!-- This site is optimized with the Yoast SEO plugin v24.0 - https:\/\/yoast.com\/wordpress\/plugins\/seo\/ -->\n<title>Famiglia - Kresspichl - Hofk\u00e4serei Hofladen Ferienwohnung<\/title>\n<meta name=\"robots\" content=\"index, follow, max-snippet:-1, max-image-preview:large, max-video-preview:-1\" \/>\n<link rel=\"canonical\" href=\"https:\/\/www.kresspichl.com\/it\/famiglia-2\/\" \/>\n<meta property=\"og:locale\" content=\"it_IT\" \/>\n<meta property=\"og:type\" content=\"article\" \/>\n<meta property=\"og:title\" content=\"Famiglia - Kresspichl - Hofk\u00e4serei Hofladen Ferienwohnung\" \/>\n<meta property=\"og:description\" content=\"Famiglia Gufler Franz e Julia con i figli Ren\u00e9, Nathalie e Katalea vi danno il benvenuto sul Kresspichlguat di Plan\/Alto Adige Con amore gestiscono il maso e fanno di tutto per garantirvi una vacanza indimenticabile. Cordialit\u00e0, gentilezza e tradizionale ospitalit\u00e0 altoatesina vi accompagneranno durante tutta la vostra permanenza sul maso.\" \/>\n<meta property=\"og:url\" content=\"https:\/\/www.kresspichl.com\/it\/famiglia-2\/\" \/>\n<meta property=\"og:site_name\" content=\"Kresspichl - Hofk\u00e4serei Hofladen Ferienwohnung\" \/>\n<meta property=\"article:modified_time\" content=\"2018-10-24T19:12:44+00:00\" \/>\n<meta name=\"twitter:card\" content=\"summary_large_image\" \/>\n<script type=\"application\/ld+json\" class=\"yoast-schema-graph\">{\"@context\":\"https:\/\/schema.org\",\"@graph\":[{\"@type\":\"WebPage\",\"@id\":\"https:\/\/www.kresspichl.com\/it\/famiglia-2\/\",\"url\":\"https:\/\/www.kresspichl.com\/it\/famiglia-2\/\",\"name\":\"Famiglia - Kresspichl - Hofk\u00e4serei Hofladen Ferienwohnung\",\"isPartOf\":{\"@id\":\"https:\/\/www.kresspichl.com\/#website\"},\"datePublished\":\"2018-09-30T06:54:53+00:00\",\"dateModified\":\"2018-10-24T19:12:44+00:00\",\"breadcrumb\":{\"@id\":\"https:\/\/www.kresspichl.com\/it\/famiglia-2\/#breadcrumb\"},\"inLanguage\":\"it-IT\",\"potentialAction\":[{\"@type\":\"ReadAction\",\"target\":[\"https:\/\/www.kresspichl.com\/it\/famiglia-2\/\"]}]},{\"@type\":\"BreadcrumbList\",\"@id\":\"https:\/\/www.kresspichl.com\/it\/famiglia-2\/#breadcrumb\",\"itemListElement\":[{\"@type\":\"ListItem\",\"position\":1,\"name\":\"Startseite\",\"item\":\"https:\/\/www.kresspichl.com\/it\/\"},{\"@type\":\"ListItem\",\"position\":2,\"name\":\"Famiglia\"}]},{\"@type\":\"WebSite\",\"@id\":\"https:\/\/www.kresspichl.com\/#website\",\"url\":\"https:\/\/www.kresspichl.com\/\",\"name\":\"Kresspichl - Hofk\u00e4serei Hofladen Ferienwohnung\",\"description\":\"B\u00e4uerliche Produkte aus dem Passeiertal (S\u00fcdtirol) Ferienwonungen\",\"publisher\":{\"@id\":\"https:\/\/www.kresspichl.com\/#organization\"},\"potentialAction\":[{\"@type\":\"SearchAction\",\"target\":{\"@type\":\"EntryPoint\",\"urlTemplate\":\"https:\/\/www.kresspichl.com\/?s={search_term_string}\"},\"query-input\":{\"@type\":\"PropertyValueSpecification\",\"valueRequired\":true,\"valueName\":\"search_term_string\"}}],\"inLanguage\":\"it-IT\"},{\"@type\":\"Organization\",\"@id\":\"https:\/\/www.kresspichl.com\/#organization\",\"name\":\"Kresspichlguet\",\"url\":\"https:\/\/www.kresspichl.com\/\",\"logo\":{\"@type\":\"ImageObject\",\"inLanguage\":\"it-IT\",\"@id\":\"https:\/\/www.kresspichl.com\/#\/schema\/logo\/image\/\",\"url\":\"https:\/\/www.kresspichl.com\/wordpress\/wp-content\/uploads\/2018\/09\/cropped-kresspichlguet-logo.jpg\",\"contentUrl\":\"https:\/\/www.kresspichl.com\/wordpress\/wp-content\/uploads\/2018\/09\/cropped-kresspichlguet-logo.jpg\",\"width\":363,\"height\":59,\"caption\":\"Kresspichlguet\"},\"image\":{\"@id\":\"https:\/\/www.kresspichl.com\/#\/schema\/logo\/image\/\"}}]}<\/script>\n<!-- \/ Yoast SEO plugin. -->","yoast_head_json":{"title":"Famiglia - Kresspichl - Hofk\u00e4serei Hofladen Ferienwohnung","robots":{"index":"index","follow":"follow","max-snippet":"max-snippet:-1","max-image-preview":"max-image-preview:large","max-video-preview":"max-video-preview:-1"},"canonical":"https:\/\/www.kresspichl.com\/it\/famiglia-2\/","og_locale":"it_IT","og_type":"article","og_title":"Famiglia - Kresspichl - Hofk\u00e4serei Hofladen Ferienwohnung","og_description":"Famiglia Gufler Franz e Julia con i figli Ren\u00e9, Nathalie e Katalea vi danno il benvenuto sul Kresspichlguat di Plan\/Alto Adige Con amore gestiscono il maso e fanno di tutto per garantirvi una vacanza indimenticabile. Cordialit\u00e0, gentilezza e tradizionale ospitalit\u00e0 altoatesina vi accompagneranno durante tutta la vostra permanenza sul maso.","og_url":"https:\/\/www.kresspichl.com\/it\/famiglia-2\/","og_site_name":"Kresspichl - Hofk\u00e4serei Hofladen Ferienwohnung","article_modified_time":"2018-10-24T19:12:44+00:00","twitter_card":"summary_large_image","schema":{"@context":"https:\/\/schema.org","@graph":[{"@type":"WebPage","@id":"https:\/\/www.kresspichl.com\/it\/famiglia-2\/","url":"https:\/\/www.kresspichl.com\/it\/famiglia-2\/","name":"Famiglia - Kresspichl - Hofk\u00e4serei Hofladen Ferienwohnung","isPartOf":{"@id":"https:\/\/www.kresspichl.com\/#website"},"datePublished":"2018-09-30T06:54:53+00:00","dateModified":"2018-10-24T19:12:44+00:00","breadcrumb":{"@id":"https:\/\/www.kresspichl.com\/it\/famiglia-2\/#breadcrumb"},"inLanguage":"it-IT","potentialAction":[{"@type":"ReadAction","target":["https:\/\/www.kresspichl.com\/it\/famiglia-2\/"]}]},{"@type":"BreadcrumbList","@id":"https:\/\/www.kresspichl.com\/it\/famiglia-2\/#breadcrumb","itemListElement":[{"@type":"ListItem","position":1,"name":"Startseite","item":"https:\/\/www.kresspichl.com\/it\/"},{"@type":"ListItem","position":2,"name":"Famiglia"}]},{"@type":"WebSite","@id":"https:\/\/www.kresspichl.com\/#website","url":"https:\/\/www.kresspichl.com\/","name":"Kresspichl - Hofk\u00e4serei Hofladen Ferienwohnung","description":"B\u00e4uerliche Produkte aus dem Passeiertal (S\u00fcdtirol) Ferienwonungen","publisher":{"@id":"https:\/\/www.kresspichl.com\/#organization"},"potentialAction":[{"@type":"SearchAction","target":{"@type":"EntryPoint","urlTemplate":"https:\/\/www.kresspichl.com\/?s={search_term_string}"},"query-input":{"@type":"PropertyValueSpecification","valueRequired":true,"valueName":"search_term_string"}}],"inLanguage":"it-IT"},{"@type":"Organization","@id":"https:\/\/www.kresspichl.com\/#organization","name":"Kresspichlguet","url":"https:\/\/www.kresspichl.com\/","logo":{"@type":"ImageObject","inLanguage":"it-IT","@id":"https:\/\/www.kresspichl.com\/#\/schema\/logo\/image\/","url":"https:\/\/www.kresspichl.com\/wordpress\/wp-content\/uploads\/2018\/09\/cropped-kresspichlguet-logo.jpg","contentUrl":"https:\/\/www.kresspichl.com\/wordpress\/wp-content\/uploads\/2018\/09\/cropped-kresspichlguet-logo.jpg","width":363,"height":59,"caption":"Kresspichlguet"},"image":{"@id":"https:\/\/www.kresspichl.com\/#\/schema\/logo\/image\/"}}]}},"_links":{"self":[{"href":"https:\/\/www.kresspichl.com\/it\/wp-json\/wp\/v2\/pages\/2469","targetHints":{"allow":["GET"]}}],"collection":[{"href":"https:\/\/www.kresspichl.com\/it\/wp-json\/wp\/v2\/pages"}],"about":[{"href":"https:\/\/www.kresspichl.com\/it\/wp-json\/wp\/v2\/types\/page"}],"author":[{"embeddable":true,"href":"https:\/\/www.kresspichl.com\/it\/wp-json\/wp\/v2\/users\/6"}],"replies":[{"embeddable":true,"href":"https:\/\/www.kresspichl.com\/it\/wp-json\/wp\/v2\/comments?post=2469"}],"version-history":[{"count":3,"href":"https:\/\/www.kresspichl.com\/it\/wp-json\/wp\/v2\/pages\/2469\/revisions"}],"predecessor-version":[{"id":3452,"href":"https:\/\/www.kresspichl.com\/it\/wp-json\/wp\/v2\/pages\/2469\/revisions\/3452"}],"wp:attachment":[{"href":"https:\/\/www.kresspichl.com\/it\/wp-json\/wp\/v2\/media?parent=2469"}],"curies":[{"name":"wp","href":"https:\/\/api.w.org\/{rel}","templated":true}]}}