{"id":2423,"date":"2018-09-29T13:05:44","date_gmt":"2018-09-29T11:05:44","guid":{"rendered":"http:\/\/102004.web.zcom.it\/wordpress\/?page_id=2423"},"modified":"2024-05-17T16:53:34","modified_gmt":"2024-05-17T14:53:34","slug":"2423-2","status":"publish","type":"page","link":"https:\/\/www.kresspichl.com\/it\/2423-2\/","title":{"rendered":"Bouldering Bergkristall"},"content":{"rendered":"<div id='gallery-1' class='gallery galleryid-2423 gallery-columns-3 gallery-size-medium'><figure class='gallery-item'>\n\t\t\t<div class='gallery-icon portrait'>\n\t\t\t\t<a href='https:\/\/www.kresspichl.com\/wordpress\/wp-content\/uploads\/2018\/09\/QRDR3760.jpg' data-lightbox=\"gal[2423]\"><img loading=\"lazy\" decoding=\"async\" width=\"200\" height=\"300\" src=\"https:\/\/www.kresspichl.com\/wordpress\/wp-content\/uploads\/2018\/09\/QRDR3760-200x300.jpg\" class=\"attachment-medium size-medium\" alt=\"\" srcset=\"https:\/\/www.kresspichl.com\/wordpress\/wp-content\/uploads\/2018\/09\/QRDR3760-200x300.jpg 200w, https:\/\/www.kresspichl.com\/wordpress\/wp-content\/uploads\/2018\/09\/QRDR3760-768x1152.jpg 768w, https:\/\/www.kresspichl.com\/wordpress\/wp-content\/uploads\/2018\/09\/QRDR3760.jpg 683w, https:\/\/www.kresspichl.com\/wordpress\/wp-content\/uploads\/2018\/09\/QRDR3760-750x1125.jpg 750w, https:\/\/www.kresspichl.com\/wordpress\/wp-content\/uploads\/2018\/09\/QRDR3760-555x833.jpg 555w\" sizes=\"auto, (max-width: 200px) 100vw, 200px\" \/><\/a>\n\t\t\t<\/div><\/figure><figure class='gallery-item'>\n\t\t\t<div class='gallery-icon portrait'>\n\t\t\t\t<a href='https:\/\/www.kresspichl.com\/wordpress\/wp-content\/uploads\/2018\/09\/VMUT7141.jpg' data-lightbox=\"gal[2423]\"><img loading=\"lazy\" decoding=\"async\" width=\"200\" height=\"300\" src=\"https:\/\/www.kresspichl.com\/wordpress\/wp-content\/uploads\/2018\/09\/VMUT7141-200x300.jpg\" class=\"attachment-medium size-medium\" alt=\"\" srcset=\"https:\/\/www.kresspichl.com\/wordpress\/wp-content\/uploads\/2018\/09\/VMUT7141-200x300.jpg 200w, https:\/\/www.kresspichl.com\/wordpress\/wp-content\/uploads\/2018\/09\/VMUT7141-768x1152.jpg 768w, https:\/\/www.kresspichl.com\/wordpress\/wp-content\/uploads\/2018\/09\/VMUT7141.jpg 683w, https:\/\/www.kresspichl.com\/wordpress\/wp-content\/uploads\/2018\/09\/VMUT7141-750x1125.jpg 750w, https:\/\/www.kresspichl.com\/wordpress\/wp-content\/uploads\/2018\/09\/VMUT7141-555x832.jpg 555w\" sizes=\"auto, (max-width: 200px) 100vw, 200px\" \/><\/a>\n\t\t\t<\/div><\/figure><figure class='gallery-item'>\n\t\t\t<div class='gallery-icon landscape'>\n\t\t\t\t<a href='https:\/\/www.kresspichl.com\/wordpress\/wp-content\/uploads\/2018\/09\/MRLU1896.jpg' data-lightbox=\"gal[2423]\"><img loading=\"lazy\" decoding=\"async\" width=\"300\" height=\"200\" src=\"https:\/\/www.kresspichl.com\/wordpress\/wp-content\/uploads\/2018\/09\/MRLU1896-300x200.jpg\" class=\"attachment-medium size-medium\" alt=\"\" srcset=\"https:\/\/www.kresspichl.com\/wordpress\/wp-content\/uploads\/2018\/09\/MRLU1896-300x200.jpg 300w, https:\/\/www.kresspichl.com\/wordpress\/wp-content\/uploads\/2018\/09\/MRLU1896-768x512.jpg 768w, https:\/\/www.kresspichl.com\/wordpress\/wp-content\/uploads\/2018\/09\/MRLU1896-1024x683.jpg 1024w, https:\/\/www.kresspichl.com\/wordpress\/wp-content\/uploads\/2018\/09\/MRLU1896-750x500.jpg 750w, https:\/\/www.kresspichl.com\/wordpress\/wp-content\/uploads\/2018\/09\/MRLU1896-555x370.jpg 555w, https:\/\/www.kresspichl.com\/wordpress\/wp-content\/uploads\/2018\/09\/MRLU1896.jpg 1536w\" sizes=\"auto, (max-width: 300px) 100vw, 300px\" \/><\/a>\n\t\t\t<\/div><\/figure>\n\t\t<\/div>\n\n<h1 class=\"font-special color-box__hl slide__title\">Bouldering Bergkristall<\/h1>\n<p>L&#8217; area boulder Bergkristall \u00e9 una area nuova ed \u00e9 suddivisa in 4 settori poco distanti l`uno dall`altro. Il potenziale \u00e9 ancora molto grande e gli apritori continuano a scoprire e pulire nuovi blocchi. L&#8217;area boulder \u00e8 sopratutto adatto per i mesi d&#8217; estate, ed \u00e9 un bel posto per passare una giornata con la famiglia. La roccia \u00e8 super-compatta e offre passaggi molto vari su spigoli, traverse, strapiombi e highballs.<\/p>\n<p>Tutti settori con nomi tipici della zona: <strong>Aufw\u00e4rmen, Gasthaus, Voltmar<\/strong> e <strong>Sektor Taafe <\/strong>sono distanti 5-10 min dall agriturismo Kresspichl.<\/p>\n<p><strong>Settore Aufw\u00e4rmen<\/strong>: Attraversare la strada e andare verso i blocchi ben visibili. Per raggiungere il blocco numero 10 scendere lungo la pista da slittino per circa 150 mt finch\u00e9 si vede il blocco al disotto del sentiero.<strong>Settore Voltmar:<\/strong> Dal parcheggio seguire la forestale verso la malga &#8220;Valtmar&#8221; al secondo tornante (tornante a destra) proseguire diretti nel bosco seguendo un sentiero ben visibile che porta ai blocchi. <strong>Settore Taafe: <\/strong>Il parcheggio si trova direttamente al lato del boulder. <strong>Settore Gasthaus: <\/strong>Presso la strada vicino al parcheggio &#8220;Bergkristall&#8221; incomincia un sentiero che porta ai blocci<\/p>\n<p>&nbsp;<\/p>\n<p>&nbsp;<\/p>\n","protected":false},"excerpt":{"rendered":"<p>Bouldering Bergkristall L&#8217; area boulder Bergkristall \u00e9 una area nuova ed \u00e9 suddivisa in 4 settori poco distanti l`uno dall`altro. Il potenziale \u00e9 ancora molto grande e gli apritori continuano a scoprire e pulire nuovi blocchi. L&#8217;area boulder \u00e8 sopratutto adatto per i mesi d&#8217; estate, ed \u00e9 un bel posto per passare una giornata [&hellip;]<\/p>\n","protected":false},"author":6,"featured_media":0,"parent":0,"menu_order":0,"comment_status":"closed","ping_status":"closed","template":"","meta":{"footnotes":""},"class_list":["post-2423","page","type-page","status-publish","hentry"],"yoast_head":"<!-- This site is optimized with the Yoast SEO plugin v24.0 - https:\/\/yoast.com\/wordpress\/plugins\/seo\/ -->\n<title>Bouldering Bergkristall - Kresspichl - Hofk\u00e4serei Hofladen Ferienwohnung<\/title>\n<meta name=\"robots\" content=\"index, follow, max-snippet:-1, max-image-preview:large, max-video-preview:-1\" \/>\n<link rel=\"canonical\" href=\"https:\/\/www.kresspichl.com\/it\/2423-2\/\" \/>\n<meta property=\"og:locale\" content=\"it_IT\" \/>\n<meta property=\"og:type\" content=\"article\" \/>\n<meta property=\"og:title\" content=\"Bouldering Bergkristall - Kresspichl - Hofk\u00e4serei Hofladen Ferienwohnung\" \/>\n<meta property=\"og:description\" content=\"Bouldering Bergkristall L&#8217; area boulder Bergkristall \u00e9 una area nuova ed \u00e9 suddivisa in 4 settori poco distanti l`uno dall`altro. Il potenziale \u00e9 ancora molto grande e gli apritori continuano a scoprire e pulire nuovi blocchi. L&#8217;area boulder \u00e8 sopratutto adatto per i mesi d&#8217; estate, ed \u00e9 un bel posto per passare una giornata [&hellip;]\" \/>\n<meta property=\"og:url\" content=\"https:\/\/www.kresspichl.com\/it\/2423-2\/\" \/>\n<meta property=\"og:site_name\" content=\"Kresspichl - Hofk\u00e4serei Hofladen Ferienwohnung\" \/>\n<meta property=\"article:modified_time\" content=\"2024-05-17T14:53:34+00:00\" \/>\n<meta property=\"og:image\" content=\"https:\/\/www.kresspichl.com\/wordpress\/wp-content\/uploads\/2018\/09\/QRDR3760-200x300.jpg\" \/>\n<meta name=\"twitter:card\" content=\"summary_large_image\" \/>\n<meta name=\"twitter:label1\" content=\"Tempo di lettura stimato\" \/>\n\t<meta name=\"twitter:data1\" content=\"2 minuti\" \/>\n<script type=\"application\/ld+json\" class=\"yoast-schema-graph\">{\"@context\":\"https:\/\/schema.org\",\"@graph\":[{\"@type\":\"WebPage\",\"@id\":\"https:\/\/www.kresspichl.com\/it\/2423-2\/\",\"url\":\"https:\/\/www.kresspichl.com\/it\/2423-2\/\",\"name\":\"Bouldering Bergkristall - Kresspichl - Hofk\u00e4serei Hofladen Ferienwohnung\",\"isPartOf\":{\"@id\":\"https:\/\/www.kresspichl.com\/#website\"},\"datePublished\":\"2018-09-29T11:05:44+00:00\",\"dateModified\":\"2024-05-17T14:53:34+00:00\",\"breadcrumb\":{\"@id\":\"https:\/\/www.kresspichl.com\/it\/2423-2\/#breadcrumb\"},\"inLanguage\":\"it-IT\",\"potentialAction\":[{\"@type\":\"ReadAction\",\"target\":[\"https:\/\/www.kresspichl.com\/it\/2423-2\/\"]}]},{\"@type\":\"BreadcrumbList\",\"@id\":\"https:\/\/www.kresspichl.com\/it\/2423-2\/#breadcrumb\",\"itemListElement\":[{\"@type\":\"ListItem\",\"position\":1,\"name\":\"Startseite\",\"item\":\"https:\/\/www.kresspichl.com\/it\/\"},{\"@type\":\"ListItem\",\"position\":2,\"name\":\"Bouldering Bergkristall\"}]},{\"@type\":\"WebSite\",\"@id\":\"https:\/\/www.kresspichl.com\/#website\",\"url\":\"https:\/\/www.kresspichl.com\/\",\"name\":\"Kresspichl - Hofk\u00e4serei Hofladen Ferienwohnung\",\"description\":\"B\u00e4uerliche Produkte aus dem Passeiertal (S\u00fcdtirol) Ferienwonungen\",\"publisher\":{\"@id\":\"https:\/\/www.kresspichl.com\/#organization\"},\"potentialAction\":[{\"@type\":\"SearchAction\",\"target\":{\"@type\":\"EntryPoint\",\"urlTemplate\":\"https:\/\/www.kresspichl.com\/?s={search_term_string}\"},\"query-input\":{\"@type\":\"PropertyValueSpecification\",\"valueRequired\":true,\"valueName\":\"search_term_string\"}}],\"inLanguage\":\"it-IT\"},{\"@type\":\"Organization\",\"@id\":\"https:\/\/www.kresspichl.com\/#organization\",\"name\":\"Kresspichlguet\",\"url\":\"https:\/\/www.kresspichl.com\/\",\"logo\":{\"@type\":\"ImageObject\",\"inLanguage\":\"it-IT\",\"@id\":\"https:\/\/www.kresspichl.com\/#\/schema\/logo\/image\/\",\"url\":\"https:\/\/www.kresspichl.com\/wordpress\/wp-content\/uploads\/2018\/09\/cropped-kresspichlguet-logo.jpg\",\"contentUrl\":\"https:\/\/www.kresspichl.com\/wordpress\/wp-content\/uploads\/2018\/09\/cropped-kresspichlguet-logo.jpg\",\"width\":363,\"height\":59,\"caption\":\"Kresspichlguet\"},\"image\":{\"@id\":\"https:\/\/www.kresspichl.com\/#\/schema\/logo\/image\/\"}}]}<\/script>\n<!-- \/ Yoast SEO plugin. -->","yoast_head_json":{"title":"Bouldering Bergkristall - Kresspichl - Hofk\u00e4serei Hofladen Ferienwohnung","robots":{"index":"index","follow":"follow","max-snippet":"max-snippet:-1","max-image-preview":"max-image-preview:large","max-video-preview":"max-video-preview:-1"},"canonical":"https:\/\/www.kresspichl.com\/it\/2423-2\/","og_locale":"it_IT","og_type":"article","og_title":"Bouldering Bergkristall - Kresspichl - Hofk\u00e4serei Hofladen Ferienwohnung","og_description":"Bouldering Bergkristall L&#8217; area boulder Bergkristall \u00e9 una area nuova ed \u00e9 suddivisa in 4 settori poco distanti l`uno dall`altro. Il potenziale \u00e9 ancora molto grande e gli apritori continuano a scoprire e pulire nuovi blocchi. L&#8217;area boulder \u00e8 sopratutto adatto per i mesi d&#8217; estate, ed \u00e9 un bel posto per passare una giornata [&hellip;]","og_url":"https:\/\/www.kresspichl.com\/it\/2423-2\/","og_site_name":"Kresspichl - Hofk\u00e4serei Hofladen Ferienwohnung","article_modified_time":"2024-05-17T14:53:34+00:00","og_image":[{"url":"https:\/\/www.kresspichl.com\/wordpress\/wp-content\/uploads\/2018\/09\/QRDR3760-200x300.jpg","type":"","width":"","height":""}],"twitter_card":"summary_large_image","twitter_misc":{"Tempo di lettura stimato":"2 minuti"},"schema":{"@context":"https:\/\/schema.org","@graph":[{"@type":"WebPage","@id":"https:\/\/www.kresspichl.com\/it\/2423-2\/","url":"https:\/\/www.kresspichl.com\/it\/2423-2\/","name":"Bouldering Bergkristall - Kresspichl - Hofk\u00e4serei Hofladen Ferienwohnung","isPartOf":{"@id":"https:\/\/www.kresspichl.com\/#website"},"datePublished":"2018-09-29T11:05:44+00:00","dateModified":"2024-05-17T14:53:34+00:00","breadcrumb":{"@id":"https:\/\/www.kresspichl.com\/it\/2423-2\/#breadcrumb"},"inLanguage":"it-IT","potentialAction":[{"@type":"ReadAction","target":["https:\/\/www.kresspichl.com\/it\/2423-2\/"]}]},{"@type":"BreadcrumbList","@id":"https:\/\/www.kresspichl.com\/it\/2423-2\/#breadcrumb","itemListElement":[{"@type":"ListItem","position":1,"name":"Startseite","item":"https:\/\/www.kresspichl.com\/it\/"},{"@type":"ListItem","position":2,"name":"Bouldering Bergkristall"}]},{"@type":"WebSite","@id":"https:\/\/www.kresspichl.com\/#website","url":"https:\/\/www.kresspichl.com\/","name":"Kresspichl - Hofk\u00e4serei Hofladen Ferienwohnung","description":"B\u00e4uerliche Produkte aus dem Passeiertal (S\u00fcdtirol) Ferienwonungen","publisher":{"@id":"https:\/\/www.kresspichl.com\/#organization"},"potentialAction":[{"@type":"SearchAction","target":{"@type":"EntryPoint","urlTemplate":"https:\/\/www.kresspichl.com\/?s={search_term_string}"},"query-input":{"@type":"PropertyValueSpecification","valueRequired":true,"valueName":"search_term_string"}}],"inLanguage":"it-IT"},{"@type":"Organization","@id":"https:\/\/www.kresspichl.com\/#organization","name":"Kresspichlguet","url":"https:\/\/www.kresspichl.com\/","logo":{"@type":"ImageObject","inLanguage":"it-IT","@id":"https:\/\/www.kresspichl.com\/#\/schema\/logo\/image\/","url":"https:\/\/www.kresspichl.com\/wordpress\/wp-content\/uploads\/2018\/09\/cropped-kresspichlguet-logo.jpg","contentUrl":"https:\/\/www.kresspichl.com\/wordpress\/wp-content\/uploads\/2018\/09\/cropped-kresspichlguet-logo.jpg","width":363,"height":59,"caption":"Kresspichlguet"},"image":{"@id":"https:\/\/www.kresspichl.com\/#\/schema\/logo\/image\/"}}]}},"_links":{"self":[{"href":"https:\/\/www.kresspichl.com\/it\/wp-json\/wp\/v2\/pages\/2423","targetHints":{"allow":["GET"]}}],"collection":[{"href":"https:\/\/www.kresspichl.com\/it\/wp-json\/wp\/v2\/pages"}],"about":[{"href":"https:\/\/www.kresspichl.com\/it\/wp-json\/wp\/v2\/types\/page"}],"author":[{"embeddable":true,"href":"https:\/\/www.kresspichl.com\/it\/wp-json\/wp\/v2\/users\/6"}],"replies":[{"embeddable":true,"href":"https:\/\/www.kresspichl.com\/it\/wp-json\/wp\/v2\/comments?post=2423"}],"version-history":[{"count":7,"href":"https:\/\/www.kresspichl.com\/it\/wp-json\/wp\/v2\/pages\/2423\/revisions"}],"predecessor-version":[{"id":3240,"href":"https:\/\/www.kresspichl.com\/it\/wp-json\/wp\/v2\/pages\/2423\/revisions\/3240"}],"wp:attachment":[{"href":"https:\/\/www.kresspichl.com\/it\/wp-json\/wp\/v2\/media?parent=2423"}],"curies":[{"name":"wp","href":"https:\/\/api.w.org\/{rel}","templated":true}]}}