{"id":2340,"date":"2018-09-28T14:51:38","date_gmt":"2018-09-28T12:51:38","guid":{"rendered":"http:\/\/102004.web.zcom.it\/wordpress\/?page_id=2340"},"modified":"2024-05-17T17:01:18","modified_gmt":"2024-05-17T15:01:18","slug":"osteria","status":"publish","type":"page","link":"https:\/\/www.kresspichl.com\/it\/osteria\/","title":{"rendered":"Osteria"},"content":{"rendered":"<h1>Osteria \u2013 la nostra cucina<\/h1>\n<p>&nbsp;<\/p>\n<p><img loading=\"lazy\" decoding=\"async\" class=\"alignnone size-medium wp-image-2276\" src=\"https:\/\/www.kresspichl.com\/wordpress\/wp-content\/uploads\/2018\/09\/IMG_4497-300x300.jpg\" alt=\"\" width=\"300\" height=\"300\" \/> <img loading=\"lazy\" decoding=\"async\" class=\"alignnone wp-image-2273 size-medium\" src=\"https:\/\/www.kresspichl.com\/wordpress\/wp-content\/uploads\/2018\/09\/IMG_4498-300x300.jpg\" alt=\"\" width=\"300\" height=\"300\" \/> <img loading=\"lazy\" decoding=\"async\" class=\"alignnone wp-image-2035 size-medium\" src=\"https:\/\/www.kresspichl.com\/wordpress\/wp-content\/uploads\/2018\/09\/Super-096-300x225.jpg\" alt=\"\" width=\"300\" height=\"225\" \/> <img loading=\"lazy\" decoding=\"async\" class=\"alignnone size-medium wp-image-2004\" src=\"https:\/\/www.kresspichl.com\/wordpress\/wp-content\/uploads\/2018\/09\/p1000138-300x225.jpg\" alt=\"\" width=\"300\" height=\"225\" srcset=\"https:\/\/www.kresspichl.com\/wordpress\/wp-content\/uploads\/2018\/09\/p1000138-300x225.jpg 300w, https:\/\/www.kresspichl.com\/wordpress\/wp-content\/uploads\/2018\/09\/p1000138-768x576.jpg 768w, https:\/\/www.kresspichl.com\/wordpress\/wp-content\/uploads\/2018\/09\/p1000138-1024x768.jpg 1024w, https:\/\/www.kresspichl.com\/wordpress\/wp-content\/uploads\/2018\/09\/p1000138-750x563.jpg 750w, https:\/\/www.kresspichl.com\/wordpress\/wp-content\/uploads\/2018\/09\/p1000138-555x416.jpg 555w\" sizes=\"auto, (max-width: 300px) 100vw, 300px\" \/> <img loading=\"lazy\" decoding=\"async\" class=\"alignnone size-medium wp-image-1978\" src=\"https:\/\/www.kresspichl.com\/wordpress\/wp-content\/uploads\/2018\/09\/Bilder-15.11.2008-122-300x225.jpg\" alt=\"\" width=\"300\" height=\"225\" srcset=\"https:\/\/www.kresspichl.com\/wordpress\/wp-content\/uploads\/2018\/09\/Bilder-15.11.2008-122-300x225.jpg 300w, https:\/\/www.kresspichl.com\/wordpress\/wp-content\/uploads\/2018\/09\/Bilder-15.11.2008-122-768x576.jpg 768w, https:\/\/www.kresspichl.com\/wordpress\/wp-content\/uploads\/2018\/09\/Bilder-15.11.2008-122-1024x768.jpg 1024w, https:\/\/www.kresspichl.com\/wordpress\/wp-content\/uploads\/2018\/09\/Bilder-15.11.2008-122-750x563.jpg 750w, https:\/\/www.kresspichl.com\/wordpress\/wp-content\/uploads\/2018\/09\/Bilder-15.11.2008-122-555x416.jpg 555w\" sizes=\"auto, (max-width: 300px) 100vw, 300px\" \/> <img loading=\"lazy\" decoding=\"async\" class=\"alignnone size-medium wp-image-1771\" src=\"https:\/\/www.kresspichl.com\/wordpress\/wp-content\/uploads\/2018\/09\/p1000140-300x225.jpg\" alt=\"\" width=\"300\" height=\"225\" srcset=\"https:\/\/www.kresspichl.com\/wordpress\/wp-content\/uploads\/2018\/09\/p1000140-300x225.jpg 300w, https:\/\/www.kresspichl.com\/wordpress\/wp-content\/uploads\/2018\/09\/p1000140-768x576.jpg 768w, https:\/\/www.kresspichl.com\/wordpress\/wp-content\/uploads\/2018\/09\/p1000140-1024x768.jpg 1024w, https:\/\/www.kresspichl.com\/wordpress\/wp-content\/uploads\/2018\/09\/p1000140-750x563.jpg 750w, https:\/\/www.kresspichl.com\/wordpress\/wp-content\/uploads\/2018\/09\/p1000140-555x416.jpg 555w\" sizes=\"auto, (max-width: 300px) 100vw, 300px\" \/><\/p>\n<p>Desideriamo trasformare il soggiorno presso il caseificio Kresspichl in Val Passiria (Alto Adige) in un\u2019esperienza unica e indimenticabile anche per il palato. Offriamo ai nostri clienti autentica ospitalit\u00e0 altoatesina e specialit\u00e0 gastronomiche raffinate.<\/p>\n<p>Desiderate organizzare una festa particolare? Un battesimo, un compleanno oppure festeggiare una qualunque ricorrenza? In osteria possiamo ospitare fino a 30 persone. Volentieri prepariamo menu personalizzati, sempre a base di prodotti genuini e locali \u2013 per una festa veramente indimenticabile! Per la preparazione dei nostri piatti prediligiamo sempre ingredienti freschi di stagione. Arrosto di capriolo in primavera, porcini e finferli in estate, arrosto di camoscio oppure cervo in inverno \u2013 l\u2019offerta \u00e8 succulenta e allietante!<\/p>\n<p>Contattateci per ulteriori informazioni!<\/p>\n","protected":false},"excerpt":{"rendered":"<p>Osteria \u2013 la nostra cucina &nbsp; Desideriamo trasformare il soggiorno presso il caseificio Kresspichl in Val Passiria (Alto Adige) in un\u2019esperienza unica e indimenticabile anche per il palato. Offriamo ai nostri clienti autentica ospitalit\u00e0 altoatesina e specialit\u00e0 gastronomiche raffinate. Desiderate organizzare una festa particolare? Un battesimo, un compleanno oppure festeggiare una qualunque ricorrenza? In osteria [&hellip;]<\/p>\n","protected":false},"author":6,"featured_media":1626,"parent":0,"menu_order":5,"comment_status":"closed","ping_status":"closed","template":"","meta":{"footnotes":""},"class_list":["post-2340","page","type-page","status-publish","has-post-thumbnail","hentry"],"yoast_head":"<!-- This site is optimized with the Yoast SEO plugin v24.0 - https:\/\/yoast.com\/wordpress\/plugins\/seo\/ -->\n<title>Osteria - Kresspichl - Hofk\u00e4serei Hofladen Ferienwohnung<\/title>\n<meta name=\"robots\" content=\"index, follow, max-snippet:-1, max-image-preview:large, max-video-preview:-1\" \/>\n<link rel=\"canonical\" href=\"https:\/\/www.kresspichl.com\/it\/osteria\/\" \/>\n<meta property=\"og:locale\" content=\"it_IT\" \/>\n<meta property=\"og:type\" content=\"article\" \/>\n<meta property=\"og:title\" content=\"Osteria - Kresspichl - Hofk\u00e4serei Hofladen Ferienwohnung\" \/>\n<meta property=\"og:description\" content=\"Osteria \u2013 la nostra cucina &nbsp; Desideriamo trasformare il soggiorno presso il caseificio Kresspichl in Val Passiria (Alto Adige) in un\u2019esperienza unica e indimenticabile anche per il palato. Offriamo ai nostri clienti autentica ospitalit\u00e0 altoatesina e specialit\u00e0 gastronomiche raffinate. Desiderate organizzare una festa particolare? Un battesimo, un compleanno oppure festeggiare una qualunque ricorrenza? In osteria [&hellip;]\" \/>\n<meta property=\"og:url\" content=\"https:\/\/www.kresspichl.com\/it\/osteria\/\" \/>\n<meta property=\"og:site_name\" content=\"Kresspichl - Hofk\u00e4serei Hofladen Ferienwohnung\" \/>\n<meta property=\"article:modified_time\" content=\"2024-05-17T15:01:18+00:00\" \/>\n<meta property=\"og:image\" content=\"https:\/\/www.kresspichl.com\/wordpress\/wp-content\/uploads\/2018\/09\/hofschenke_10.jpg\" \/>\n\t<meta property=\"og:image:width\" content=\"1000\" \/>\n\t<meta property=\"og:image:height\" content=\"464\" \/>\n\t<meta property=\"og:image:type\" content=\"image\/jpeg\" \/>\n<meta name=\"twitter:card\" content=\"summary_large_image\" \/>\n<meta name=\"twitter:label1\" content=\"Tempo di lettura stimato\" \/>\n\t<meta name=\"twitter:data1\" content=\"3 minuti\" \/>\n<script type=\"application\/ld+json\" class=\"yoast-schema-graph\">{\"@context\":\"https:\/\/schema.org\",\"@graph\":[{\"@type\":\"WebPage\",\"@id\":\"https:\/\/www.kresspichl.com\/it\/osteria\/\",\"url\":\"https:\/\/www.kresspichl.com\/it\/osteria\/\",\"name\":\"Osteria - Kresspichl - Hofk\u00e4serei Hofladen Ferienwohnung\",\"isPartOf\":{\"@id\":\"https:\/\/www.kresspichl.com\/#website\"},\"primaryImageOfPage\":{\"@id\":\"https:\/\/www.kresspichl.com\/it\/osteria\/#primaryimage\"},\"image\":{\"@id\":\"https:\/\/www.kresspichl.com\/it\/osteria\/#primaryimage\"},\"thumbnailUrl\":\"https:\/\/www.kresspichl.com\/wordpress\/wp-content\/uploads\/2018\/09\/hofschenke_10.jpg\",\"datePublished\":\"2018-09-28T12:51:38+00:00\",\"dateModified\":\"2024-05-17T15:01:18+00:00\",\"breadcrumb\":{\"@id\":\"https:\/\/www.kresspichl.com\/it\/osteria\/#breadcrumb\"},\"inLanguage\":\"it-IT\",\"potentialAction\":[{\"@type\":\"ReadAction\",\"target\":[\"https:\/\/www.kresspichl.com\/it\/osteria\/\"]}]},{\"@type\":\"ImageObject\",\"inLanguage\":\"it-IT\",\"@id\":\"https:\/\/www.kresspichl.com\/it\/osteria\/#primaryimage\",\"url\":\"https:\/\/www.kresspichl.com\/wordpress\/wp-content\/uploads\/2018\/09\/hofschenke_10.jpg\",\"contentUrl\":\"https:\/\/www.kresspichl.com\/wordpress\/wp-content\/uploads\/2018\/09\/hofschenke_10.jpg\",\"width\":1000,\"height\":464},{\"@type\":\"BreadcrumbList\",\"@id\":\"https:\/\/www.kresspichl.com\/it\/osteria\/#breadcrumb\",\"itemListElement\":[{\"@type\":\"ListItem\",\"position\":1,\"name\":\"Startseite\",\"item\":\"https:\/\/www.kresspichl.com\/it\/\"},{\"@type\":\"ListItem\",\"position\":2,\"name\":\"Osteria\"}]},{\"@type\":\"WebSite\",\"@id\":\"https:\/\/www.kresspichl.com\/#website\",\"url\":\"https:\/\/www.kresspichl.com\/\",\"name\":\"Kresspichl - Hofk\u00e4serei Hofladen Ferienwohnung\",\"description\":\"B\u00e4uerliche Produkte aus dem Passeiertal (S\u00fcdtirol) Ferienwonungen\",\"publisher\":{\"@id\":\"https:\/\/www.kresspichl.com\/#organization\"},\"potentialAction\":[{\"@type\":\"SearchAction\",\"target\":{\"@type\":\"EntryPoint\",\"urlTemplate\":\"https:\/\/www.kresspichl.com\/?s={search_term_string}\"},\"query-input\":{\"@type\":\"PropertyValueSpecification\",\"valueRequired\":true,\"valueName\":\"search_term_string\"}}],\"inLanguage\":\"it-IT\"},{\"@type\":\"Organization\",\"@id\":\"https:\/\/www.kresspichl.com\/#organization\",\"name\":\"Kresspichlguet\",\"url\":\"https:\/\/www.kresspichl.com\/\",\"logo\":{\"@type\":\"ImageObject\",\"inLanguage\":\"it-IT\",\"@id\":\"https:\/\/www.kresspichl.com\/#\/schema\/logo\/image\/\",\"url\":\"https:\/\/www.kresspichl.com\/wordpress\/wp-content\/uploads\/2018\/09\/cropped-kresspichlguet-logo.jpg\",\"contentUrl\":\"https:\/\/www.kresspichl.com\/wordpress\/wp-content\/uploads\/2018\/09\/cropped-kresspichlguet-logo.jpg\",\"width\":363,\"height\":59,\"caption\":\"Kresspichlguet\"},\"image\":{\"@id\":\"https:\/\/www.kresspichl.com\/#\/schema\/logo\/image\/\"}}]}<\/script>\n<!-- \/ Yoast SEO plugin. -->","yoast_head_json":{"title":"Osteria - Kresspichl - Hofk\u00e4serei Hofladen Ferienwohnung","robots":{"index":"index","follow":"follow","max-snippet":"max-snippet:-1","max-image-preview":"max-image-preview:large","max-video-preview":"max-video-preview:-1"},"canonical":"https:\/\/www.kresspichl.com\/it\/osteria\/","og_locale":"it_IT","og_type":"article","og_title":"Osteria - Kresspichl - Hofk\u00e4serei Hofladen Ferienwohnung","og_description":"Osteria \u2013 la nostra cucina &nbsp; Desideriamo trasformare il soggiorno presso il caseificio Kresspichl in Val Passiria (Alto Adige) in un\u2019esperienza unica e indimenticabile anche per il palato. Offriamo ai nostri clienti autentica ospitalit\u00e0 altoatesina e specialit\u00e0 gastronomiche raffinate. Desiderate organizzare una festa particolare? Un battesimo, un compleanno oppure festeggiare una qualunque ricorrenza? In osteria [&hellip;]","og_url":"https:\/\/www.kresspichl.com\/it\/osteria\/","og_site_name":"Kresspichl - Hofk\u00e4serei Hofladen Ferienwohnung","article_modified_time":"2024-05-17T15:01:18+00:00","og_image":[{"width":1000,"height":464,"url":"https:\/\/www.kresspichl.com\/wordpress\/wp-content\/uploads\/2018\/09\/hofschenke_10.jpg","type":"image\/jpeg"}],"twitter_card":"summary_large_image","twitter_misc":{"Tempo di lettura stimato":"3 minuti"},"schema":{"@context":"https:\/\/schema.org","@graph":[{"@type":"WebPage","@id":"https:\/\/www.kresspichl.com\/it\/osteria\/","url":"https:\/\/www.kresspichl.com\/it\/osteria\/","name":"Osteria - Kresspichl - Hofk\u00e4serei Hofladen Ferienwohnung","isPartOf":{"@id":"https:\/\/www.kresspichl.com\/#website"},"primaryImageOfPage":{"@id":"https:\/\/www.kresspichl.com\/it\/osteria\/#primaryimage"},"image":{"@id":"https:\/\/www.kresspichl.com\/it\/osteria\/#primaryimage"},"thumbnailUrl":"https:\/\/www.kresspichl.com\/wordpress\/wp-content\/uploads\/2018\/09\/hofschenke_10.jpg","datePublished":"2018-09-28T12:51:38+00:00","dateModified":"2024-05-17T15:01:18+00:00","breadcrumb":{"@id":"https:\/\/www.kresspichl.com\/it\/osteria\/#breadcrumb"},"inLanguage":"it-IT","potentialAction":[{"@type":"ReadAction","target":["https:\/\/www.kresspichl.com\/it\/osteria\/"]}]},{"@type":"ImageObject","inLanguage":"it-IT","@id":"https:\/\/www.kresspichl.com\/it\/osteria\/#primaryimage","url":"https:\/\/www.kresspichl.com\/wordpress\/wp-content\/uploads\/2018\/09\/hofschenke_10.jpg","contentUrl":"https:\/\/www.kresspichl.com\/wordpress\/wp-content\/uploads\/2018\/09\/hofschenke_10.jpg","width":1000,"height":464},{"@type":"BreadcrumbList","@id":"https:\/\/www.kresspichl.com\/it\/osteria\/#breadcrumb","itemListElement":[{"@type":"ListItem","position":1,"name":"Startseite","item":"https:\/\/www.kresspichl.com\/it\/"},{"@type":"ListItem","position":2,"name":"Osteria"}]},{"@type":"WebSite","@id":"https:\/\/www.kresspichl.com\/#website","url":"https:\/\/www.kresspichl.com\/","name":"Kresspichl - Hofk\u00e4serei Hofladen Ferienwohnung","description":"B\u00e4uerliche Produkte aus dem Passeiertal (S\u00fcdtirol) Ferienwonungen","publisher":{"@id":"https:\/\/www.kresspichl.com\/#organization"},"potentialAction":[{"@type":"SearchAction","target":{"@type":"EntryPoint","urlTemplate":"https:\/\/www.kresspichl.com\/?s={search_term_string}"},"query-input":{"@type":"PropertyValueSpecification","valueRequired":true,"valueName":"search_term_string"}}],"inLanguage":"it-IT"},{"@type":"Organization","@id":"https:\/\/www.kresspichl.com\/#organization","name":"Kresspichlguet","url":"https:\/\/www.kresspichl.com\/","logo":{"@type":"ImageObject","inLanguage":"it-IT","@id":"https:\/\/www.kresspichl.com\/#\/schema\/logo\/image\/","url":"https:\/\/www.kresspichl.com\/wordpress\/wp-content\/uploads\/2018\/09\/cropped-kresspichlguet-logo.jpg","contentUrl":"https:\/\/www.kresspichl.com\/wordpress\/wp-content\/uploads\/2018\/09\/cropped-kresspichlguet-logo.jpg","width":363,"height":59,"caption":"Kresspichlguet"},"image":{"@id":"https:\/\/www.kresspichl.com\/#\/schema\/logo\/image\/"}}]}},"_links":{"self":[{"href":"https:\/\/www.kresspichl.com\/it\/wp-json\/wp\/v2\/pages\/2340","targetHints":{"allow":["GET"]}}],"collection":[{"href":"https:\/\/www.kresspichl.com\/it\/wp-json\/wp\/v2\/pages"}],"about":[{"href":"https:\/\/www.kresspichl.com\/it\/wp-json\/wp\/v2\/types\/page"}],"author":[{"embeddable":true,"href":"https:\/\/www.kresspichl.com\/it\/wp-json\/wp\/v2\/users\/6"}],"replies":[{"embeddable":true,"href":"https:\/\/www.kresspichl.com\/it\/wp-json\/wp\/v2\/comments?post=2340"}],"version-history":[{"count":3,"href":"https:\/\/www.kresspichl.com\/it\/wp-json\/wp\/v2\/pages\/2340\/revisions"}],"predecessor-version":[{"id":2344,"href":"https:\/\/www.kresspichl.com\/it\/wp-json\/wp\/v2\/pages\/2340\/revisions\/2344"}],"wp:featuredmedia":[{"embeddable":true,"href":"https:\/\/www.kresspichl.com\/it\/wp-json\/wp\/v2\/media\/1626"}],"wp:attachment":[{"href":"https:\/\/www.kresspichl.com\/it\/wp-json\/wp\/v2\/media?parent=2340"}],"curies":[{"name":"wp","href":"https:\/\/api.w.org\/{rel}","templated":true}]}}