{"id":1126,"date":"2016-11-12T16:24:35","date_gmt":"2016-11-12T16:24:35","guid":{"rendered":"http:\/\/102004.web.zcom.it\/wordpress\/kontakt\/"},"modified":"2024-05-17T10:52:50","modified_gmt":"2024-05-17T08:52:50","slug":"contatto","status":"publish","type":"page","link":"https:\/\/www.kresspichl.com\/it\/contatto\/","title":{"rendered":"Contatto"},"content":{"rendered":"<table>\n<tbody>\n<tr>\n<td>\n<h2>Telefono<\/h2>\n<p>+39 339 520 4293 Julia<br \/>\n+39 3471664015 Franz<\/td>\n<td>\n<h2>E-Mail<\/h2>\n<p><span id=\"cloakf4b4e71f4ca696ff8a92ab7d96bc3861\"><a href=\"mailto:info@moarhof-bz.it\">info@kresspichl.com<\/a><\/span><\/p>\n<p>www.kresspichl.com<\/td>\n<td>\n<h2>Indirizzo<\/h2>\n<div class=\"entry-content-intro\">\n<p>Agriturismo Kresspichlguat<br \/>\nFamiglia Gufler \u2013 Via Plan 1 &#8211;<\/p>\n<p>I-39013 Moso in Passiria<\/p>\n<\/div>\n<\/td>\n<\/tr>\n<\/tbody>\n<\/table>\n<h2>Arrivo<\/h2>\n<p>La vacanza inizia molto prima del giorno d\u2019arrivo.<\/p>\n<p>I parcheggi si trovano davanti alla casa.<\/p>\n<h2>Informazioni importanti per l\u2018inverno<\/h2>\n<p>Il maso si trova in montagna ed in inverno pu\u00f2 essere abbastanza freddo. Vi consigliamo di preparare la macchina a dovere! Montate le gomme invernali, controllate l\u2019antigelo (acqua) e la benzina. Le strade principali sono quasi sempre sgombre, ma sulle strade secondarie potete aver bisogno delle catene da neve.<\/p>\n<p>Buon viaggio!<\/p>\n<p><em>Famiglia Gufler-G\u00f6gele<\/em><\/p>\n","protected":false},"excerpt":{"rendered":"<p>Telefono +39 339 520 4293 Julia +39 3471664015 Franz E-Mail info@kresspichl.com www.kresspichl.com Indirizzo Agriturismo Kresspichlguat Famiglia Gufler \u2013 Via Plan 1 &#8211; I-39013 Moso in Passiria Arrivo La vacanza inizia molto prima del giorno d\u2019arrivo. I parcheggi si trovano davanti alla casa. Informazioni importanti per l\u2018inverno Il maso si trova in montagna ed in inverno [&hellip;]<\/p>\n","protected":false},"author":1,"featured_media":0,"parent":0,"menu_order":7,"comment_status":"closed","ping_status":"closed","template":"","meta":{"footnotes":""},"class_list":["post-1126","page","type-page","status-publish","hentry"],"yoast_head":"<!-- This site is optimized with the Yoast SEO plugin v24.0 - https:\/\/yoast.com\/wordpress\/plugins\/seo\/ -->\n<title>Contatto - Kresspichl - Hofk\u00e4serei Hofladen Ferienwohnung<\/title>\n<meta name=\"robots\" content=\"index, follow, max-snippet:-1, max-image-preview:large, max-video-preview:-1\" \/>\n<link rel=\"canonical\" href=\"https:\/\/www.kresspichl.com\/it\/contatto\/\" \/>\n<meta property=\"og:locale\" content=\"it_IT\" \/>\n<meta property=\"og:type\" content=\"article\" \/>\n<meta property=\"og:title\" content=\"Contatto - Kresspichl - Hofk\u00e4serei Hofladen Ferienwohnung\" \/>\n<meta property=\"og:description\" content=\"Telefono +39 339 520 4293 Julia +39 3471664015 Franz E-Mail info@kresspichl.com www.kresspichl.com Indirizzo Agriturismo Kresspichlguat Famiglia Gufler \u2013 Via Plan 1 &#8211; I-39013 Moso in Passiria Arrivo La vacanza inizia molto prima del giorno d\u2019arrivo. I parcheggi si trovano davanti alla casa. Informazioni importanti per l\u2018inverno Il maso si trova in montagna ed in inverno [&hellip;]\" \/>\n<meta property=\"og:url\" content=\"https:\/\/www.kresspichl.com\/it\/contatto\/\" \/>\n<meta property=\"og:site_name\" content=\"Kresspichl - Hofk\u00e4serei Hofladen Ferienwohnung\" \/>\n<meta property=\"article:modified_time\" content=\"2024-05-17T08:52:50+00:00\" \/>\n<meta name=\"twitter:card\" content=\"summary_large_image\" \/>\n<meta name=\"twitter:label1\" content=\"Tempo di lettura stimato\" \/>\n\t<meta name=\"twitter:data1\" content=\"1 minuto\" \/>\n<script type=\"application\/ld+json\" class=\"yoast-schema-graph\">{\"@context\":\"https:\/\/schema.org\",\"@graph\":[{\"@type\":\"WebPage\",\"@id\":\"https:\/\/www.kresspichl.com\/it\/contatto\/\",\"url\":\"https:\/\/www.kresspichl.com\/it\/contatto\/\",\"name\":\"Contatto - Kresspichl - Hofk\u00e4serei Hofladen Ferienwohnung\",\"isPartOf\":{\"@id\":\"https:\/\/www.kresspichl.com\/#website\"},\"datePublished\":\"2016-11-12T16:24:35+00:00\",\"dateModified\":\"2024-05-17T08:52:50+00:00\",\"breadcrumb\":{\"@id\":\"https:\/\/www.kresspichl.com\/it\/contatto\/#breadcrumb\"},\"inLanguage\":\"it-IT\",\"potentialAction\":[{\"@type\":\"ReadAction\",\"target\":[\"https:\/\/www.kresspichl.com\/it\/contatto\/\"]}]},{\"@type\":\"BreadcrumbList\",\"@id\":\"https:\/\/www.kresspichl.com\/it\/contatto\/#breadcrumb\",\"itemListElement\":[{\"@type\":\"ListItem\",\"position\":1,\"name\":\"Startseite\",\"item\":\"https:\/\/www.kresspichl.com\/it\/\"},{\"@type\":\"ListItem\",\"position\":2,\"name\":\"Contatto\"}]},{\"@type\":\"WebSite\",\"@id\":\"https:\/\/www.kresspichl.com\/#website\",\"url\":\"https:\/\/www.kresspichl.com\/\",\"name\":\"Kresspichl - Hofk\u00e4serei Hofladen Ferienwohnung\",\"description\":\"B\u00e4uerliche Produkte aus dem Passeiertal (S\u00fcdtirol) Ferienwonungen\",\"publisher\":{\"@id\":\"https:\/\/www.kresspichl.com\/#organization\"},\"potentialAction\":[{\"@type\":\"SearchAction\",\"target\":{\"@type\":\"EntryPoint\",\"urlTemplate\":\"https:\/\/www.kresspichl.com\/?s={search_term_string}\"},\"query-input\":{\"@type\":\"PropertyValueSpecification\",\"valueRequired\":true,\"valueName\":\"search_term_string\"}}],\"inLanguage\":\"it-IT\"},{\"@type\":\"Organization\",\"@id\":\"https:\/\/www.kresspichl.com\/#organization\",\"name\":\"Kresspichlguet\",\"url\":\"https:\/\/www.kresspichl.com\/\",\"logo\":{\"@type\":\"ImageObject\",\"inLanguage\":\"it-IT\",\"@id\":\"https:\/\/www.kresspichl.com\/#\/schema\/logo\/image\/\",\"url\":\"https:\/\/www.kresspichl.com\/wordpress\/wp-content\/uploads\/2018\/09\/cropped-kresspichlguet-logo.jpg\",\"contentUrl\":\"https:\/\/www.kresspichl.com\/wordpress\/wp-content\/uploads\/2018\/09\/cropped-kresspichlguet-logo.jpg\",\"width\":363,\"height\":59,\"caption\":\"Kresspichlguet\"},\"image\":{\"@id\":\"https:\/\/www.kresspichl.com\/#\/schema\/logo\/image\/\"}}]}<\/script>\n<!-- \/ Yoast SEO plugin. -->","yoast_head_json":{"title":"Contatto - Kresspichl - Hofk\u00e4serei Hofladen Ferienwohnung","robots":{"index":"index","follow":"follow","max-snippet":"max-snippet:-1","max-image-preview":"max-image-preview:large","max-video-preview":"max-video-preview:-1"},"canonical":"https:\/\/www.kresspichl.com\/it\/contatto\/","og_locale":"it_IT","og_type":"article","og_title":"Contatto - Kresspichl - Hofk\u00e4serei Hofladen Ferienwohnung","og_description":"Telefono +39 339 520 4293 Julia +39 3471664015 Franz E-Mail info@kresspichl.com www.kresspichl.com Indirizzo Agriturismo Kresspichlguat Famiglia Gufler \u2013 Via Plan 1 &#8211; I-39013 Moso in Passiria Arrivo La vacanza inizia molto prima del giorno d\u2019arrivo. I parcheggi si trovano davanti alla casa. Informazioni importanti per l\u2018inverno Il maso si trova in montagna ed in inverno [&hellip;]","og_url":"https:\/\/www.kresspichl.com\/it\/contatto\/","og_site_name":"Kresspichl - Hofk\u00e4serei Hofladen Ferienwohnung","article_modified_time":"2024-05-17T08:52:50+00:00","twitter_card":"summary_large_image","twitter_misc":{"Tempo di lettura stimato":"1 minuto"},"schema":{"@context":"https:\/\/schema.org","@graph":[{"@type":"WebPage","@id":"https:\/\/www.kresspichl.com\/it\/contatto\/","url":"https:\/\/www.kresspichl.com\/it\/contatto\/","name":"Contatto - Kresspichl - Hofk\u00e4serei Hofladen Ferienwohnung","isPartOf":{"@id":"https:\/\/www.kresspichl.com\/#website"},"datePublished":"2016-11-12T16:24:35+00:00","dateModified":"2024-05-17T08:52:50+00:00","breadcrumb":{"@id":"https:\/\/www.kresspichl.com\/it\/contatto\/#breadcrumb"},"inLanguage":"it-IT","potentialAction":[{"@type":"ReadAction","target":["https:\/\/www.kresspichl.com\/it\/contatto\/"]}]},{"@type":"BreadcrumbList","@id":"https:\/\/www.kresspichl.com\/it\/contatto\/#breadcrumb","itemListElement":[{"@type":"ListItem","position":1,"name":"Startseite","item":"https:\/\/www.kresspichl.com\/it\/"},{"@type":"ListItem","position":2,"name":"Contatto"}]},{"@type":"WebSite","@id":"https:\/\/www.kresspichl.com\/#website","url":"https:\/\/www.kresspichl.com\/","name":"Kresspichl - Hofk\u00e4serei Hofladen Ferienwohnung","description":"B\u00e4uerliche Produkte aus dem Passeiertal (S\u00fcdtirol) Ferienwonungen","publisher":{"@id":"https:\/\/www.kresspichl.com\/#organization"},"potentialAction":[{"@type":"SearchAction","target":{"@type":"EntryPoint","urlTemplate":"https:\/\/www.kresspichl.com\/?s={search_term_string}"},"query-input":{"@type":"PropertyValueSpecification","valueRequired":true,"valueName":"search_term_string"}}],"inLanguage":"it-IT"},{"@type":"Organization","@id":"https:\/\/www.kresspichl.com\/#organization","name":"Kresspichlguet","url":"https:\/\/www.kresspichl.com\/","logo":{"@type":"ImageObject","inLanguage":"it-IT","@id":"https:\/\/www.kresspichl.com\/#\/schema\/logo\/image\/","url":"https:\/\/www.kresspichl.com\/wordpress\/wp-content\/uploads\/2018\/09\/cropped-kresspichlguet-logo.jpg","contentUrl":"https:\/\/www.kresspichl.com\/wordpress\/wp-content\/uploads\/2018\/09\/cropped-kresspichlguet-logo.jpg","width":363,"height":59,"caption":"Kresspichlguet"},"image":{"@id":"https:\/\/www.kresspichl.com\/#\/schema\/logo\/image\/"}}]}},"_links":{"self":[{"href":"https:\/\/www.kresspichl.com\/it\/wp-json\/wp\/v2\/pages\/1126","targetHints":{"allow":["GET"]}}],"collection":[{"href":"https:\/\/www.kresspichl.com\/it\/wp-json\/wp\/v2\/pages"}],"about":[{"href":"https:\/\/www.kresspichl.com\/it\/wp-json\/wp\/v2\/types\/page"}],"author":[{"embeddable":true,"href":"https:\/\/www.kresspichl.com\/it\/wp-json\/wp\/v2\/users\/1"}],"replies":[{"embeddable":true,"href":"https:\/\/www.kresspichl.com\/it\/wp-json\/wp\/v2\/comments?post=1126"}],"version-history":[{"count":8,"href":"https:\/\/www.kresspichl.com\/it\/wp-json\/wp\/v2\/pages\/1126\/revisions"}],"predecessor-version":[{"id":4081,"href":"https:\/\/www.kresspichl.com\/it\/wp-json\/wp\/v2\/pages\/1126\/revisions\/4081"}],"wp:attachment":[{"href":"https:\/\/www.kresspichl.com\/it\/wp-json\/wp\/v2\/media?parent=1126"}],"curies":[{"name":"wp","href":"https:\/\/api.w.org\/{rel}","templated":true}]}}