{"id":1051,"date":"2016-11-12T12:05:59","date_gmt":"2016-11-12T11:05:59","guid":{"rendered":"http:\/\/102004.web.zcom.it\/wordpress\/ferienwohnungen\/"},"modified":"2024-05-17T16:34:34","modified_gmt":"2024-05-17T14:34:34","slug":"ferienwohnungen","status":"publish","type":"page","link":"https:\/\/www.kresspichl.com\/it\/ferienwohnungen\/","title":{"rendered":"Appartamenti"},"content":{"rendered":"<div id='gallery-1' class='gallery galleryid-1051 gallery-columns-3 gallery-size-medium'><figure class='gallery-item'>\n\t\t\t<div class='gallery-icon landscape'>\n\t\t\t\t<a href='https:\/\/www.kresspichl.com\/wordpress\/wp-content\/uploads\/2018\/09\/Bilder-15.11.2008-277.jpg' data-lightbox=\"gal[1051]\"><img loading=\"lazy\" decoding=\"async\" width=\"300\" height=\"225\" src=\"https:\/\/www.kresspichl.com\/wordpress\/wp-content\/uploads\/2018\/09\/Bilder-15.11.2008-277-300x225.jpg\" class=\"attachment-medium size-medium\" alt=\"\" srcset=\"https:\/\/www.kresspichl.com\/wordpress\/wp-content\/uploads\/2018\/09\/Bilder-15.11.2008-277-300x225.jpg 300w, https:\/\/www.kresspichl.com\/wordpress\/wp-content\/uploads\/2018\/09\/Bilder-15.11.2008-277-768x576.jpg 768w, https:\/\/www.kresspichl.com\/wordpress\/wp-content\/uploads\/2018\/09\/Bilder-15.11.2008-277-1024x768.jpg 1024w, https:\/\/www.kresspichl.com\/wordpress\/wp-content\/uploads\/2018\/09\/Bilder-15.11.2008-277-750x563.jpg 750w, https:\/\/www.kresspichl.com\/wordpress\/wp-content\/uploads\/2018\/09\/Bilder-15.11.2008-277-555x416.jpg 555w, https:\/\/www.kresspichl.com\/wordpress\/wp-content\/uploads\/2018\/09\/Bilder-15.11.2008-277.jpg 1365w\" sizes=\"auto, (max-width: 300px) 100vw, 300px\" \/><\/a>\n\t\t\t<\/div><\/figure><figure class='gallery-item'>\n\t\t\t<div class='gallery-icon landscape'>\n\t\t\t\t<a href='https:\/\/www.kresspichl.com\/wordpress\/wp-content\/uploads\/2018\/09\/IMG_2730.jpg' data-lightbox=\"gal[1051]\"><img loading=\"lazy\" decoding=\"async\" width=\"300\" height=\"225\" src=\"https:\/\/www.kresspichl.com\/wordpress\/wp-content\/uploads\/2018\/09\/IMG_2730-300x225.jpg\" class=\"attachment-medium size-medium\" alt=\"\" srcset=\"https:\/\/www.kresspichl.com\/wordpress\/wp-content\/uploads\/2018\/09\/IMG_2730-300x225.jpg 300w, https:\/\/www.kresspichl.com\/wordpress\/wp-content\/uploads\/2018\/09\/IMG_2730-768x576.jpg 768w, https:\/\/www.kresspichl.com\/wordpress\/wp-content\/uploads\/2018\/09\/IMG_2730-1024x768.jpg 1024w, https:\/\/www.kresspichl.com\/wordpress\/wp-content\/uploads\/2018\/09\/IMG_2730-750x563.jpg 750w, https:\/\/www.kresspichl.com\/wordpress\/wp-content\/uploads\/2018\/09\/IMG_2730-555x416.jpg 555w, https:\/\/www.kresspichl.com\/wordpress\/wp-content\/uploads\/2018\/09\/IMG_2730.jpg 1365w\" sizes=\"auto, (max-width: 300px) 100vw, 300px\" \/><\/a>\n\t\t\t<\/div><\/figure><figure class='gallery-item'>\n\t\t\t<div class='gallery-icon landscape'>\n\t\t\t\t<a href='https:\/\/www.kresspichl.com\/wordpress\/wp-content\/uploads\/2018\/09\/IMG_3274.jpg' data-lightbox=\"gal[1051]\"><img loading=\"lazy\" decoding=\"async\" width=\"300\" height=\"225\" src=\"https:\/\/www.kresspichl.com\/wordpress\/wp-content\/uploads\/2018\/09\/IMG_3274-300x225.jpg\" class=\"attachment-medium size-medium\" alt=\"\" srcset=\"https:\/\/www.kresspichl.com\/wordpress\/wp-content\/uploads\/2018\/09\/IMG_3274-300x225.jpg 300w, https:\/\/www.kresspichl.com\/wordpress\/wp-content\/uploads\/2018\/09\/IMG_3274-768x576.jpg 768w, https:\/\/www.kresspichl.com\/wordpress\/wp-content\/uploads\/2018\/09\/IMG_3274-1024x768.jpg 1024w, https:\/\/www.kresspichl.com\/wordpress\/wp-content\/uploads\/2018\/09\/IMG_3274-750x563.jpg 750w, https:\/\/www.kresspichl.com\/wordpress\/wp-content\/uploads\/2018\/09\/IMG_3274-555x416.jpg 555w\" sizes=\"auto, (max-width: 300px) 100vw, 300px\" \/><\/a>\n\t\t\t<\/div><\/figure><figure class='gallery-item'>\n\t\t\t<div class='gallery-icon landscape'>\n\t\t\t\t<a href='https:\/\/www.kresspichl.com\/wordpress\/wp-content\/uploads\/2018\/09\/IMG_3273.jpg' data-lightbox=\"gal[1051]\"><img loading=\"lazy\" decoding=\"async\" width=\"300\" height=\"225\" src=\"https:\/\/www.kresspichl.com\/wordpress\/wp-content\/uploads\/2018\/09\/IMG_3273-300x225.jpg\" class=\"attachment-medium size-medium\" alt=\"\" srcset=\"https:\/\/www.kresspichl.com\/wordpress\/wp-content\/uploads\/2018\/09\/IMG_3273-300x225.jpg 300w, https:\/\/www.kresspichl.com\/wordpress\/wp-content\/uploads\/2018\/09\/IMG_3273-768x576.jpg 768w, https:\/\/www.kresspichl.com\/wordpress\/wp-content\/uploads\/2018\/09\/IMG_3273-1024x768.jpg 1024w, https:\/\/www.kresspichl.com\/wordpress\/wp-content\/uploads\/2018\/09\/IMG_3273-750x563.jpg 750w, https:\/\/www.kresspichl.com\/wordpress\/wp-content\/uploads\/2018\/09\/IMG_3273-555x416.jpg 555w, https:\/\/www.kresspichl.com\/wordpress\/wp-content\/uploads\/2018\/09\/IMG_3273.jpg 1365w\" sizes=\"auto, (max-width: 300px) 100vw, 300px\" \/><\/a>\n\t\t\t<\/div><\/figure><figure class='gallery-item'>\n\t\t\t<div class='gallery-icon landscape'>\n\t\t\t\t<a href='https:\/\/www.kresspichl.com\/wordpress\/wp-content\/uploads\/2018\/09\/IMG_2724.jpg' data-lightbox=\"gal[1051]\"><img loading=\"lazy\" decoding=\"async\" width=\"300\" height=\"225\" src=\"https:\/\/www.kresspichl.com\/wordpress\/wp-content\/uploads\/2018\/09\/IMG_2724-300x225.jpg\" class=\"attachment-medium size-medium\" alt=\"\" srcset=\"https:\/\/www.kresspichl.com\/wordpress\/wp-content\/uploads\/2018\/09\/IMG_2724-300x225.jpg 300w, https:\/\/www.kresspichl.com\/wordpress\/wp-content\/uploads\/2018\/09\/IMG_2724-768x576.jpg 768w, https:\/\/www.kresspichl.com\/wordpress\/wp-content\/uploads\/2018\/09\/IMG_2724-1024x768.jpg 1024w, https:\/\/www.kresspichl.com\/wordpress\/wp-content\/uploads\/2018\/09\/IMG_2724-750x563.jpg 750w, https:\/\/www.kresspichl.com\/wordpress\/wp-content\/uploads\/2018\/09\/IMG_2724-555x416.jpg 555w, https:\/\/www.kresspichl.com\/wordpress\/wp-content\/uploads\/2018\/09\/IMG_2724.jpg 1365w\" sizes=\"auto, (max-width: 300px) 100vw, 300px\" \/><\/a>\n\t\t\t<\/div><\/figure><figure class='gallery-item'>\n\t\t\t<div class='gallery-icon landscape'>\n\t\t\t\t<a href='https:\/\/www.kresspichl.com\/wordpress\/wp-content\/uploads\/2018\/09\/Bilder-15.11.2008-240.jpg' data-lightbox=\"gal[1051]\"><img loading=\"lazy\" decoding=\"async\" width=\"300\" height=\"225\" src=\"https:\/\/www.kresspichl.com\/wordpress\/wp-content\/uploads\/2018\/09\/Bilder-15.11.2008-240-300x225.jpg\" class=\"attachment-medium size-medium\" alt=\"\" srcset=\"https:\/\/www.kresspichl.com\/wordpress\/wp-content\/uploads\/2018\/09\/Bilder-15.11.2008-240-300x225.jpg 300w, https:\/\/www.kresspichl.com\/wordpress\/wp-content\/uploads\/2018\/09\/Bilder-15.11.2008-240-768x576.jpg 768w, https:\/\/www.kresspichl.com\/wordpress\/wp-content\/uploads\/2018\/09\/Bilder-15.11.2008-240-1024x768.jpg 1024w, https:\/\/www.kresspichl.com\/wordpress\/wp-content\/uploads\/2018\/09\/Bilder-15.11.2008-240-750x563.jpg 750w, https:\/\/www.kresspichl.com\/wordpress\/wp-content\/uploads\/2018\/09\/Bilder-15.11.2008-240-555x416.jpg 555w, https:\/\/www.kresspichl.com\/wordpress\/wp-content\/uploads\/2018\/09\/Bilder-15.11.2008-240.jpg 1365w\" sizes=\"auto, (max-width: 300px) 100vw, 300px\" \/><\/a>\n\t\t\t<\/div><\/figure>\n\t\t<\/div>\n\n<h1><span lang=\"it\">Appartamenti nella parte posteriore della Val Passiria<\/span><\/h1>\n<p>Gli appartamenti nell&#8217;agriturismo Kresspichl garantiscono puro relax. Al secondo piano della casa ci sono due appartamenti, ognuno con il proprio ingresso.<\/p>\n<p>Un appartamento ha una cucina completamente attrezzata, due camere da letto, balcone, WC, bagno con vasca e TV con collegamento satellitare e veloce Wi-Fi internet.<\/p>\n<p>Il secondo appartamento ha una cucina completamente attrezzata, due camere da letto, balcone, WC, bidet, bagno con vasca o doccia, TV con collegamento satellitare e veloce Wi-Fi Intern.<\/p>\n<p><strong>L&#8217; appartamento offre quindi comodi posti letto da 2 a un massimo di 11 persone.<\/strong><\/p>\n<p>(altro \u2026)<\/p>\n<p><!--more--><\/p>\n<p><span lang=\"it\">Lenzuola, asciugamani da bagno, cos\u00ec come utensili da cucina e da pranzo, un bollitore, lavastoviglie, forno, asciugacapelli sono disponibili. <\/span><\/p>\n<p>Culla e altre attrezzature per bambini disponibili su richiesta.<\/p>\n<h2>Prezzi<\/h2>\n<div class=\"bg-preise\"><strong>Appartamento per 2 persone compresa la colazione dell&#8217;agricoltore: :<\/strong><\/div>\n<div class=\"bg-preise\">prezzo minimo 90,00 Euro<br \/>\nprezzo massimo 120,00 Euro<\/div>\n<div><\/div>\n<div class=\"bg-preise\"><strong>Ogni persona in pi\u00f9 verr\u00e0 addebitata in pi\u00f9:<\/strong><\/div>\n<div class=\"bg-preise\">I bambini fino a 4 anni gratis<br \/>\nBambini da 4 a 10 anni 9,00 Euro<br \/>\nBambini da 10 anni e adulti 15,00 Euro<\/div>\n<div><\/div>\n<div class=\"bg-preise\">La tassa locale viene aggiunta ai prezzi quotati.<br \/>\nQuesto \u00e8 di Euro 1,50 per persona a notte.<br \/>\nTranne i bambini sotto i 14 anni.<\/div>\n<div><\/div>\n<div>Per un&#8217;occupazione inferiore a 4 giorni, verr\u00e0 addebitato un supplemento del 10%.<\/div>\n<div>\n<p>Pulizia finale 35 \u20ac.<\/p>\n<\/div>\n<p>Cani solo previo accordo e supplemento di 5,00 euro al giorno.<\/p>\n<p>&nbsp;<\/p>\n","protected":false},"excerpt":{"rendered":"<p>Appartamenti nella parte posteriore della Val Passiria Gli appartamenti nell&#8217;agriturismo Kresspichl garantiscono puro relax. Al secondo piano della casa ci sono due appartamenti, ognuno con il proprio ingresso. Un appartamento ha una cucina completamente attrezzata, due camere da letto, balcone, WC, bagno con vasca e TV con collegamento satellitare e veloce Wi-Fi internet. Il secondo [&hellip;]<\/p>\n","protected":false},"author":1,"featured_media":1614,"parent":0,"menu_order":2,"comment_status":"closed","ping_status":"closed","template":"","meta":{"footnotes":""},"class_list":["post-1051","page","type-page","status-publish","has-post-thumbnail","hentry"],"yoast_head":"<!-- This site is optimized with the Yoast SEO plugin v24.0 - https:\/\/yoast.com\/wordpress\/plugins\/seo\/ -->\n<title>Appartamenti - Kresspichl - Hofk\u00e4serei Hofladen Ferienwohnung<\/title>\n<meta name=\"robots\" content=\"index, follow, max-snippet:-1, max-image-preview:large, max-video-preview:-1\" \/>\n<link rel=\"canonical\" href=\"https:\/\/www.kresspichl.com\/it\/ferienwohnungen\/\" \/>\n<meta property=\"og:locale\" content=\"it_IT\" \/>\n<meta property=\"og:type\" content=\"article\" \/>\n<meta property=\"og:title\" content=\"Appartamenti - Kresspichl - Hofk\u00e4serei Hofladen Ferienwohnung\" \/>\n<meta property=\"og:description\" content=\"Appartamenti nella parte posteriore della Val Passiria Gli appartamenti nell&#8217;agriturismo Kresspichl garantiscono puro relax. Al secondo piano della casa ci sono due appartamenti, ognuno con il proprio ingresso. Un appartamento ha una cucina completamente attrezzata, due camere da letto, balcone, WC, bagno con vasca e TV con collegamento satellitare e veloce Wi-Fi internet. Il secondo [&hellip;]\" \/>\n<meta property=\"og:url\" content=\"https:\/\/www.kresspichl.com\/it\/ferienwohnungen\/\" \/>\n<meta property=\"og:site_name\" content=\"Kresspichl - Hofk\u00e4serei Hofladen Ferienwohnung\" \/>\n<meta property=\"article:modified_time\" content=\"2024-05-17T14:34:34+00:00\" \/>\n<meta property=\"og:image\" content=\"https:\/\/www.kresspichl.com\/wordpress\/wp-content\/uploads\/2018\/09\/sonnenblume_neu.jpg\" \/>\n\t<meta property=\"og:image:width\" content=\"1000\" \/>\n\t<meta property=\"og:image:height\" content=\"464\" \/>\n\t<meta property=\"og:image:type\" content=\"image\/jpeg\" \/>\n<meta name=\"twitter:card\" content=\"summary_large_image\" \/>\n<meta name=\"twitter:label1\" content=\"Tempo di lettura stimato\" \/>\n\t<meta name=\"twitter:data1\" content=\"2 minuti\" \/>\n<script type=\"application\/ld+json\" class=\"yoast-schema-graph\">{\"@context\":\"https:\/\/schema.org\",\"@graph\":[{\"@type\":\"WebPage\",\"@id\":\"https:\/\/www.kresspichl.com\/it\/ferienwohnungen\/\",\"url\":\"https:\/\/www.kresspichl.com\/it\/ferienwohnungen\/\",\"name\":\"Appartamenti - Kresspichl - Hofk\u00e4serei Hofladen Ferienwohnung\",\"isPartOf\":{\"@id\":\"https:\/\/www.kresspichl.com\/#website\"},\"primaryImageOfPage\":{\"@id\":\"https:\/\/www.kresspichl.com\/it\/ferienwohnungen\/#primaryimage\"},\"image\":{\"@id\":\"https:\/\/www.kresspichl.com\/it\/ferienwohnungen\/#primaryimage\"},\"thumbnailUrl\":\"https:\/\/www.kresspichl.com\/wordpress\/wp-content\/uploads\/2018\/09\/sonnenblume_neu.jpg\",\"datePublished\":\"2016-11-12T11:05:59+00:00\",\"dateModified\":\"2024-05-17T14:34:34+00:00\",\"breadcrumb\":{\"@id\":\"https:\/\/www.kresspichl.com\/it\/ferienwohnungen\/#breadcrumb\"},\"inLanguage\":\"it-IT\",\"potentialAction\":[{\"@type\":\"ReadAction\",\"target\":[\"https:\/\/www.kresspichl.com\/it\/ferienwohnungen\/\"]}]},{\"@type\":\"ImageObject\",\"inLanguage\":\"it-IT\",\"@id\":\"https:\/\/www.kresspichl.com\/it\/ferienwohnungen\/#primaryimage\",\"url\":\"https:\/\/www.kresspichl.com\/wordpress\/wp-content\/uploads\/2018\/09\/sonnenblume_neu.jpg\",\"contentUrl\":\"https:\/\/www.kresspichl.com\/wordpress\/wp-content\/uploads\/2018\/09\/sonnenblume_neu.jpg\",\"width\":1000,\"height\":464},{\"@type\":\"BreadcrumbList\",\"@id\":\"https:\/\/www.kresspichl.com\/it\/ferienwohnungen\/#breadcrumb\",\"itemListElement\":[{\"@type\":\"ListItem\",\"position\":1,\"name\":\"Startseite\",\"item\":\"https:\/\/www.kresspichl.com\/it\/\"},{\"@type\":\"ListItem\",\"position\":2,\"name\":\"Appartamenti\"}]},{\"@type\":\"WebSite\",\"@id\":\"https:\/\/www.kresspichl.com\/#website\",\"url\":\"https:\/\/www.kresspichl.com\/\",\"name\":\"Kresspichl - Hofk\u00e4serei Hofladen Ferienwohnung\",\"description\":\"B\u00e4uerliche Produkte aus dem Passeiertal (S\u00fcdtirol) Ferienwonungen\",\"publisher\":{\"@id\":\"https:\/\/www.kresspichl.com\/#organization\"},\"potentialAction\":[{\"@type\":\"SearchAction\",\"target\":{\"@type\":\"EntryPoint\",\"urlTemplate\":\"https:\/\/www.kresspichl.com\/?s={search_term_string}\"},\"query-input\":{\"@type\":\"PropertyValueSpecification\",\"valueRequired\":true,\"valueName\":\"search_term_string\"}}],\"inLanguage\":\"it-IT\"},{\"@type\":\"Organization\",\"@id\":\"https:\/\/www.kresspichl.com\/#organization\",\"name\":\"Kresspichlguet\",\"url\":\"https:\/\/www.kresspichl.com\/\",\"logo\":{\"@type\":\"ImageObject\",\"inLanguage\":\"it-IT\",\"@id\":\"https:\/\/www.kresspichl.com\/#\/schema\/logo\/image\/\",\"url\":\"https:\/\/www.kresspichl.com\/wordpress\/wp-content\/uploads\/2018\/09\/cropped-kresspichlguet-logo.jpg\",\"contentUrl\":\"https:\/\/www.kresspichl.com\/wordpress\/wp-content\/uploads\/2018\/09\/cropped-kresspichlguet-logo.jpg\",\"width\":363,\"height\":59,\"caption\":\"Kresspichlguet\"},\"image\":{\"@id\":\"https:\/\/www.kresspichl.com\/#\/schema\/logo\/image\/\"}}]}<\/script>\n<!-- \/ Yoast SEO plugin. -->","yoast_head_json":{"title":"Appartamenti - Kresspichl - Hofk\u00e4serei Hofladen Ferienwohnung","robots":{"index":"index","follow":"follow","max-snippet":"max-snippet:-1","max-image-preview":"max-image-preview:large","max-video-preview":"max-video-preview:-1"},"canonical":"https:\/\/www.kresspichl.com\/it\/ferienwohnungen\/","og_locale":"it_IT","og_type":"article","og_title":"Appartamenti - Kresspichl - Hofk\u00e4serei Hofladen Ferienwohnung","og_description":"Appartamenti nella parte posteriore della Val Passiria Gli appartamenti nell&#8217;agriturismo Kresspichl garantiscono puro relax. Al secondo piano della casa ci sono due appartamenti, ognuno con il proprio ingresso. Un appartamento ha una cucina completamente attrezzata, due camere da letto, balcone, WC, bagno con vasca e TV con collegamento satellitare e veloce Wi-Fi internet. Il secondo [&hellip;]","og_url":"https:\/\/www.kresspichl.com\/it\/ferienwohnungen\/","og_site_name":"Kresspichl - Hofk\u00e4serei Hofladen Ferienwohnung","article_modified_time":"2024-05-17T14:34:34+00:00","og_image":[{"width":1000,"height":464,"url":"https:\/\/www.kresspichl.com\/wordpress\/wp-content\/uploads\/2018\/09\/sonnenblume_neu.jpg","type":"image\/jpeg"}],"twitter_card":"summary_large_image","twitter_misc":{"Tempo di lettura stimato":"2 minuti"},"schema":{"@context":"https:\/\/schema.org","@graph":[{"@type":"WebPage","@id":"https:\/\/www.kresspichl.com\/it\/ferienwohnungen\/","url":"https:\/\/www.kresspichl.com\/it\/ferienwohnungen\/","name":"Appartamenti - Kresspichl - Hofk\u00e4serei Hofladen Ferienwohnung","isPartOf":{"@id":"https:\/\/www.kresspichl.com\/#website"},"primaryImageOfPage":{"@id":"https:\/\/www.kresspichl.com\/it\/ferienwohnungen\/#primaryimage"},"image":{"@id":"https:\/\/www.kresspichl.com\/it\/ferienwohnungen\/#primaryimage"},"thumbnailUrl":"https:\/\/www.kresspichl.com\/wordpress\/wp-content\/uploads\/2018\/09\/sonnenblume_neu.jpg","datePublished":"2016-11-12T11:05:59+00:00","dateModified":"2024-05-17T14:34:34+00:00","breadcrumb":{"@id":"https:\/\/www.kresspichl.com\/it\/ferienwohnungen\/#breadcrumb"},"inLanguage":"it-IT","potentialAction":[{"@type":"ReadAction","target":["https:\/\/www.kresspichl.com\/it\/ferienwohnungen\/"]}]},{"@type":"ImageObject","inLanguage":"it-IT","@id":"https:\/\/www.kresspichl.com\/it\/ferienwohnungen\/#primaryimage","url":"https:\/\/www.kresspichl.com\/wordpress\/wp-content\/uploads\/2018\/09\/sonnenblume_neu.jpg","contentUrl":"https:\/\/www.kresspichl.com\/wordpress\/wp-content\/uploads\/2018\/09\/sonnenblume_neu.jpg","width":1000,"height":464},{"@type":"BreadcrumbList","@id":"https:\/\/www.kresspichl.com\/it\/ferienwohnungen\/#breadcrumb","itemListElement":[{"@type":"ListItem","position":1,"name":"Startseite","item":"https:\/\/www.kresspichl.com\/it\/"},{"@type":"ListItem","position":2,"name":"Appartamenti"}]},{"@type":"WebSite","@id":"https:\/\/www.kresspichl.com\/#website","url":"https:\/\/www.kresspichl.com\/","name":"Kresspichl - Hofk\u00e4serei Hofladen Ferienwohnung","description":"B\u00e4uerliche Produkte aus dem Passeiertal (S\u00fcdtirol) Ferienwonungen","publisher":{"@id":"https:\/\/www.kresspichl.com\/#organization"},"potentialAction":[{"@type":"SearchAction","target":{"@type":"EntryPoint","urlTemplate":"https:\/\/www.kresspichl.com\/?s={search_term_string}"},"query-input":{"@type":"PropertyValueSpecification","valueRequired":true,"valueName":"search_term_string"}}],"inLanguage":"it-IT"},{"@type":"Organization","@id":"https:\/\/www.kresspichl.com\/#organization","name":"Kresspichlguet","url":"https:\/\/www.kresspichl.com\/","logo":{"@type":"ImageObject","inLanguage":"it-IT","@id":"https:\/\/www.kresspichl.com\/#\/schema\/logo\/image\/","url":"https:\/\/www.kresspichl.com\/wordpress\/wp-content\/uploads\/2018\/09\/cropped-kresspichlguet-logo.jpg","contentUrl":"https:\/\/www.kresspichl.com\/wordpress\/wp-content\/uploads\/2018\/09\/cropped-kresspichlguet-logo.jpg","width":363,"height":59,"caption":"Kresspichlguet"},"image":{"@id":"https:\/\/www.kresspichl.com\/#\/schema\/logo\/image\/"}}]}},"_links":{"self":[{"href":"https:\/\/www.kresspichl.com\/it\/wp-json\/wp\/v2\/pages\/1051","targetHints":{"allow":["GET"]}}],"collection":[{"href":"https:\/\/www.kresspichl.com\/it\/wp-json\/wp\/v2\/pages"}],"about":[{"href":"https:\/\/www.kresspichl.com\/it\/wp-json\/wp\/v2\/types\/page"}],"author":[{"embeddable":true,"href":"https:\/\/www.kresspichl.com\/it\/wp-json\/wp\/v2\/users\/1"}],"replies":[{"embeddable":true,"href":"https:\/\/www.kresspichl.com\/it\/wp-json\/wp\/v2\/comments?post=1051"}],"version-history":[{"count":11,"href":"https:\/\/www.kresspichl.com\/it\/wp-json\/wp\/v2\/pages\/1051\/revisions"}],"predecessor-version":[{"id":4089,"href":"https:\/\/www.kresspichl.com\/it\/wp-json\/wp\/v2\/pages\/1051\/revisions\/4089"}],"wp:featuredmedia":[{"embeddable":true,"href":"https:\/\/www.kresspichl.com\/it\/wp-json\/wp\/v2\/media\/1614"}],"wp:attachment":[{"href":"https:\/\/www.kresspichl.com\/it\/wp-json\/wp\/v2\/media?parent=1051"}],"curies":[{"name":"wp","href":"https:\/\/api.w.org\/{rel}","templated":true}]}}