{"id":3389,"date":"2016-11-12T16:24:35","date_gmt":"2016-11-12T15:24:35","guid":{"rendered":"http:\/\/102004.web.zcom.it\/wordpress\/kontakt\/"},"modified":"2024-05-17T10:51:33","modified_gmt":"2024-05-17T08:51:33","slug":"contact","status":"publish","type":"page","link":"https:\/\/www.kresspichl.com\/en\/contact\/","title":{"rendered":"Contact"},"content":{"rendered":"<table>\n<tbody>\n<tr>\n<td>\n<h2>Adresse<\/h2>\n<p>Kresspichlguet<br \/>\nPfelderer Stra\u00dfe 1 &#8211; 39013 Moos in Passeier (BZ)<\/td>\n<td>\n<h2>Telefon<\/h2>\n<p>Julia: +39 339 52 04 293<br \/>\nFranz: +39 347 16 64 015<\/td>\n<td>\n<h2>E-Mail<\/h2>\n<p><span id=\"cloakf2a7cacfd703097d34d530b280db8293\"><a href=\"mailto:info@kresspichl.com\">info@kresspichl.com<\/a><\/span><\/td>\n<\/tr>\n<\/tbody>\n<\/table>\n<p>&nbsp;<\/p>\n<table>\n<tbody>\n<tr>\n<td>\n<h2>\u00d6ffnungszeiten Restaurant<\/h2>\n<p>Winter (vom 8. Dezember bis 16. April)<br \/>\nFr \u2013 So: 08.00 \u2013 20.00 Uhr<\/p>\n<p>Sommer<br \/>\nMo \u2013 So: 08.00 \u2013 20.00 Uhr<\/p>\n<p>Durchgehend warme K\u00fcche<\/td>\n<td><\/td>\n<td>\n<h2>\u00d6ffnungszeiten Hofladen<\/h2>\n<p>Mai bis Oktober<br \/>\n08.00 \u2013 20.00 Uhr<\/td>\n<\/tr>\n<\/tbody>\n<\/table>\n<p><iframe loading=\"lazy\" style=\"border: 0px currentColor;\" src=\"https:\/\/www.google.com\/maps\/embed?pb=!1m14!1m8!1m3!1d10924.296144016993!2d11.1133508!3d46.8028475!3m2!1i1024!2i768!4f13.1!3m3!1m2!1s0x0%3A0x74855fa00a28cdb0!2sKresspichlguet!5e0!3m2!1sde!2sit!4v1537780725688\" width=\"800\" height=\"600\" frameborder=\"0\" allowfullscreen=\"allowfullscreen\"><\/iframe><\/p>\n","protected":false},"excerpt":{"rendered":"<p>Adresse Kresspichlguet Pfelderer Stra\u00dfe 1 &#8211; 39013 Moos in Passeier (BZ) Telefon Julia: +39 339 52 04 293 Franz: +39 347 16 64 015 E-Mail info@kresspichl.com &nbsp; \u00d6ffnungszeiten Restaurant Winter (vom 8. Dezember bis 16. April) Fr \u2013 So: 08.00 \u2013 20.00 Uhr Sommer Mo \u2013 So: 08.00 \u2013 20.00 Uhr Durchgehend warme K\u00fcche \u00d6ffnungszeiten [&hellip;]<\/p>\n","protected":false},"author":1,"featured_media":0,"parent":0,"menu_order":7,"comment_status":"closed","ping_status":"closed","template":"","meta":{"footnotes":""},"class_list":["post-3389","page","type-page","status-publish","hentry"],"yoast_head":"<!-- This site is optimized with the Yoast SEO plugin v24.0 - https:\/\/yoast.com\/wordpress\/plugins\/seo\/ -->\n<title>Contact - Kresspichl - Hofk\u00e4serei Hofladen Ferienwohnung<\/title>\n<meta name=\"robots\" content=\"index, follow, max-snippet:-1, max-image-preview:large, max-video-preview:-1\" \/>\n<link rel=\"canonical\" href=\"https:\/\/www.kresspichl.com\/en\/contact\/\" \/>\n<meta property=\"og:locale\" content=\"en_US\" \/>\n<meta property=\"og:type\" content=\"article\" \/>\n<meta property=\"og:title\" content=\"Contact - Kresspichl - Hofk\u00e4serei Hofladen Ferienwohnung\" \/>\n<meta property=\"og:description\" content=\"Adresse Kresspichlguet Pfelderer Stra\u00dfe 1 &#8211; 39013 Moos in Passeier (BZ) Telefon Julia: +39 339 52 04 293 Franz: +39 347 16 64 015 E-Mail info@kresspichl.com &nbsp; \u00d6ffnungszeiten Restaurant Winter (vom 8. Dezember bis 16. April) Fr \u2013 So: 08.00 \u2013 20.00 Uhr Sommer Mo \u2013 So: 08.00 \u2013 20.00 Uhr Durchgehend warme K\u00fcche \u00d6ffnungszeiten [&hellip;]\" \/>\n<meta property=\"og:url\" content=\"https:\/\/www.kresspichl.com\/en\/contact\/\" \/>\n<meta property=\"og:site_name\" content=\"Kresspichl - Hofk\u00e4serei Hofladen Ferienwohnung\" \/>\n<meta property=\"article:modified_time\" content=\"2024-05-17T08:51:33+00:00\" \/>\n<meta name=\"twitter:card\" content=\"summary_large_image\" \/>\n<meta name=\"twitter:label1\" content=\"Est. reading time\" \/>\n\t<meta name=\"twitter:data1\" content=\"1 minute\" \/>\n<script type=\"application\/ld+json\" class=\"yoast-schema-graph\">{\"@context\":\"https:\/\/schema.org\",\"@graph\":[{\"@type\":\"WebPage\",\"@id\":\"https:\/\/www.kresspichl.com\/en\/contact\/\",\"url\":\"https:\/\/www.kresspichl.com\/en\/contact\/\",\"name\":\"Contact - Kresspichl - Hofk\u00e4serei Hofladen Ferienwohnung\",\"isPartOf\":{\"@id\":\"https:\/\/www.kresspichl.com\/#website\"},\"datePublished\":\"2016-11-12T15:24:35+00:00\",\"dateModified\":\"2024-05-17T08:51:33+00:00\",\"breadcrumb\":{\"@id\":\"https:\/\/www.kresspichl.com\/en\/contact\/#breadcrumb\"},\"inLanguage\":\"en-US\",\"potentialAction\":[{\"@type\":\"ReadAction\",\"target\":[\"https:\/\/www.kresspichl.com\/en\/contact\/\"]}]},{\"@type\":\"BreadcrumbList\",\"@id\":\"https:\/\/www.kresspichl.com\/en\/contact\/#breadcrumb\",\"itemListElement\":[{\"@type\":\"ListItem\",\"position\":1,\"name\":\"Startseite\",\"item\":\"https:\/\/www.kresspichl.com\/en\/\"},{\"@type\":\"ListItem\",\"position\":2,\"name\":\"Contact\"}]},{\"@type\":\"WebSite\",\"@id\":\"https:\/\/www.kresspichl.com\/#website\",\"url\":\"https:\/\/www.kresspichl.com\/\",\"name\":\"Kresspichl - Hofk\u00e4serei Hofladen Ferienwohnung\",\"description\":\"B\u00e4uerliche Produkte aus dem Passeiertal (S\u00fcdtirol) Ferienwonungen\",\"publisher\":{\"@id\":\"https:\/\/www.kresspichl.com\/#organization\"},\"potentialAction\":[{\"@type\":\"SearchAction\",\"target\":{\"@type\":\"EntryPoint\",\"urlTemplate\":\"https:\/\/www.kresspichl.com\/?s={search_term_string}\"},\"query-input\":{\"@type\":\"PropertyValueSpecification\",\"valueRequired\":true,\"valueName\":\"search_term_string\"}}],\"inLanguage\":\"en-US\"},{\"@type\":\"Organization\",\"@id\":\"https:\/\/www.kresspichl.com\/#organization\",\"name\":\"Kresspichlguet\",\"url\":\"https:\/\/www.kresspichl.com\/\",\"logo\":{\"@type\":\"ImageObject\",\"inLanguage\":\"en-US\",\"@id\":\"https:\/\/www.kresspichl.com\/#\/schema\/logo\/image\/\",\"url\":\"https:\/\/www.kresspichl.com\/wordpress\/wp-content\/uploads\/2018\/09\/cropped-kresspichlguet-logo.jpg\",\"contentUrl\":\"https:\/\/www.kresspichl.com\/wordpress\/wp-content\/uploads\/2018\/09\/cropped-kresspichlguet-logo.jpg\",\"width\":363,\"height\":59,\"caption\":\"Kresspichlguet\"},\"image\":{\"@id\":\"https:\/\/www.kresspichl.com\/#\/schema\/logo\/image\/\"}}]}<\/script>\n<!-- \/ Yoast SEO plugin. -->","yoast_head_json":{"title":"Contact - Kresspichl - Hofk\u00e4serei Hofladen Ferienwohnung","robots":{"index":"index","follow":"follow","max-snippet":"max-snippet:-1","max-image-preview":"max-image-preview:large","max-video-preview":"max-video-preview:-1"},"canonical":"https:\/\/www.kresspichl.com\/en\/contact\/","og_locale":"en_US","og_type":"article","og_title":"Contact - Kresspichl - Hofk\u00e4serei Hofladen Ferienwohnung","og_description":"Adresse Kresspichlguet Pfelderer Stra\u00dfe 1 &#8211; 39013 Moos in Passeier (BZ) Telefon Julia: +39 339 52 04 293 Franz: +39 347 16 64 015 E-Mail info@kresspichl.com &nbsp; \u00d6ffnungszeiten Restaurant Winter (vom 8. Dezember bis 16. April) Fr \u2013 So: 08.00 \u2013 20.00 Uhr Sommer Mo \u2013 So: 08.00 \u2013 20.00 Uhr Durchgehend warme K\u00fcche \u00d6ffnungszeiten [&hellip;]","og_url":"https:\/\/www.kresspichl.com\/en\/contact\/","og_site_name":"Kresspichl - Hofk\u00e4serei Hofladen Ferienwohnung","article_modified_time":"2024-05-17T08:51:33+00:00","twitter_card":"summary_large_image","twitter_misc":{"Est. reading time":"1 minute"},"schema":{"@context":"https:\/\/schema.org","@graph":[{"@type":"WebPage","@id":"https:\/\/www.kresspichl.com\/en\/contact\/","url":"https:\/\/www.kresspichl.com\/en\/contact\/","name":"Contact - Kresspichl - Hofk\u00e4serei Hofladen Ferienwohnung","isPartOf":{"@id":"https:\/\/www.kresspichl.com\/#website"},"datePublished":"2016-11-12T15:24:35+00:00","dateModified":"2024-05-17T08:51:33+00:00","breadcrumb":{"@id":"https:\/\/www.kresspichl.com\/en\/contact\/#breadcrumb"},"inLanguage":"en-US","potentialAction":[{"@type":"ReadAction","target":["https:\/\/www.kresspichl.com\/en\/contact\/"]}]},{"@type":"BreadcrumbList","@id":"https:\/\/www.kresspichl.com\/en\/contact\/#breadcrumb","itemListElement":[{"@type":"ListItem","position":1,"name":"Startseite","item":"https:\/\/www.kresspichl.com\/en\/"},{"@type":"ListItem","position":2,"name":"Contact"}]},{"@type":"WebSite","@id":"https:\/\/www.kresspichl.com\/#website","url":"https:\/\/www.kresspichl.com\/","name":"Kresspichl - Hofk\u00e4serei Hofladen Ferienwohnung","description":"B\u00e4uerliche Produkte aus dem Passeiertal (S\u00fcdtirol) Ferienwonungen","publisher":{"@id":"https:\/\/www.kresspichl.com\/#organization"},"potentialAction":[{"@type":"SearchAction","target":{"@type":"EntryPoint","urlTemplate":"https:\/\/www.kresspichl.com\/?s={search_term_string}"},"query-input":{"@type":"PropertyValueSpecification","valueRequired":true,"valueName":"search_term_string"}}],"inLanguage":"en-US"},{"@type":"Organization","@id":"https:\/\/www.kresspichl.com\/#organization","name":"Kresspichlguet","url":"https:\/\/www.kresspichl.com\/","logo":{"@type":"ImageObject","inLanguage":"en-US","@id":"https:\/\/www.kresspichl.com\/#\/schema\/logo\/image\/","url":"https:\/\/www.kresspichl.com\/wordpress\/wp-content\/uploads\/2018\/09\/cropped-kresspichlguet-logo.jpg","contentUrl":"https:\/\/www.kresspichl.com\/wordpress\/wp-content\/uploads\/2018\/09\/cropped-kresspichlguet-logo.jpg","width":363,"height":59,"caption":"Kresspichlguet"},"image":{"@id":"https:\/\/www.kresspichl.com\/#\/schema\/logo\/image\/"}}]}},"_links":{"self":[{"href":"https:\/\/www.kresspichl.com\/en\/wp-json\/wp\/v2\/pages\/3389","targetHints":{"allow":["GET"]}}],"collection":[{"href":"https:\/\/www.kresspichl.com\/en\/wp-json\/wp\/v2\/pages"}],"about":[{"href":"https:\/\/www.kresspichl.com\/en\/wp-json\/wp\/v2\/types\/page"}],"author":[{"embeddable":true,"href":"https:\/\/www.kresspichl.com\/en\/wp-json\/wp\/v2\/users\/1"}],"replies":[{"embeddable":true,"href":"https:\/\/www.kresspichl.com\/en\/wp-json\/wp\/v2\/comments?post=3389"}],"version-history":[{"count":4,"href":"https:\/\/www.kresspichl.com\/en\/wp-json\/wp\/v2\/pages\/3389\/revisions"}],"predecessor-version":[{"id":4080,"href":"https:\/\/www.kresspichl.com\/en\/wp-json\/wp\/v2\/pages\/3389\/revisions\/4080"}],"wp:attachment":[{"href":"https:\/\/www.kresspichl.com\/en\/wp-json\/wp\/v2\/media?parent=3389"}],"curies":[{"name":"wp","href":"https:\/\/api.w.org\/{rel}","templated":true}]}}