{"id":3382,"date":"2018-09-20T20:46:20","date_gmt":"2018-09-20T18:46:20","guid":{"rendered":"http:\/\/102004.web.zcom.it\/wordpress\/produkte\/"},"modified":"2024-05-17T17:02:07","modified_gmt":"2024-05-17T15:02:07","slug":"products","status":"publish","type":"page","link":"https:\/\/www.kresspichl.com\/en\/products\/","title":{"rendered":"Products"},"content":{"rendered":"<h2>HOFEIGENE SPEZIALIT\u00c4TEN AUS DEM PASSEIERTAL<\/h2>\n<h1>Produkte der Hofk\u00e4serei Kresspichl<\/h1>\n<p>&nbsp;<\/p>\n<p>In der neu gebauten K\u00e4serei Kresspichl im Passeiertal (S\u00fcdtirol) verarbeiten wir unsere hofeigene Milch zu vorz\u00fcglichem K\u00e4se, vor allem aus Ziegenrohmilch. Nach wie vor verk\u00e4sen wir die Rohmilch handwerklich und nach traditionellen Rezepturen. Neben dem klassischen Ziegenk\u00e4se begannen wir auch mit dem verk\u00e4sen von Kuhmilch. Es sind verschiedene Rohmilch-K\u00e4sesorten erh\u00e4ltlich darunter unser Bergk\u00e4se, der Pfefferk\u00e4se, der Peperoncinok\u00e4se, unser Knoblauchk\u00e4se und K\u00fcmmelk\u00e4se, au\u00dferdem ein Ziegenschnittk\u00e4se und ein Ziegenfrischk\u00e4se.<\/p>\n<p><!--more--><\/p>\n<p>Unsere Berg- und Ziegenk\u00e4se werden nur aus K\u00e4sekultur und Meersalz hergestellt. Der K\u00e4se reift in unserem Natursteinkeller ohne Reifebeschleuniger auf Holzbrettern zwischen 1 und 24 Monaten, wobei er regelm\u00e4\u00dfig von Hand gewendet wird.<\/p>\n<h2>Vom Erzeuger zum Verbraucher &#8211; Hofladen<\/h2>\n<p>Unsere hofeigenen Produkte aus dem Passeiertal (S\u00fcdtirol) wie K\u00e4se, Speck, Wachteleier, ger\u00e4uchertes Rindfleisch, ger\u00e4uchertes Ziegenfleisch und Gams-Ziegen-Kaminw\u00fcrste bieten wir in unserem Hofladen an. Vor allem hier entsteht der pers\u00f6nliche Kontakt zum Kunden, der uns sehr wichtig ist. Je mehr Informationen der Kunde \u00fcber die Entstehung seiner Lebensmittel erh\u00e4lt, desto leichter kann sein Einkauf eine gute Entscheidung sein.<\/p>\n<p>Warum die Fleisch- und Wurstwaren so besonders gut schmecken, ist das Geheimnis der Rezeptur. H\u00f6chstes Gebot ist eine artgerechte Tierhaltung, F\u00fctterung und kurze, f\u00fcr die Tiere stressfreie, Transportwege.<\/p>\n<h2>Unser Bestreben<\/h2>\n<p>Wir z\u00fcchten Passeirer Bergziegen einer alten, robusten Rasse die bis 1960 als Milch und Fleischziege gehalten wurde. Leider wurde in den letzten 50 Jahren die Milchnutzung in den Hintergrund gestellt und die Ziegen nur auf Sch\u00f6nheit und harmonische Abstimmung gez\u00fcchtet. Wir sind bestrebt diese Rasse wieder so zu nutzen, dass sie als Fleisch- und Milchlieferant einen geb\u00fchrenden Stellenwert einnimmt.<\/p>\n<p>Die Passeirer Bergziegen sind von Mai bis Ende Oktober auf der Weide. Ab September sind sie trocken gestellt und kommen auf die Hochweide, wo sie den Herbst genie\u00dfen.<\/p>\n<h2>Produkt\u00fcbersicht<\/h2>\n<p>Achtung: Diese Produkte gibt es so lange der Vorrat reicht.<\/p>\n<ul>\n<li>Kuhk\u00e4se: Bergk\u00e4se, Kr\u00e4uterk\u00e4se, Peperoncinok\u00e4se<\/li>\n<li>Ziegenk\u00e4se: Schnittk\u00e4se, Frischk\u00e4se<\/li>\n<li>vom Schwein: Speck, Mittelst\u00fcck und Schulter<\/li>\n<li>vom Rind: Ger\u00e4uchertes Rindfleisch<\/li>\n<li>Gemischt: Gams-Ziegenkaminw\u00fcrste<\/li>\n<li>Eier: H\u00fchnereier, Wachteleier<\/li>\n<li>Aufstriche: Preiselbeermarmelade, Honig, Alpenrosenhonig, Waldbl\u00fctenhonig<\/li>\n<li>Hausgemachte Schn\u00e4pse: Nusseler, Greitschiler (Zirbenschnaps), Enzian, Kresspichler Kr\u00e4uterschnaps<\/li>\n<\/ul>\n","protected":false},"excerpt":{"rendered":"<p>HOFEIGENE SPEZIALIT\u00c4TEN AUS DEM PASSEIERTAL Produkte der Hofk\u00e4serei Kresspichl &nbsp; In der neu gebauten K\u00e4serei Kresspichl im Passeiertal (S\u00fcdtirol) verarbeiten wir unsere hofeigene Milch zu vorz\u00fcglichem K\u00e4se, vor allem aus Ziegenrohmilch. Nach wie vor verk\u00e4sen wir die Rohmilch handwerklich und nach traditionellen Rezepturen. Neben dem klassischen Ziegenk\u00e4se begannen wir auch mit dem verk\u00e4sen von Kuhmilch. [&hellip;]<\/p>\n","protected":false},"author":1,"featured_media":3383,"parent":0,"menu_order":4,"comment_status":"closed","ping_status":"closed","template":"","meta":{"footnotes":""},"class_list":["post-3382","page","type-page","status-publish","has-post-thumbnail","hentry"],"yoast_head":"<!-- This site is optimized with the Yoast SEO plugin v24.0 - https:\/\/yoast.com\/wordpress\/plugins\/seo\/ -->\n<title>Products - Kresspichl - Hofk\u00e4serei Hofladen Ferienwohnung<\/title>\n<meta name=\"robots\" content=\"index, follow, max-snippet:-1, max-image-preview:large, max-video-preview:-1\" \/>\n<link rel=\"canonical\" href=\"https:\/\/www.kresspichl.com\/en\/products\/\" \/>\n<meta property=\"og:locale\" content=\"en_US\" \/>\n<meta property=\"og:type\" content=\"article\" \/>\n<meta property=\"og:title\" content=\"Products - Kresspichl - Hofk\u00e4serei Hofladen Ferienwohnung\" \/>\n<meta property=\"og:description\" content=\"HOFEIGENE SPEZIALIT\u00c4TEN AUS DEM PASSEIERTAL Produkte der Hofk\u00e4serei Kresspichl &nbsp; In der neu gebauten K\u00e4serei Kresspichl im Passeiertal (S\u00fcdtirol) verarbeiten wir unsere hofeigene Milch zu vorz\u00fcglichem K\u00e4se, vor allem aus Ziegenrohmilch. Nach wie vor verk\u00e4sen wir die Rohmilch handwerklich und nach traditionellen Rezepturen. Neben dem klassischen Ziegenk\u00e4se begannen wir auch mit dem verk\u00e4sen von Kuhmilch. [&hellip;]\" \/>\n<meta property=\"og:url\" content=\"https:\/\/www.kresspichl.com\/en\/products\/\" \/>\n<meta property=\"og:site_name\" content=\"Kresspichl - Hofk\u00e4serei Hofladen Ferienwohnung\" \/>\n<meta property=\"article:modified_time\" content=\"2024-05-17T15:02:07+00:00\" \/>\n<meta property=\"og:image\" content=\"https:\/\/www.kresspichl.com\/wordpress\/wp-content\/uploads\/2018\/09\/produkte_10.jpg\" \/>\n\t<meta property=\"og:image:width\" content=\"1000\" \/>\n\t<meta property=\"og:image:height\" content=\"464\" \/>\n\t<meta property=\"og:image:type\" content=\"image\/jpeg\" \/>\n<meta name=\"twitter:card\" content=\"summary_large_image\" \/>\n<meta name=\"twitter:label1\" content=\"Est. reading time\" \/>\n\t<meta name=\"twitter:data1\" content=\"3 minutes\" \/>\n<script type=\"application\/ld+json\" class=\"yoast-schema-graph\">{\"@context\":\"https:\/\/schema.org\",\"@graph\":[{\"@type\":\"WebPage\",\"@id\":\"https:\/\/www.kresspichl.com\/en\/products\/\",\"url\":\"https:\/\/www.kresspichl.com\/en\/products\/\",\"name\":\"Products - Kresspichl - Hofk\u00e4serei Hofladen Ferienwohnung\",\"isPartOf\":{\"@id\":\"https:\/\/www.kresspichl.com\/#website\"},\"primaryImageOfPage\":{\"@id\":\"https:\/\/www.kresspichl.com\/en\/products\/#primaryimage\"},\"image\":{\"@id\":\"https:\/\/www.kresspichl.com\/en\/products\/#primaryimage\"},\"thumbnailUrl\":\"https:\/\/www.kresspichl.com\/wordpress\/wp-content\/uploads\/2018\/09\/produkte_10.jpg\",\"datePublished\":\"2018-09-20T18:46:20+00:00\",\"dateModified\":\"2024-05-17T15:02:07+00:00\",\"breadcrumb\":{\"@id\":\"https:\/\/www.kresspichl.com\/en\/products\/#breadcrumb\"},\"inLanguage\":\"en-US\",\"potentialAction\":[{\"@type\":\"ReadAction\",\"target\":[\"https:\/\/www.kresspichl.com\/en\/products\/\"]}]},{\"@type\":\"ImageObject\",\"inLanguage\":\"en-US\",\"@id\":\"https:\/\/www.kresspichl.com\/en\/products\/#primaryimage\",\"url\":\"https:\/\/www.kresspichl.com\/wordpress\/wp-content\/uploads\/2018\/09\/produkte_10.jpg\",\"contentUrl\":\"https:\/\/www.kresspichl.com\/wordpress\/wp-content\/uploads\/2018\/09\/produkte_10.jpg\",\"width\":1000,\"height\":464},{\"@type\":\"BreadcrumbList\",\"@id\":\"https:\/\/www.kresspichl.com\/en\/products\/#breadcrumb\",\"itemListElement\":[{\"@type\":\"ListItem\",\"position\":1,\"name\":\"Startseite\",\"item\":\"https:\/\/www.kresspichl.com\/en\/\"},{\"@type\":\"ListItem\",\"position\":2,\"name\":\"Products\"}]},{\"@type\":\"WebSite\",\"@id\":\"https:\/\/www.kresspichl.com\/#website\",\"url\":\"https:\/\/www.kresspichl.com\/\",\"name\":\"Kresspichl - Hofk\u00e4serei Hofladen Ferienwohnung\",\"description\":\"B\u00e4uerliche Produkte aus dem Passeiertal (S\u00fcdtirol) Ferienwonungen\",\"publisher\":{\"@id\":\"https:\/\/www.kresspichl.com\/#organization\"},\"potentialAction\":[{\"@type\":\"SearchAction\",\"target\":{\"@type\":\"EntryPoint\",\"urlTemplate\":\"https:\/\/www.kresspichl.com\/?s={search_term_string}\"},\"query-input\":{\"@type\":\"PropertyValueSpecification\",\"valueRequired\":true,\"valueName\":\"search_term_string\"}}],\"inLanguage\":\"en-US\"},{\"@type\":\"Organization\",\"@id\":\"https:\/\/www.kresspichl.com\/#organization\",\"name\":\"Kresspichlguet\",\"url\":\"https:\/\/www.kresspichl.com\/\",\"logo\":{\"@type\":\"ImageObject\",\"inLanguage\":\"en-US\",\"@id\":\"https:\/\/www.kresspichl.com\/#\/schema\/logo\/image\/\",\"url\":\"https:\/\/www.kresspichl.com\/wordpress\/wp-content\/uploads\/2018\/09\/cropped-kresspichlguet-logo.jpg\",\"contentUrl\":\"https:\/\/www.kresspichl.com\/wordpress\/wp-content\/uploads\/2018\/09\/cropped-kresspichlguet-logo.jpg\",\"width\":363,\"height\":59,\"caption\":\"Kresspichlguet\"},\"image\":{\"@id\":\"https:\/\/www.kresspichl.com\/#\/schema\/logo\/image\/\"}}]}<\/script>\n<!-- \/ Yoast SEO plugin. -->","yoast_head_json":{"title":"Products - Kresspichl - Hofk\u00e4serei Hofladen Ferienwohnung","robots":{"index":"index","follow":"follow","max-snippet":"max-snippet:-1","max-image-preview":"max-image-preview:large","max-video-preview":"max-video-preview:-1"},"canonical":"https:\/\/www.kresspichl.com\/en\/products\/","og_locale":"en_US","og_type":"article","og_title":"Products - Kresspichl - Hofk\u00e4serei Hofladen Ferienwohnung","og_description":"HOFEIGENE SPEZIALIT\u00c4TEN AUS DEM PASSEIERTAL Produkte der Hofk\u00e4serei Kresspichl &nbsp; In der neu gebauten K\u00e4serei Kresspichl im Passeiertal (S\u00fcdtirol) verarbeiten wir unsere hofeigene Milch zu vorz\u00fcglichem K\u00e4se, vor allem aus Ziegenrohmilch. Nach wie vor verk\u00e4sen wir die Rohmilch handwerklich und nach traditionellen Rezepturen. Neben dem klassischen Ziegenk\u00e4se begannen wir auch mit dem verk\u00e4sen von Kuhmilch. [&hellip;]","og_url":"https:\/\/www.kresspichl.com\/en\/products\/","og_site_name":"Kresspichl - Hofk\u00e4serei Hofladen Ferienwohnung","article_modified_time":"2024-05-17T15:02:07+00:00","og_image":[{"width":1000,"height":464,"url":"https:\/\/www.kresspichl.com\/wordpress\/wp-content\/uploads\/2018\/09\/produkte_10.jpg","type":"image\/jpeg"}],"twitter_card":"summary_large_image","twitter_misc":{"Est. reading time":"3 minutes"},"schema":{"@context":"https:\/\/schema.org","@graph":[{"@type":"WebPage","@id":"https:\/\/www.kresspichl.com\/en\/products\/","url":"https:\/\/www.kresspichl.com\/en\/products\/","name":"Products - Kresspichl - Hofk\u00e4serei Hofladen Ferienwohnung","isPartOf":{"@id":"https:\/\/www.kresspichl.com\/#website"},"primaryImageOfPage":{"@id":"https:\/\/www.kresspichl.com\/en\/products\/#primaryimage"},"image":{"@id":"https:\/\/www.kresspichl.com\/en\/products\/#primaryimage"},"thumbnailUrl":"https:\/\/www.kresspichl.com\/wordpress\/wp-content\/uploads\/2018\/09\/produkte_10.jpg","datePublished":"2018-09-20T18:46:20+00:00","dateModified":"2024-05-17T15:02:07+00:00","breadcrumb":{"@id":"https:\/\/www.kresspichl.com\/en\/products\/#breadcrumb"},"inLanguage":"en-US","potentialAction":[{"@type":"ReadAction","target":["https:\/\/www.kresspichl.com\/en\/products\/"]}]},{"@type":"ImageObject","inLanguage":"en-US","@id":"https:\/\/www.kresspichl.com\/en\/products\/#primaryimage","url":"https:\/\/www.kresspichl.com\/wordpress\/wp-content\/uploads\/2018\/09\/produkte_10.jpg","contentUrl":"https:\/\/www.kresspichl.com\/wordpress\/wp-content\/uploads\/2018\/09\/produkte_10.jpg","width":1000,"height":464},{"@type":"BreadcrumbList","@id":"https:\/\/www.kresspichl.com\/en\/products\/#breadcrumb","itemListElement":[{"@type":"ListItem","position":1,"name":"Startseite","item":"https:\/\/www.kresspichl.com\/en\/"},{"@type":"ListItem","position":2,"name":"Products"}]},{"@type":"WebSite","@id":"https:\/\/www.kresspichl.com\/#website","url":"https:\/\/www.kresspichl.com\/","name":"Kresspichl - Hofk\u00e4serei Hofladen Ferienwohnung","description":"B\u00e4uerliche Produkte aus dem Passeiertal (S\u00fcdtirol) Ferienwonungen","publisher":{"@id":"https:\/\/www.kresspichl.com\/#organization"},"potentialAction":[{"@type":"SearchAction","target":{"@type":"EntryPoint","urlTemplate":"https:\/\/www.kresspichl.com\/?s={search_term_string}"},"query-input":{"@type":"PropertyValueSpecification","valueRequired":true,"valueName":"search_term_string"}}],"inLanguage":"en-US"},{"@type":"Organization","@id":"https:\/\/www.kresspichl.com\/#organization","name":"Kresspichlguet","url":"https:\/\/www.kresspichl.com\/","logo":{"@type":"ImageObject","inLanguage":"en-US","@id":"https:\/\/www.kresspichl.com\/#\/schema\/logo\/image\/","url":"https:\/\/www.kresspichl.com\/wordpress\/wp-content\/uploads\/2018\/09\/cropped-kresspichlguet-logo.jpg","contentUrl":"https:\/\/www.kresspichl.com\/wordpress\/wp-content\/uploads\/2018\/09\/cropped-kresspichlguet-logo.jpg","width":363,"height":59,"caption":"Kresspichlguet"},"image":{"@id":"https:\/\/www.kresspichl.com\/#\/schema\/logo\/image\/"}}]}},"_links":{"self":[{"href":"https:\/\/www.kresspichl.com\/en\/wp-json\/wp\/v2\/pages\/3382","targetHints":{"allow":["GET"]}}],"collection":[{"href":"https:\/\/www.kresspichl.com\/en\/wp-json\/wp\/v2\/pages"}],"about":[{"href":"https:\/\/www.kresspichl.com\/en\/wp-json\/wp\/v2\/types\/page"}],"author":[{"embeddable":true,"href":"https:\/\/www.kresspichl.com\/en\/wp-json\/wp\/v2\/users\/1"}],"replies":[{"embeddable":true,"href":"https:\/\/www.kresspichl.com\/en\/wp-json\/wp\/v2\/comments?post=3382"}],"version-history":[{"count":2,"href":"https:\/\/www.kresspichl.com\/en\/wp-json\/wp\/v2\/pages\/3382\/revisions"}],"predecessor-version":[{"id":3418,"href":"https:\/\/www.kresspichl.com\/en\/wp-json\/wp\/v2\/pages\/3382\/revisions\/3418"}],"wp:featuredmedia":[{"embeddable":true,"href":"https:\/\/www.kresspichl.com\/en\/wp-json\/wp\/v2\/media\/3383"}],"wp:attachment":[{"href":"https:\/\/www.kresspichl.com\/en\/wp-json\/wp\/v2\/media?parent=3382"}],"curies":[{"name":"wp","href":"https:\/\/api.w.org\/{rel}","templated":true}]}}