{"id":3379,"date":"2018-04-19T11:10:52","date_gmt":"2018-04-19T09:10:52","guid":{"rendered":"http:\/\/102004.web.zcom.it\/wordpress\/aktiv-freizeit\/"},"modified":"2018-10-05T15:37:52","modified_gmt":"2018-10-05T13:37:52","slug":"active_free-time","status":"publish","type":"page","link":"https:\/\/www.kresspichl.com\/en\/active_free-time\/","title":{"rendered":"Active &#038; free time"},"content":{"rendered":"<h1>Umgebung<\/h1>\n<h2>Ausflugstipps vom Gastgeber<\/h2>\n<p>Gerade beim Wandern oder Radfahren lernt man eine Region wie das Passeiertal (S\u00fcdtirol), seine Menschen und Produkte besonders gut kennen. Von Kresspichl ausgehend k\u00f6nnen Sie im Sommer und Winter sch\u00f6ne Wanderungen unternehmen.<\/p>\n<p>Wir wissen um die wechselnden Eindr\u00fccke, die unsere Heimat S\u00fcdtirol bereith\u00e4lt. Als Ihr Gastgeber helfen wir gern mit Wander- und Radvorschl\u00e4gen im Passeiertal aus. Wir organisieren auch Hofwanderungen wo sie unsere Bergwelt und die Einrichtung der K\u00e4serei und unseren Speckkeller besichtigen k\u00f6nnen.<\/p>\n<h2>Klettergarten Bergkristall<\/h2>\n<p>Der Klettergarten &#8220;Bergkristall&#8221; im Hinterpasseier ist f\u00fcr die ganze Familie geeignet, denn bei den Schwierigkeitsgraden 3a \u2013 7b ist f\u00fcr jeden etwas dabei.<\/p>\n<h2>Winteraktivit\u00e4ten<\/h2>\n<p>Das Skigebiet Pfelders ist ungef\u00e4hr einen Kilometer entfernt und durch seine Lage sehr schneesicher und familienfreundlich. Die neu erbaute Karjochbahn (1600-2501m) bringt Sportliebhaber in beheizten Sechsersesseln oder mit Gondeln zu den Startpunkten der Abfahrtstrecke und zu der Rodelbahn. F\u00fcr die Kleinsten warten zwei Kinderpisten sowie eine Natureislaufbahn. Gut pr\u00e4parierte und landschaftlich wundersch\u00f6ne Loipen f\u00fchren ins Lazinsertal.<\/p>\n<p>Au\u00dferdem k\u00f6nnen Sie Schitouren zur R\u00f6telspitze (3037 m) unternehmen, mit den Schneeschuhen wandern oder Spazierg\u00e4nge zur Naturrodelbahn Valtmar genie\u00dfen.<\/p>\n<h2>Bunker Mooseum<\/h2>\n<p>Im Dorf Moos im Passeiertal (S\u00fcdtirol) befindet sich das Bunker Mooseum. Es handelt sich um ein neues Museum mit Erlebnischarakter. Ausstellungsbereiche zur Geschichte des Hinterpasseiers, dem Naturpark Texelgruppe, sowie das Steinbock-Gehege z\u00e4hlen zu den Highlights.<\/p>\n<p>Das Museum ist in einem in den 1940er Jahren vom italienischen Diktator Benito Mussolini errichteten aber nie fertiggestellten Bunker untergebracht. Der Besucher erh\u00e4lt hier Einblick in die Geschichte des Passeiertales. 10.000 Jahre alte Fundst\u00fccke bezeugen die fr\u00fche Besiedlung des Gebirgstales.<\/p>\n<p>Ein weiterer Bereich des \u201eMooseums\u201c ist den Ereignissen des Zweiten Weltkrieges und den Erlebnissen und Erz\u00e4hlungen der Talbewohner gewidmet. Im Au\u00dfenbereich des Bunker \u201eMooseums\u201c geht es um den Naturpark Texelgruppe. Ein Steinbockgehege bietet hier die M\u00f6glichkeit die Wildtiere aus n\u00e4chster N\u00e4he zu betrachten. Daneben kann noch ein Vogelgehege besichtigt werden. Ein Bereich des Bunker \u201eMooseums\u201c ist dem 1983 aufgelassenen Bergwerk St. Martin am Schneeberg \u2013 dem ehemals h\u00f6chstgelegenen Bergwerk Europas \u2013 gewidmet.<\/p>\n<h2>Gasthof Bruggstein<\/h2>\n<p>Inmitten des Naturparks Texelgruppe, in herrlicher Bergkulisse mit wundersch\u00f6nem Panoramablick, liegt unser Partnerbetrieb <a href=\"http:\/\/www.bruggstein.com\/\" target=\"_blank\" rel=\"noopener\">Gasthof Bruggstein<\/a> im Passeiertal.<\/p>\n<p>&nbsp;<\/p>\n<p>&nbsp;<\/p>\n","protected":false},"excerpt":{"rendered":"<p>Umgebung Ausflugstipps vom Gastgeber Gerade beim Wandern oder Radfahren lernt man eine Region wie das Passeiertal (S\u00fcdtirol), seine Menschen und Produkte besonders gut kennen. Von Kresspichl ausgehend k\u00f6nnen Sie im Sommer und Winter sch\u00f6ne Wanderungen unternehmen. Wir wissen um die wechselnden Eindr\u00fccke, die unsere Heimat S\u00fcdtirol bereith\u00e4lt. Als Ihr Gastgeber helfen wir gern mit Wander- [&hellip;]<\/p>\n","protected":false},"author":1,"featured_media":0,"parent":0,"menu_order":3,"comment_status":"closed","ping_status":"closed","template":"","meta":{"footnotes":""},"class_list":["post-3379","page","type-page","status-publish","hentry"],"yoast_head":"<!-- This site is optimized with the Yoast SEO plugin v24.0 - https:\/\/yoast.com\/wordpress\/plugins\/seo\/ -->\n<title>Active &amp; free time - Kresspichl - Hofk\u00e4serei Hofladen Ferienwohnung<\/title>\n<meta name=\"robots\" content=\"index, follow, max-snippet:-1, max-image-preview:large, max-video-preview:-1\" \/>\n<link rel=\"canonical\" href=\"https:\/\/www.kresspichl.com\/en\/active_free-time\/\" \/>\n<meta property=\"og:locale\" content=\"en_US\" \/>\n<meta property=\"og:type\" content=\"article\" \/>\n<meta property=\"og:title\" content=\"Active &amp; free time - Kresspichl - Hofk\u00e4serei Hofladen Ferienwohnung\" \/>\n<meta property=\"og:description\" content=\"Umgebung Ausflugstipps vom Gastgeber Gerade beim Wandern oder Radfahren lernt man eine Region wie das Passeiertal (S\u00fcdtirol), seine Menschen und Produkte besonders gut kennen. Von Kresspichl ausgehend k\u00f6nnen Sie im Sommer und Winter sch\u00f6ne Wanderungen unternehmen. Wir wissen um die wechselnden Eindr\u00fccke, die unsere Heimat S\u00fcdtirol bereith\u00e4lt. Als Ihr Gastgeber helfen wir gern mit Wander- [&hellip;]\" \/>\n<meta property=\"og:url\" content=\"https:\/\/www.kresspichl.com\/en\/active_free-time\/\" \/>\n<meta property=\"og:site_name\" content=\"Kresspichl - Hofk\u00e4serei Hofladen Ferienwohnung\" \/>\n<meta property=\"article:modified_time\" content=\"2018-10-05T13:37:52+00:00\" \/>\n<meta name=\"twitter:card\" content=\"summary_large_image\" \/>\n<meta name=\"twitter:label1\" content=\"Est. reading time\" \/>\n\t<meta name=\"twitter:data1\" content=\"2 minutes\" \/>\n<script type=\"application\/ld+json\" class=\"yoast-schema-graph\">{\"@context\":\"https:\/\/schema.org\",\"@graph\":[{\"@type\":\"WebPage\",\"@id\":\"https:\/\/www.kresspichl.com\/en\/active_free-time\/\",\"url\":\"https:\/\/www.kresspichl.com\/en\/active_free-time\/\",\"name\":\"Active & free time - Kresspichl - Hofk\u00e4serei Hofladen Ferienwohnung\",\"isPartOf\":{\"@id\":\"https:\/\/www.kresspichl.com\/#website\"},\"datePublished\":\"2018-04-19T09:10:52+00:00\",\"dateModified\":\"2018-10-05T13:37:52+00:00\",\"breadcrumb\":{\"@id\":\"https:\/\/www.kresspichl.com\/en\/active_free-time\/#breadcrumb\"},\"inLanguage\":\"en-US\",\"potentialAction\":[{\"@type\":\"ReadAction\",\"target\":[\"https:\/\/www.kresspichl.com\/en\/active_free-time\/\"]}]},{\"@type\":\"BreadcrumbList\",\"@id\":\"https:\/\/www.kresspichl.com\/en\/active_free-time\/#breadcrumb\",\"itemListElement\":[{\"@type\":\"ListItem\",\"position\":1,\"name\":\"Startseite\",\"item\":\"https:\/\/www.kresspichl.com\/en\/\"},{\"@type\":\"ListItem\",\"position\":2,\"name\":\"Active &#038; free time\"}]},{\"@type\":\"WebSite\",\"@id\":\"https:\/\/www.kresspichl.com\/#website\",\"url\":\"https:\/\/www.kresspichl.com\/\",\"name\":\"Kresspichl - Hofk\u00e4serei Hofladen Ferienwohnung\",\"description\":\"B\u00e4uerliche Produkte aus dem Passeiertal (S\u00fcdtirol) Ferienwonungen\",\"publisher\":{\"@id\":\"https:\/\/www.kresspichl.com\/#organization\"},\"potentialAction\":[{\"@type\":\"SearchAction\",\"target\":{\"@type\":\"EntryPoint\",\"urlTemplate\":\"https:\/\/www.kresspichl.com\/?s={search_term_string}\"},\"query-input\":{\"@type\":\"PropertyValueSpecification\",\"valueRequired\":true,\"valueName\":\"search_term_string\"}}],\"inLanguage\":\"en-US\"},{\"@type\":\"Organization\",\"@id\":\"https:\/\/www.kresspichl.com\/#organization\",\"name\":\"Kresspichlguet\",\"url\":\"https:\/\/www.kresspichl.com\/\",\"logo\":{\"@type\":\"ImageObject\",\"inLanguage\":\"en-US\",\"@id\":\"https:\/\/www.kresspichl.com\/#\/schema\/logo\/image\/\",\"url\":\"https:\/\/www.kresspichl.com\/wordpress\/wp-content\/uploads\/2018\/09\/cropped-kresspichlguet-logo.jpg\",\"contentUrl\":\"https:\/\/www.kresspichl.com\/wordpress\/wp-content\/uploads\/2018\/09\/cropped-kresspichlguet-logo.jpg\",\"width\":363,\"height\":59,\"caption\":\"Kresspichlguet\"},\"image\":{\"@id\":\"https:\/\/www.kresspichl.com\/#\/schema\/logo\/image\/\"}}]}<\/script>\n<!-- \/ Yoast SEO plugin. -->","yoast_head_json":{"title":"Active & free time - Kresspichl - Hofk\u00e4serei Hofladen Ferienwohnung","robots":{"index":"index","follow":"follow","max-snippet":"max-snippet:-1","max-image-preview":"max-image-preview:large","max-video-preview":"max-video-preview:-1"},"canonical":"https:\/\/www.kresspichl.com\/en\/active_free-time\/","og_locale":"en_US","og_type":"article","og_title":"Active & free time - Kresspichl - Hofk\u00e4serei Hofladen Ferienwohnung","og_description":"Umgebung Ausflugstipps vom Gastgeber Gerade beim Wandern oder Radfahren lernt man eine Region wie das Passeiertal (S\u00fcdtirol), seine Menschen und Produkte besonders gut kennen. Von Kresspichl ausgehend k\u00f6nnen Sie im Sommer und Winter sch\u00f6ne Wanderungen unternehmen. Wir wissen um die wechselnden Eindr\u00fccke, die unsere Heimat S\u00fcdtirol bereith\u00e4lt. Als Ihr Gastgeber helfen wir gern mit Wander- [&hellip;]","og_url":"https:\/\/www.kresspichl.com\/en\/active_free-time\/","og_site_name":"Kresspichl - Hofk\u00e4serei Hofladen Ferienwohnung","article_modified_time":"2018-10-05T13:37:52+00:00","twitter_card":"summary_large_image","twitter_misc":{"Est. reading time":"2 minutes"},"schema":{"@context":"https:\/\/schema.org","@graph":[{"@type":"WebPage","@id":"https:\/\/www.kresspichl.com\/en\/active_free-time\/","url":"https:\/\/www.kresspichl.com\/en\/active_free-time\/","name":"Active & free time - Kresspichl - Hofk\u00e4serei Hofladen Ferienwohnung","isPartOf":{"@id":"https:\/\/www.kresspichl.com\/#website"},"datePublished":"2018-04-19T09:10:52+00:00","dateModified":"2018-10-05T13:37:52+00:00","breadcrumb":{"@id":"https:\/\/www.kresspichl.com\/en\/active_free-time\/#breadcrumb"},"inLanguage":"en-US","potentialAction":[{"@type":"ReadAction","target":["https:\/\/www.kresspichl.com\/en\/active_free-time\/"]}]},{"@type":"BreadcrumbList","@id":"https:\/\/www.kresspichl.com\/en\/active_free-time\/#breadcrumb","itemListElement":[{"@type":"ListItem","position":1,"name":"Startseite","item":"https:\/\/www.kresspichl.com\/en\/"},{"@type":"ListItem","position":2,"name":"Active &#038; free time"}]},{"@type":"WebSite","@id":"https:\/\/www.kresspichl.com\/#website","url":"https:\/\/www.kresspichl.com\/","name":"Kresspichl - Hofk\u00e4serei Hofladen Ferienwohnung","description":"B\u00e4uerliche Produkte aus dem Passeiertal (S\u00fcdtirol) Ferienwonungen","publisher":{"@id":"https:\/\/www.kresspichl.com\/#organization"},"potentialAction":[{"@type":"SearchAction","target":{"@type":"EntryPoint","urlTemplate":"https:\/\/www.kresspichl.com\/?s={search_term_string}"},"query-input":{"@type":"PropertyValueSpecification","valueRequired":true,"valueName":"search_term_string"}}],"inLanguage":"en-US"},{"@type":"Organization","@id":"https:\/\/www.kresspichl.com\/#organization","name":"Kresspichlguet","url":"https:\/\/www.kresspichl.com\/","logo":{"@type":"ImageObject","inLanguage":"en-US","@id":"https:\/\/www.kresspichl.com\/#\/schema\/logo\/image\/","url":"https:\/\/www.kresspichl.com\/wordpress\/wp-content\/uploads\/2018\/09\/cropped-kresspichlguet-logo.jpg","contentUrl":"https:\/\/www.kresspichl.com\/wordpress\/wp-content\/uploads\/2018\/09\/cropped-kresspichlguet-logo.jpg","width":363,"height":59,"caption":"Kresspichlguet"},"image":{"@id":"https:\/\/www.kresspichl.com\/#\/schema\/logo\/image\/"}}]}},"_links":{"self":[{"href":"https:\/\/www.kresspichl.com\/en\/wp-json\/wp\/v2\/pages\/3379","targetHints":{"allow":["GET"]}}],"collection":[{"href":"https:\/\/www.kresspichl.com\/en\/wp-json\/wp\/v2\/pages"}],"about":[{"href":"https:\/\/www.kresspichl.com\/en\/wp-json\/wp\/v2\/types\/page"}],"author":[{"embeddable":true,"href":"https:\/\/www.kresspichl.com\/en\/wp-json\/wp\/v2\/users\/1"}],"replies":[{"embeddable":true,"href":"https:\/\/www.kresspichl.com\/en\/wp-json\/wp\/v2\/comments?post=3379"}],"version-history":[{"count":2,"href":"https:\/\/www.kresspichl.com\/en\/wp-json\/wp\/v2\/pages\/3379\/revisions"}],"predecessor-version":[{"id":3417,"href":"https:\/\/www.kresspichl.com\/en\/wp-json\/wp\/v2\/pages\/3379\/revisions\/3417"}],"wp:attachment":[{"href":"https:\/\/www.kresspichl.com\/en\/wp-json\/wp\/v2\/media?parent=3379"}],"curies":[{"name":"wp","href":"https:\/\/api.w.org\/{rel}","templated":true}]}}