{"id":3376,"date":"2016-11-12T12:05:59","date_gmt":"2016-11-12T11:05:59","guid":{"rendered":"http:\/\/102004.web.zcom.it\/wordpress\/ferienwohnungen\/"},"modified":"2024-05-17T16:33:53","modified_gmt":"2024-05-17T14:33:53","slug":"apartments","status":"publish","type":"page","link":"https:\/\/www.kresspichl.com\/en\/apartments\/","title":{"rendered":"Apartments"},"content":{"rendered":"<p>&nbsp;<\/p>\n<div id='gallery-1' class='gallery galleryid-3376 gallery-columns-3 gallery-size-medium'><figure class='gallery-item'>\n\t\t\t<div class='gallery-icon landscape'>\n\t\t\t\t<a href='https:\/\/www.kresspichl.com\/wordpress\/wp-content\/uploads\/2018\/09\/Bilder-15.11.2008-277.jpg' data-lightbox=\"gal[3376]\"><img loading=\"lazy\" decoding=\"async\" width=\"300\" height=\"225\" src=\"https:\/\/www.kresspichl.com\/wordpress\/wp-content\/uploads\/2018\/09\/Bilder-15.11.2008-277-300x225.jpg\" class=\"attachment-medium size-medium\" alt=\"\" aria-describedby=\"gallery-1-1769\" srcset=\"https:\/\/www.kresspichl.com\/wordpress\/wp-content\/uploads\/2018\/09\/Bilder-15.11.2008-277-300x225.jpg 300w, https:\/\/www.kresspichl.com\/wordpress\/wp-content\/uploads\/2018\/09\/Bilder-15.11.2008-277-768x576.jpg 768w, https:\/\/www.kresspichl.com\/wordpress\/wp-content\/uploads\/2018\/09\/Bilder-15.11.2008-277-1024x768.jpg 1024w, https:\/\/www.kresspichl.com\/wordpress\/wp-content\/uploads\/2018\/09\/Bilder-15.11.2008-277-750x563.jpg 750w, https:\/\/www.kresspichl.com\/wordpress\/wp-content\/uploads\/2018\/09\/Bilder-15.11.2008-277-555x416.jpg 555w\" sizes=\"auto, (max-width: 300px) 100vw, 300px\" \/><\/a>\n\t\t\t<\/div>\n\t\t\t\t<figcaption class='wp-caption-text gallery-caption' id='gallery-1-1769'>\n\t\t\t\tHofstelle Kresspichl\n\t\t\t\t<\/figcaption><\/figure><figure class='gallery-item'>\n\t\t\t<div class='gallery-icon landscape'>\n\t\t\t\t<a href='https:\/\/www.kresspichl.com\/wordpress\/wp-content\/uploads\/2018\/09\/IMG_2730.jpg' data-lightbox=\"gal[3376]\"><img loading=\"lazy\" decoding=\"async\" width=\"300\" height=\"225\" src=\"https:\/\/www.kresspichl.com\/wordpress\/wp-content\/uploads\/2018\/09\/IMG_2730-300x225.jpg\" class=\"attachment-medium size-medium\" alt=\"\" aria-describedby=\"gallery-1-1744\" srcset=\"https:\/\/www.kresspichl.com\/wordpress\/wp-content\/uploads\/2018\/09\/IMG_2730-300x225.jpg 300w, https:\/\/www.kresspichl.com\/wordpress\/wp-content\/uploads\/2018\/09\/IMG_2730-768x576.jpg 768w, https:\/\/www.kresspichl.com\/wordpress\/wp-content\/uploads\/2018\/09\/IMG_2730-1024x768.jpg 1024w, https:\/\/www.kresspichl.com\/wordpress\/wp-content\/uploads\/2018\/09\/IMG_2730-750x563.jpg 750w, https:\/\/www.kresspichl.com\/wordpress\/wp-content\/uploads\/2018\/09\/IMG_2730-555x416.jpg 555w\" sizes=\"auto, (max-width: 300px) 100vw, 300px\" \/><\/a>\n\t\t\t<\/div>\n\t\t\t\t<figcaption class='wp-caption-text gallery-caption' id='gallery-1-1744'>\n\t\t\t\tWohnung Dachgeschoss\n\t\t\t\t<\/figcaption><\/figure><figure class='gallery-item'>\n\t\t\t<div class='gallery-icon landscape'>\n\t\t\t\t<a href='https:\/\/www.kresspichl.com\/wordpress\/wp-content\/uploads\/2018\/09\/IMG_3274.jpg' data-lightbox=\"gal[3376]\"><img loading=\"lazy\" decoding=\"async\" width=\"300\" height=\"225\" src=\"https:\/\/www.kresspichl.com\/wordpress\/wp-content\/uploads\/2018\/09\/IMG_3274-300x225.jpg\" class=\"attachment-medium size-medium\" alt=\"\" aria-describedby=\"gallery-1-1983\" srcset=\"https:\/\/www.kresspichl.com\/wordpress\/wp-content\/uploads\/2018\/09\/IMG_3274-300x225.jpg 300w, https:\/\/www.kresspichl.com\/wordpress\/wp-content\/uploads\/2018\/09\/IMG_3274-768x576.jpg 768w, https:\/\/www.kresspichl.com\/wordpress\/wp-content\/uploads\/2018\/09\/IMG_3274-1024x768.jpg 1024w, https:\/\/www.kresspichl.com\/wordpress\/wp-content\/uploads\/2018\/09\/IMG_3274-750x563.jpg 750w, https:\/\/www.kresspichl.com\/wordpress\/wp-content\/uploads\/2018\/09\/IMG_3274-555x416.jpg 555w, https:\/\/www.kresspichl.com\/wordpress\/wp-content\/uploads\/2018\/09\/IMG_3274.jpg 1365w\" sizes=\"auto, (max-width: 300px) 100vw, 300px\" \/><\/a>\n\t\t\t<\/div>\n\t\t\t\t<figcaption class='wp-caption-text gallery-caption' id='gallery-1-1983'>\n\t\t\t\tWohnung Dachgeschoss\n\t\t\t\t<\/figcaption><\/figure><figure class='gallery-item'>\n\t\t\t<div class='gallery-icon landscape'>\n\t\t\t\t<a href='https:\/\/www.kresspichl.com\/wordpress\/wp-content\/uploads\/2018\/09\/IMG_3273.jpg' data-lightbox=\"gal[3376]\"><img loading=\"lazy\" decoding=\"async\" width=\"300\" height=\"225\" src=\"https:\/\/www.kresspichl.com\/wordpress\/wp-content\/uploads\/2018\/09\/IMG_3273-300x225.jpg\" class=\"attachment-medium size-medium\" alt=\"\" aria-describedby=\"gallery-1-1747\" srcset=\"https:\/\/www.kresspichl.com\/wordpress\/wp-content\/uploads\/2018\/09\/IMG_3273-300x225.jpg 300w, https:\/\/www.kresspichl.com\/wordpress\/wp-content\/uploads\/2018\/09\/IMG_3273-768x576.jpg 768w, https:\/\/www.kresspichl.com\/wordpress\/wp-content\/uploads\/2018\/09\/IMG_3273-1024x768.jpg 1024w, https:\/\/www.kresspichl.com\/wordpress\/wp-content\/uploads\/2018\/09\/IMG_3273-750x563.jpg 750w, https:\/\/www.kresspichl.com\/wordpress\/wp-content\/uploads\/2018\/09\/IMG_3273-555x416.jpg 555w\" sizes=\"auto, (max-width: 300px) 100vw, 300px\" \/><\/a>\n\t\t\t<\/div>\n\t\t\t\t<figcaption class='wp-caption-text gallery-caption' id='gallery-1-1747'>\n\t\t\t\tZum Dachgeschoss\n\t\t\t\t<\/figcaption><\/figure><figure class='gallery-item'>\n\t\t\t<div class='gallery-icon landscape'>\n\t\t\t\t<a href='https:\/\/www.kresspichl.com\/wordpress\/wp-content\/uploads\/2018\/09\/IMG_2724.jpg' data-lightbox=\"gal[3376]\"><img loading=\"lazy\" decoding=\"async\" width=\"300\" height=\"225\" src=\"https:\/\/www.kresspichl.com\/wordpress\/wp-content\/uploads\/2018\/09\/IMG_2724-300x225.jpg\" class=\"attachment-medium size-medium\" alt=\"\" srcset=\"https:\/\/www.kresspichl.com\/wordpress\/wp-content\/uploads\/2018\/09\/IMG_2724-300x225.jpg 300w, https:\/\/www.kresspichl.com\/wordpress\/wp-content\/uploads\/2018\/09\/IMG_2724-768x576.jpg 768w, https:\/\/www.kresspichl.com\/wordpress\/wp-content\/uploads\/2018\/09\/IMG_2724-1024x768.jpg 1024w, https:\/\/www.kresspichl.com\/wordpress\/wp-content\/uploads\/2018\/09\/IMG_2724-750x563.jpg 750w, https:\/\/www.kresspichl.com\/wordpress\/wp-content\/uploads\/2018\/09\/IMG_2724-555x416.jpg 555w\" sizes=\"auto, (max-width: 300px) 100vw, 300px\" \/><\/a>\n\t\t\t<\/div><\/figure><figure class='gallery-item'>\n\t\t\t<div class='gallery-icon landscape'>\n\t\t\t\t<a href='https:\/\/www.kresspichl.com\/wordpress\/wp-content\/uploads\/2018\/09\/Bilder-15.11.2008-240.jpg' data-lightbox=\"gal[3376]\"><img loading=\"lazy\" decoding=\"async\" width=\"300\" height=\"225\" src=\"https:\/\/www.kresspichl.com\/wordpress\/wp-content\/uploads\/2018\/09\/Bilder-15.11.2008-240-300x225.jpg\" class=\"attachment-medium size-medium\" alt=\"\" srcset=\"https:\/\/www.kresspichl.com\/wordpress\/wp-content\/uploads\/2018\/09\/Bilder-15.11.2008-240-300x225.jpg 300w, https:\/\/www.kresspichl.com\/wordpress\/wp-content\/uploads\/2018\/09\/Bilder-15.11.2008-240-768x576.jpg 768w, https:\/\/www.kresspichl.com\/wordpress\/wp-content\/uploads\/2018\/09\/Bilder-15.11.2008-240-1024x768.jpg 1024w, https:\/\/www.kresspichl.com\/wordpress\/wp-content\/uploads\/2018\/09\/Bilder-15.11.2008-240-750x563.jpg 750w, https:\/\/www.kresspichl.com\/wordpress\/wp-content\/uploads\/2018\/09\/Bilder-15.11.2008-240-555x416.jpg 555w\" sizes=\"auto, (max-width: 300px) 100vw, 300px\" \/><\/a>\n\t\t\t<\/div><\/figure>\n\t\t<\/div>\n\n<h1>Holiday Apartments in the Upper Passeier Valley!<\/h1>\n<p>The holiday apartments in the Kresspichl farmhouse guarantee pure relaxation. Two apartments with separate entrances are located on the second floor of the house.<\/p>\n<p>One apartment features a fully equipped kitchen, two bedrooms, a balcony, a WC, a bathroom with a bathtub, a TV with satellite connection, and high-speed Wi-Fi.<\/p>\n<p>The second apartment features a fully equipped kitchen, two bedrooms, a balcony, a WC, a bidet, a bathroom with either a bathtub or a shower, a TV with satellite connection, and high-speed Wi-Fi. This apartment offers comfortable sleeping accommodations for <strong>2 to a maximum of 11 people.<\/strong><\/p>\n<p><!--more--><\/p>\n<p>Bed linens, bath towels, hand towels, dish towels, dining and cooking utensils, a kettle, a dishwasher, an oven, and a hairdryer are all provided.<\/p>\n<p>A crib and additional child equipment are available upon request.<br \/>\nIt is possible to have lunch and dinner at our farm tavern. Warm meals are served until 8:00 PM.<\/p>\n<h2>Prices<\/h2>\n<p><strong>Holiday apartment for 2 people including farmhouse breakfast:<\/strong><br \/>\nMinimum price: \u20ac90.00<br \/>\nMaximum price: \u20ac120.00<br \/>\n<strong>Each additional person is charged separately:<\/strong><br \/>\nChildren up to 4 years old: free<br \/>\nChildren aged 4 to 10 years: \u20ac9.00<br \/>\nChildren aged 10 and above and adults: \u20ac15.00<br \/>\nIn addition to the stated prices, a local tax will be charged. This amounts to \u20ac1.15 per person per night. Children under 14 years are exempt.<br \/>\nFor stays of less than 4 days, a 10% surcharge applies<br \/>\nFinal cleaning: \u20ac35<\/p>\n<p>Dogs are allowed only with prior arrangement and for an additional charge of \u20ac5.00 per day.<br \/>\nThe invoice is preferably paid in cash; please note that we do not accept credit cards.<\/p>\n<h3>Arrival and Departure<\/h3>\n<p>On the day of arrival, the holiday apartments are ready for occupancy from 2:00 PM. On the day of departure, we ask you to vacate the apartments by 10:00 AM. If you plan to arrive after 6:00 PM, please let us know in advance.<br \/>\nWithout prior agreement or notification of a later arrival, the reservation will lose its validity after 8:00 PM.<\/p>\n<h3>Booking<\/h3>\n<p>Please note: The booking is only binding after you and we have sent written confirmation.<br \/>\nCancellation Policy according to Art. 1382 ZGB<\/p>\n<p>There is no right of withdrawal as defined by the Italian Consumer Protection Code. However, we grant a right of withdrawal under the following cancellation conditions:<br \/>\nThe reservation can be canceled without a cancellation fee up to 45 days before the arrival date.<br \/>\nIn case of cancellations by the guest between 30 days and the arrival date, the following cancellation fees apply:<\/p>\n<p>Cancellation up to 30 days before the arrival date: \u20ac50 Cancellation up to 14 days before the arrival date: \u20ac150 Cancellation up to 3 days before the arrival date: 50% of the agreed total price Cancellation less than 3 days before the arrival date: 80% of the agreed total price<\/p>\n<p>In case of no-show or early departure, the full amount for the entire booking period is due.<br \/>\nPlease inform us in good time if you are unable to start your holiday or need to postpone it!<\/p>\n","protected":false},"excerpt":{"rendered":"<p>&nbsp; Holiday Apartments in the Upper Passeier Valley! The holiday apartments in the Kresspichl farmhouse guarantee pure relaxation. Two apartments with separate entrances are located on the second floor of the house. One apartment features a fully equipped kitchen, two bedrooms, a balcony, a WC, a bathroom with a bathtub, a TV with satellite connection, [&hellip;]<\/p>\n","protected":false},"author":1,"featured_media":1744,"parent":0,"menu_order":2,"comment_status":"closed","ping_status":"closed","template":"","meta":{"footnotes":""},"class_list":["post-3376","page","type-page","status-publish","has-post-thumbnail","hentry"],"yoast_head":"<!-- This site is optimized with the Yoast SEO plugin v27.4 - https:\/\/yoast.com\/product\/yoast-seo-wordpress\/ -->\n<title>Apartments - Kresspichl - Hofk\u00e4serei Hofladen Ferienwohnung<\/title>\n<meta name=\"robots\" content=\"index, follow, max-snippet:-1, max-image-preview:large, max-video-preview:-1\" \/>\n<link rel=\"canonical\" href=\"https:\/\/www.kresspichl.com\/en\/apartments\/\" \/>\n<meta property=\"og:locale\" content=\"en_US\" \/>\n<meta property=\"og:type\" content=\"article\" \/>\n<meta property=\"og:title\" content=\"Apartments - Kresspichl - Hofk\u00e4serei Hofladen Ferienwohnung\" \/>\n<meta property=\"og:description\" content=\"&nbsp; Holiday Apartments in the Upper Passeier Valley! The holiday apartments in the Kresspichl farmhouse guarantee pure relaxation. Two apartments with separate entrances are located on the second floor of the house. One apartment features a fully equipped kitchen, two bedrooms, a balcony, a WC, a bathroom with a bathtub, a TV with satellite connection, [&hellip;]\" \/>\n<meta property=\"og:url\" content=\"https:\/\/www.kresspichl.com\/en\/apartments\/\" \/>\n<meta property=\"og:site_name\" content=\"Kresspichl - Hofk\u00e4serei Hofladen Ferienwohnung\" \/>\n<meta property=\"article:modified_time\" content=\"2024-05-17T14:33:53+00:00\" \/>\n<meta property=\"og:image\" content=\"https:\/\/www.kresspichl.com\/wordpress\/wp-content\/uploads\/2018\/09\/IMG_2730.jpg\" \/>\n\t<meta property=\"og:image:width\" content=\"3264\" \/>\n\t<meta property=\"og:image:height\" content=\"2448\" \/>\n\t<meta property=\"og:image:type\" content=\"image\/jpeg\" \/>\n<meta name=\"twitter:card\" content=\"summary_large_image\" \/>\n<meta name=\"twitter:label1\" content=\"Est. reading time\" \/>\n\t<meta name=\"twitter:data1\" content=\"4 minutes\" \/>\n<script type=\"application\/ld+json\" class=\"yoast-schema-graph\">{\"@context\":\"https:\\\/\\\/schema.org\",\"@graph\":[{\"@type\":\"WebPage\",\"@id\":\"https:\\\/\\\/www.kresspichl.com\\\/en\\\/apartments\\\/\",\"url\":\"https:\\\/\\\/www.kresspichl.com\\\/en\\\/apartments\\\/\",\"name\":\"Apartments - Kresspichl - Hofk\u00e4serei Hofladen Ferienwohnung\",\"isPartOf\":{\"@id\":\"https:\\\/\\\/www.kresspichl.com\\\/#website\"},\"primaryImageOfPage\":{\"@id\":\"https:\\\/\\\/www.kresspichl.com\\\/en\\\/apartments\\\/#primaryimage\"},\"image\":{\"@id\":\"https:\\\/\\\/www.kresspichl.com\\\/en\\\/apartments\\\/#primaryimage\"},\"thumbnailUrl\":\"https:\\\/\\\/www.kresspichl.com\\\/wordpress\\\/wp-content\\\/uploads\\\/2018\\\/09\\\/IMG_2730.jpg\",\"datePublished\":\"2016-11-12T11:05:59+00:00\",\"dateModified\":\"2024-05-17T14:33:53+00:00\",\"breadcrumb\":{\"@id\":\"https:\\\/\\\/www.kresspichl.com\\\/en\\\/apartments\\\/#breadcrumb\"},\"inLanguage\":\"en-US\",\"potentialAction\":[{\"@type\":\"ReadAction\",\"target\":[\"https:\\\/\\\/www.kresspichl.com\\\/en\\\/apartments\\\/\"]}]},{\"@type\":\"ImageObject\",\"inLanguage\":\"en-US\",\"@id\":\"https:\\\/\\\/www.kresspichl.com\\\/en\\\/apartments\\\/#primaryimage\",\"url\":\"https:\\\/\\\/www.kresspichl.com\\\/wordpress\\\/wp-content\\\/uploads\\\/2018\\\/09\\\/IMG_2730.jpg\",\"contentUrl\":\"https:\\\/\\\/www.kresspichl.com\\\/wordpress\\\/wp-content\\\/uploads\\\/2018\\\/09\\\/IMG_2730.jpg\",\"width\":3264,\"height\":2448,\"caption\":\"Wohnung Dachgeschoss\"},{\"@type\":\"BreadcrumbList\",\"@id\":\"https:\\\/\\\/www.kresspichl.com\\\/en\\\/apartments\\\/#breadcrumb\",\"itemListElement\":[{\"@type\":\"ListItem\",\"position\":1,\"name\":\"Startseite\",\"item\":\"https:\\\/\\\/www.kresspichl.com\\\/en\\\/\"},{\"@type\":\"ListItem\",\"position\":2,\"name\":\"Apartments\"}]},{\"@type\":\"WebSite\",\"@id\":\"https:\\\/\\\/www.kresspichl.com\\\/#website\",\"url\":\"https:\\\/\\\/www.kresspichl.com\\\/\",\"name\":\"Kresspichl - Hofk\u00e4serei Hofladen Ferienwohnung\",\"description\":\"B\u00e4uerliche Produkte aus dem Passeiertal (S\u00fcdtirol) Ferienwonungen\",\"publisher\":{\"@id\":\"https:\\\/\\\/www.kresspichl.com\\\/#organization\"},\"potentialAction\":[{\"@type\":\"SearchAction\",\"target\":{\"@type\":\"EntryPoint\",\"urlTemplate\":\"https:\\\/\\\/www.kresspichl.com\\\/?s={search_term_string}\"},\"query-input\":{\"@type\":\"PropertyValueSpecification\",\"valueRequired\":true,\"valueName\":\"search_term_string\"}}],\"inLanguage\":\"en-US\"},{\"@type\":\"Organization\",\"@id\":\"https:\\\/\\\/www.kresspichl.com\\\/#organization\",\"name\":\"Kresspichlguet\",\"url\":\"https:\\\/\\\/www.kresspichl.com\\\/\",\"logo\":{\"@type\":\"ImageObject\",\"inLanguage\":\"en-US\",\"@id\":\"https:\\\/\\\/www.kresspichl.com\\\/#\\\/schema\\\/logo\\\/image\\\/\",\"url\":\"https:\\\/\\\/www.kresspichl.com\\\/wordpress\\\/wp-content\\\/uploads\\\/2018\\\/09\\\/cropped-kresspichlguet-logo.jpg\",\"contentUrl\":\"https:\\\/\\\/www.kresspichl.com\\\/wordpress\\\/wp-content\\\/uploads\\\/2018\\\/09\\\/cropped-kresspichlguet-logo.jpg\",\"width\":363,\"height\":59,\"caption\":\"Kresspichlguet\"},\"image\":{\"@id\":\"https:\\\/\\\/www.kresspichl.com\\\/#\\\/schema\\\/logo\\\/image\\\/\"}}]}<\/script>\n<!-- \/ Yoast SEO plugin. -->","yoast_head_json":{"title":"Apartments - Kresspichl - Hofk\u00e4serei Hofladen Ferienwohnung","robots":{"index":"index","follow":"follow","max-snippet":"max-snippet:-1","max-image-preview":"max-image-preview:large","max-video-preview":"max-video-preview:-1"},"canonical":"https:\/\/www.kresspichl.com\/en\/apartments\/","og_locale":"en_US","og_type":"article","og_title":"Apartments - Kresspichl - Hofk\u00e4serei Hofladen Ferienwohnung","og_description":"&nbsp; Holiday Apartments in the Upper Passeier Valley! The holiday apartments in the Kresspichl farmhouse guarantee pure relaxation. Two apartments with separate entrances are located on the second floor of the house. One apartment features a fully equipped kitchen, two bedrooms, a balcony, a WC, a bathroom with a bathtub, a TV with satellite connection, [&hellip;]","og_url":"https:\/\/www.kresspichl.com\/en\/apartments\/","og_site_name":"Kresspichl - Hofk\u00e4serei Hofladen Ferienwohnung","article_modified_time":"2024-05-17T14:33:53+00:00","og_image":[{"width":3264,"height":2448,"url":"https:\/\/www.kresspichl.com\/wordpress\/wp-content\/uploads\/2018\/09\/IMG_2730.jpg","type":"image\/jpeg"}],"twitter_card":"summary_large_image","twitter_misc":{"Est. reading time":"4 minutes"},"schema":{"@context":"https:\/\/schema.org","@graph":[{"@type":"WebPage","@id":"https:\/\/www.kresspichl.com\/en\/apartments\/","url":"https:\/\/www.kresspichl.com\/en\/apartments\/","name":"Apartments - Kresspichl - Hofk\u00e4serei Hofladen Ferienwohnung","isPartOf":{"@id":"https:\/\/www.kresspichl.com\/#website"},"primaryImageOfPage":{"@id":"https:\/\/www.kresspichl.com\/en\/apartments\/#primaryimage"},"image":{"@id":"https:\/\/www.kresspichl.com\/en\/apartments\/#primaryimage"},"thumbnailUrl":"https:\/\/www.kresspichl.com\/wordpress\/wp-content\/uploads\/2018\/09\/IMG_2730.jpg","datePublished":"2016-11-12T11:05:59+00:00","dateModified":"2024-05-17T14:33:53+00:00","breadcrumb":{"@id":"https:\/\/www.kresspichl.com\/en\/apartments\/#breadcrumb"},"inLanguage":"en-US","potentialAction":[{"@type":"ReadAction","target":["https:\/\/www.kresspichl.com\/en\/apartments\/"]}]},{"@type":"ImageObject","inLanguage":"en-US","@id":"https:\/\/www.kresspichl.com\/en\/apartments\/#primaryimage","url":"https:\/\/www.kresspichl.com\/wordpress\/wp-content\/uploads\/2018\/09\/IMG_2730.jpg","contentUrl":"https:\/\/www.kresspichl.com\/wordpress\/wp-content\/uploads\/2018\/09\/IMG_2730.jpg","width":3264,"height":2448,"caption":"Wohnung Dachgeschoss"},{"@type":"BreadcrumbList","@id":"https:\/\/www.kresspichl.com\/en\/apartments\/#breadcrumb","itemListElement":[{"@type":"ListItem","position":1,"name":"Startseite","item":"https:\/\/www.kresspichl.com\/en\/"},{"@type":"ListItem","position":2,"name":"Apartments"}]},{"@type":"WebSite","@id":"https:\/\/www.kresspichl.com\/#website","url":"https:\/\/www.kresspichl.com\/","name":"Kresspichl - Hofk\u00e4serei Hofladen Ferienwohnung","description":"B\u00e4uerliche Produkte aus dem Passeiertal (S\u00fcdtirol) Ferienwonungen","publisher":{"@id":"https:\/\/www.kresspichl.com\/#organization"},"potentialAction":[{"@type":"SearchAction","target":{"@type":"EntryPoint","urlTemplate":"https:\/\/www.kresspichl.com\/?s={search_term_string}"},"query-input":{"@type":"PropertyValueSpecification","valueRequired":true,"valueName":"search_term_string"}}],"inLanguage":"en-US"},{"@type":"Organization","@id":"https:\/\/www.kresspichl.com\/#organization","name":"Kresspichlguet","url":"https:\/\/www.kresspichl.com\/","logo":{"@type":"ImageObject","inLanguage":"en-US","@id":"https:\/\/www.kresspichl.com\/#\/schema\/logo\/image\/","url":"https:\/\/www.kresspichl.com\/wordpress\/wp-content\/uploads\/2018\/09\/cropped-kresspichlguet-logo.jpg","contentUrl":"https:\/\/www.kresspichl.com\/wordpress\/wp-content\/uploads\/2018\/09\/cropped-kresspichlguet-logo.jpg","width":363,"height":59,"caption":"Kresspichlguet"},"image":{"@id":"https:\/\/www.kresspichl.com\/#\/schema\/logo\/image\/"}}]}},"_links":{"self":[{"href":"https:\/\/www.kresspichl.com\/en\/wp-json\/wp\/v2\/pages\/3376","targetHints":{"allow":["GET"]}}],"collection":[{"href":"https:\/\/www.kresspichl.com\/en\/wp-json\/wp\/v2\/pages"}],"about":[{"href":"https:\/\/www.kresspichl.com\/en\/wp-json\/wp\/v2\/types\/page"}],"author":[{"embeddable":true,"href":"https:\/\/www.kresspichl.com\/en\/wp-json\/wp\/v2\/users\/1"}],"replies":[{"embeddable":true,"href":"https:\/\/www.kresspichl.com\/en\/wp-json\/wp\/v2\/comments?post=3376"}],"version-history":[{"count":5,"href":"https:\/\/www.kresspichl.com\/en\/wp-json\/wp\/v2\/pages\/3376\/revisions"}],"predecessor-version":[{"id":4088,"href":"https:\/\/www.kresspichl.com\/en\/wp-json\/wp\/v2\/pages\/3376\/revisions\/4088"}],"wp:featuredmedia":[{"embeddable":true,"href":"https:\/\/www.kresspichl.com\/en\/wp-json\/wp\/v2\/media\/1744"}],"wp:attachment":[{"href":"https:\/\/www.kresspichl.com\/en\/wp-json\/wp\/v2\/media?parent=3376"}],"curies":[{"name":"wp","href":"https:\/\/api.w.org\/{rel}","templated":true}]}}