{"id":3367,"date":"2018-09-30T18:36:06","date_gmt":"2018-09-30T16:36:06","guid":{"rendered":"http:\/\/102004.web.zcom.it\/wordpress\/ferienwohnung-1\/"},"modified":"2018-10-05T15:35:56","modified_gmt":"2018-10-05T13:35:56","slug":"apartment-2","status":"publish","type":"page","link":"https:\/\/www.kresspichl.com\/en\/apartment-2\/","title":{"rendered":"Apartment 2"},"content":{"rendered":"<h1>Bestens ausgestattete Ferienwohnungen garantieren Erholung pur!<\/h1>\n<p>Bestens ausgestattete Ferienwohnung im Bauernhaus garantieren Erholung pur. Im zweiten Stock des Hauses befinden sich zwei Appartements, mit jeweils eigenem Eingang. Die Wohnungen verf\u00fcgen \u00fcber komplett ausgestattete K\u00fcchen, jeweils zwei Doppelbettzimmer, Balkon, WC, Bidet, Bad mit Badewanne oder Dusche sowie TV mit Satellitenanschluss und schnelles WLAN-Internet.<\/p>\n<p><!--more--><\/p>\n<p>Bettw\u00e4sche, Bade- Hand- Geschirrt\u00fccher, sowie Ess- und Kochgeschirr, ein Wasserkocher, Sp\u00fclmaschine, Backofen, F\u00f6n sind vorhanden.<\/p>\n<p>Kinderbett und weitere Kinderausstattung gibt es auf Anfrage.<\/p>\n<p>Es ist m\u00f6glich in unserem Hofschank Mittag und Abend zu essen. Warme K\u00fcche bis 20.00 Uhr<\/p>\n","protected":false},"excerpt":{"rendered":"<p>Bestens ausgestattete Ferienwohnungen garantieren Erholung pur! Bestens ausgestattete Ferienwohnung im Bauernhaus garantieren Erholung pur. Im zweiten Stock des Hauses befinden sich zwei Appartements, mit jeweils eigenem Eingang. Die Wohnungen verf\u00fcgen \u00fcber komplett ausgestattete K\u00fcchen, jeweils zwei Doppelbettzimmer, Balkon, WC, Bidet, Bad mit Badewanne oder Dusche sowie TV mit Satellitenanschluss und schnelles WLAN-Internet.<\/p>\n","protected":false},"author":6,"featured_media":0,"parent":0,"menu_order":0,"comment_status":"closed","ping_status":"closed","template":"","meta":{"footnotes":""},"class_list":["post-3367","page","type-page","status-publish","hentry"],"yoast_head":"<!-- This site is optimized with the Yoast SEO plugin v24.0 - https:\/\/yoast.com\/wordpress\/plugins\/seo\/ -->\n<title>Apartment 2 - Kresspichl - Hofk\u00e4serei Hofladen Ferienwohnung<\/title>\n<meta name=\"robots\" content=\"index, follow, max-snippet:-1, max-image-preview:large, max-video-preview:-1\" \/>\n<link rel=\"canonical\" href=\"https:\/\/www.kresspichl.com\/en\/apartment-2\/\" \/>\n<meta property=\"og:locale\" content=\"en_US\" \/>\n<meta property=\"og:type\" content=\"article\" \/>\n<meta property=\"og:title\" content=\"Apartment 2 - Kresspichl - Hofk\u00e4serei Hofladen Ferienwohnung\" \/>\n<meta property=\"og:description\" content=\"Bestens ausgestattete Ferienwohnungen garantieren Erholung pur! Bestens ausgestattete Ferienwohnung im Bauernhaus garantieren Erholung pur. Im zweiten Stock des Hauses befinden sich zwei Appartements, mit jeweils eigenem Eingang. Die Wohnungen verf\u00fcgen \u00fcber komplett ausgestattete K\u00fcchen, jeweils zwei Doppelbettzimmer, Balkon, WC, Bidet, Bad mit Badewanne oder Dusche sowie TV mit Satellitenanschluss und schnelles WLAN-Internet.\" \/>\n<meta property=\"og:url\" content=\"https:\/\/www.kresspichl.com\/en\/apartment-2\/\" \/>\n<meta property=\"og:site_name\" content=\"Kresspichl - Hofk\u00e4serei Hofladen Ferienwohnung\" \/>\n<meta property=\"article:modified_time\" content=\"2018-10-05T13:35:56+00:00\" \/>\n<meta name=\"twitter:card\" content=\"summary_large_image\" \/>\n<script type=\"application\/ld+json\" class=\"yoast-schema-graph\">{\"@context\":\"https:\/\/schema.org\",\"@graph\":[{\"@type\":\"WebPage\",\"@id\":\"https:\/\/www.kresspichl.com\/en\/apartment-2\/\",\"url\":\"https:\/\/www.kresspichl.com\/en\/apartment-2\/\",\"name\":\"Apartment 2 - Kresspichl - Hofk\u00e4serei Hofladen Ferienwohnung\",\"isPartOf\":{\"@id\":\"https:\/\/www.kresspichl.com\/#website\"},\"datePublished\":\"2018-09-30T16:36:06+00:00\",\"dateModified\":\"2018-10-05T13:35:56+00:00\",\"breadcrumb\":{\"@id\":\"https:\/\/www.kresspichl.com\/en\/apartment-2\/#breadcrumb\"},\"inLanguage\":\"en-US\",\"potentialAction\":[{\"@type\":\"ReadAction\",\"target\":[\"https:\/\/www.kresspichl.com\/en\/apartment-2\/\"]}]},{\"@type\":\"BreadcrumbList\",\"@id\":\"https:\/\/www.kresspichl.com\/en\/apartment-2\/#breadcrumb\",\"itemListElement\":[{\"@type\":\"ListItem\",\"position\":1,\"name\":\"Startseite\",\"item\":\"https:\/\/www.kresspichl.com\/en\/\"},{\"@type\":\"ListItem\",\"position\":2,\"name\":\"Apartment 2\"}]},{\"@type\":\"WebSite\",\"@id\":\"https:\/\/www.kresspichl.com\/#website\",\"url\":\"https:\/\/www.kresspichl.com\/\",\"name\":\"Kresspichl - Hofk\u00e4serei Hofladen Ferienwohnung\",\"description\":\"B\u00e4uerliche Produkte aus dem Passeiertal (S\u00fcdtirol) Ferienwonungen\",\"publisher\":{\"@id\":\"https:\/\/www.kresspichl.com\/#organization\"},\"potentialAction\":[{\"@type\":\"SearchAction\",\"target\":{\"@type\":\"EntryPoint\",\"urlTemplate\":\"https:\/\/www.kresspichl.com\/?s={search_term_string}\"},\"query-input\":{\"@type\":\"PropertyValueSpecification\",\"valueRequired\":true,\"valueName\":\"search_term_string\"}}],\"inLanguage\":\"en-US\"},{\"@type\":\"Organization\",\"@id\":\"https:\/\/www.kresspichl.com\/#organization\",\"name\":\"Kresspichlguet\",\"url\":\"https:\/\/www.kresspichl.com\/\",\"logo\":{\"@type\":\"ImageObject\",\"inLanguage\":\"en-US\",\"@id\":\"https:\/\/www.kresspichl.com\/#\/schema\/logo\/image\/\",\"url\":\"https:\/\/www.kresspichl.com\/wordpress\/wp-content\/uploads\/2018\/09\/cropped-kresspichlguet-logo.jpg\",\"contentUrl\":\"https:\/\/www.kresspichl.com\/wordpress\/wp-content\/uploads\/2018\/09\/cropped-kresspichlguet-logo.jpg\",\"width\":363,\"height\":59,\"caption\":\"Kresspichlguet\"},\"image\":{\"@id\":\"https:\/\/www.kresspichl.com\/#\/schema\/logo\/image\/\"}}]}<\/script>\n<!-- \/ Yoast SEO plugin. -->","yoast_head_json":{"title":"Apartment 2 - Kresspichl - Hofk\u00e4serei Hofladen Ferienwohnung","robots":{"index":"index","follow":"follow","max-snippet":"max-snippet:-1","max-image-preview":"max-image-preview:large","max-video-preview":"max-video-preview:-1"},"canonical":"https:\/\/www.kresspichl.com\/en\/apartment-2\/","og_locale":"en_US","og_type":"article","og_title":"Apartment 2 - Kresspichl - Hofk\u00e4serei Hofladen Ferienwohnung","og_description":"Bestens ausgestattete Ferienwohnungen garantieren Erholung pur! Bestens ausgestattete Ferienwohnung im Bauernhaus garantieren Erholung pur. Im zweiten Stock des Hauses befinden sich zwei Appartements, mit jeweils eigenem Eingang. Die Wohnungen verf\u00fcgen \u00fcber komplett ausgestattete K\u00fcchen, jeweils zwei Doppelbettzimmer, Balkon, WC, Bidet, Bad mit Badewanne oder Dusche sowie TV mit Satellitenanschluss und schnelles WLAN-Internet.","og_url":"https:\/\/www.kresspichl.com\/en\/apartment-2\/","og_site_name":"Kresspichl - Hofk\u00e4serei Hofladen Ferienwohnung","article_modified_time":"2018-10-05T13:35:56+00:00","twitter_card":"summary_large_image","schema":{"@context":"https:\/\/schema.org","@graph":[{"@type":"WebPage","@id":"https:\/\/www.kresspichl.com\/en\/apartment-2\/","url":"https:\/\/www.kresspichl.com\/en\/apartment-2\/","name":"Apartment 2 - Kresspichl - Hofk\u00e4serei Hofladen Ferienwohnung","isPartOf":{"@id":"https:\/\/www.kresspichl.com\/#website"},"datePublished":"2018-09-30T16:36:06+00:00","dateModified":"2018-10-05T13:35:56+00:00","breadcrumb":{"@id":"https:\/\/www.kresspichl.com\/en\/apartment-2\/#breadcrumb"},"inLanguage":"en-US","potentialAction":[{"@type":"ReadAction","target":["https:\/\/www.kresspichl.com\/en\/apartment-2\/"]}]},{"@type":"BreadcrumbList","@id":"https:\/\/www.kresspichl.com\/en\/apartment-2\/#breadcrumb","itemListElement":[{"@type":"ListItem","position":1,"name":"Startseite","item":"https:\/\/www.kresspichl.com\/en\/"},{"@type":"ListItem","position":2,"name":"Apartment 2"}]},{"@type":"WebSite","@id":"https:\/\/www.kresspichl.com\/#website","url":"https:\/\/www.kresspichl.com\/","name":"Kresspichl - Hofk\u00e4serei Hofladen Ferienwohnung","description":"B\u00e4uerliche Produkte aus dem Passeiertal (S\u00fcdtirol) Ferienwonungen","publisher":{"@id":"https:\/\/www.kresspichl.com\/#organization"},"potentialAction":[{"@type":"SearchAction","target":{"@type":"EntryPoint","urlTemplate":"https:\/\/www.kresspichl.com\/?s={search_term_string}"},"query-input":{"@type":"PropertyValueSpecification","valueRequired":true,"valueName":"search_term_string"}}],"inLanguage":"en-US"},{"@type":"Organization","@id":"https:\/\/www.kresspichl.com\/#organization","name":"Kresspichlguet","url":"https:\/\/www.kresspichl.com\/","logo":{"@type":"ImageObject","inLanguage":"en-US","@id":"https:\/\/www.kresspichl.com\/#\/schema\/logo\/image\/","url":"https:\/\/www.kresspichl.com\/wordpress\/wp-content\/uploads\/2018\/09\/cropped-kresspichlguet-logo.jpg","contentUrl":"https:\/\/www.kresspichl.com\/wordpress\/wp-content\/uploads\/2018\/09\/cropped-kresspichlguet-logo.jpg","width":363,"height":59,"caption":"Kresspichlguet"},"image":{"@id":"https:\/\/www.kresspichl.com\/#\/schema\/logo\/image\/"}}]}},"_links":{"self":[{"href":"https:\/\/www.kresspichl.com\/en\/wp-json\/wp\/v2\/pages\/3367","targetHints":{"allow":["GET"]}}],"collection":[{"href":"https:\/\/www.kresspichl.com\/en\/wp-json\/wp\/v2\/pages"}],"about":[{"href":"https:\/\/www.kresspichl.com\/en\/wp-json\/wp\/v2\/types\/page"}],"author":[{"embeddable":true,"href":"https:\/\/www.kresspichl.com\/en\/wp-json\/wp\/v2\/users\/6"}],"replies":[{"embeddable":true,"href":"https:\/\/www.kresspichl.com\/en\/wp-json\/wp\/v2\/comments?post=3367"}],"version-history":[{"count":2,"href":"https:\/\/www.kresspichl.com\/en\/wp-json\/wp\/v2\/pages\/3367\/revisions"}],"predecessor-version":[{"id":3413,"href":"https:\/\/www.kresspichl.com\/en\/wp-json\/wp\/v2\/pages\/3367\/revisions\/3413"}],"wp:attachment":[{"href":"https:\/\/www.kresspichl.com\/en\/wp-json\/wp\/v2\/media?parent=3367"}],"curies":[{"name":"wp","href":"https:\/\/api.w.org\/{rel}","templated":true}]}}