{"id":3361,"date":"2018-09-30T08:54:53","date_gmt":"2018-09-30T06:54:53","guid":{"rendered":"http:\/\/102004.web.zcom.it\/wordpress\/familie\/"},"modified":"2018-10-05T15:22:20","modified_gmt":"2018-10-05T13:22:20","slug":"family","status":"publish","type":"page","link":"https:\/\/www.kresspichl.com\/en\/family\/","title":{"rendered":"Family"},"content":{"rendered":"<h1 class=\"section-title\">Familie<\/h1>\n<div class=\"row\">\n<div class=\"col-xl-8 offset-xl-2 col-lg-10 offset-lg-1 col-12\">\n<article class=\"entry\">\n<div class=\"entry-content\">\n<h2>Familie Gufler Franz und Julia mit Ren\u00e9, Nathalie und Katalea begr\u00fc\u00dfen Sie recht herzlich auf dem Kresspichlguat in Pfelders\/S\u00fcdtirol<\/h2>\n<div id=\"content-textfeld-1\">\n<p>Gemeinsam bewirtschaften wir den Hof und m\u00f6chten auch Ihnen angenehme und erholsame Urlaubstage bereiten. Ein herzlicher Gru\u00df, die Freundlichkeit der Gastgeber, Tradition und Heimatverbundenheit begleiten Sie durch den Urlaub und lassen Sie echte S\u00fcdtiroler Gastfreundschaft sp\u00fcren.<\/p>\n<\/div>\n<\/div>\n<\/article>\n<\/div>\n<\/div>\n","protected":false},"excerpt":{"rendered":"<p>Familie Familie Gufler Franz und Julia mit Ren\u00e9, Nathalie und Katalea begr\u00fc\u00dfen Sie recht herzlich auf dem Kresspichlguat in Pfelders\/S\u00fcdtirol Gemeinsam bewirtschaften wir den Hof und m\u00f6chten auch Ihnen angenehme und erholsame Urlaubstage bereiten. Ein herzlicher Gru\u00df, die Freundlichkeit der Gastgeber, Tradition und Heimatverbundenheit begleiten Sie durch den Urlaub und lassen Sie echte S\u00fcdtiroler Gastfreundschaft [&hellip;]<\/p>\n","protected":false},"author":6,"featured_media":0,"parent":0,"menu_order":0,"comment_status":"closed","ping_status":"closed","template":"","meta":{"footnotes":""},"class_list":["post-3361","page","type-page","status-publish","hentry"],"yoast_head":"<!-- This site is optimized with the Yoast SEO plugin v24.0 - https:\/\/yoast.com\/wordpress\/plugins\/seo\/ -->\n<title>Family - Kresspichl - Hofk\u00e4serei Hofladen Ferienwohnung<\/title>\n<meta name=\"robots\" content=\"index, follow, max-snippet:-1, max-image-preview:large, max-video-preview:-1\" \/>\n<link rel=\"canonical\" href=\"https:\/\/www.kresspichl.com\/en\/family\/\" \/>\n<meta property=\"og:locale\" content=\"en_US\" \/>\n<meta property=\"og:type\" content=\"article\" \/>\n<meta property=\"og:title\" content=\"Family - Kresspichl - Hofk\u00e4serei Hofladen Ferienwohnung\" \/>\n<meta property=\"og:description\" content=\"Familie Familie Gufler Franz und Julia mit Ren\u00e9, Nathalie und Katalea begr\u00fc\u00dfen Sie recht herzlich auf dem Kresspichlguat in Pfelders\/S\u00fcdtirol Gemeinsam bewirtschaften wir den Hof und m\u00f6chten auch Ihnen angenehme und erholsame Urlaubstage bereiten. Ein herzlicher Gru\u00df, die Freundlichkeit der Gastgeber, Tradition und Heimatverbundenheit begleiten Sie durch den Urlaub und lassen Sie echte S\u00fcdtiroler Gastfreundschaft [&hellip;]\" \/>\n<meta property=\"og:url\" content=\"https:\/\/www.kresspichl.com\/en\/family\/\" \/>\n<meta property=\"og:site_name\" content=\"Kresspichl - Hofk\u00e4serei Hofladen Ferienwohnung\" \/>\n<meta property=\"article:modified_time\" content=\"2018-10-05T13:22:20+00:00\" \/>\n<meta name=\"twitter:card\" content=\"summary_large_image\" \/>\n<script type=\"application\/ld+json\" class=\"yoast-schema-graph\">{\"@context\":\"https:\/\/schema.org\",\"@graph\":[{\"@type\":\"WebPage\",\"@id\":\"https:\/\/www.kresspichl.com\/en\/family\/\",\"url\":\"https:\/\/www.kresspichl.com\/en\/family\/\",\"name\":\"Family - Kresspichl - Hofk\u00e4serei Hofladen Ferienwohnung\",\"isPartOf\":{\"@id\":\"https:\/\/www.kresspichl.com\/#website\"},\"datePublished\":\"2018-09-30T06:54:53+00:00\",\"dateModified\":\"2018-10-05T13:22:20+00:00\",\"breadcrumb\":{\"@id\":\"https:\/\/www.kresspichl.com\/en\/family\/#breadcrumb\"},\"inLanguage\":\"en-US\",\"potentialAction\":[{\"@type\":\"ReadAction\",\"target\":[\"https:\/\/www.kresspichl.com\/en\/family\/\"]}]},{\"@type\":\"BreadcrumbList\",\"@id\":\"https:\/\/www.kresspichl.com\/en\/family\/#breadcrumb\",\"itemListElement\":[{\"@type\":\"ListItem\",\"position\":1,\"name\":\"Startseite\",\"item\":\"https:\/\/www.kresspichl.com\/en\/\"},{\"@type\":\"ListItem\",\"position\":2,\"name\":\"Family\"}]},{\"@type\":\"WebSite\",\"@id\":\"https:\/\/www.kresspichl.com\/#website\",\"url\":\"https:\/\/www.kresspichl.com\/\",\"name\":\"Kresspichl - Hofk\u00e4serei Hofladen Ferienwohnung\",\"description\":\"B\u00e4uerliche Produkte aus dem Passeiertal (S\u00fcdtirol) Ferienwonungen\",\"publisher\":{\"@id\":\"https:\/\/www.kresspichl.com\/#organization\"},\"potentialAction\":[{\"@type\":\"SearchAction\",\"target\":{\"@type\":\"EntryPoint\",\"urlTemplate\":\"https:\/\/www.kresspichl.com\/?s={search_term_string}\"},\"query-input\":{\"@type\":\"PropertyValueSpecification\",\"valueRequired\":true,\"valueName\":\"search_term_string\"}}],\"inLanguage\":\"en-US\"},{\"@type\":\"Organization\",\"@id\":\"https:\/\/www.kresspichl.com\/#organization\",\"name\":\"Kresspichlguet\",\"url\":\"https:\/\/www.kresspichl.com\/\",\"logo\":{\"@type\":\"ImageObject\",\"inLanguage\":\"en-US\",\"@id\":\"https:\/\/www.kresspichl.com\/#\/schema\/logo\/image\/\",\"url\":\"https:\/\/www.kresspichl.com\/wordpress\/wp-content\/uploads\/2018\/09\/cropped-kresspichlguet-logo.jpg\",\"contentUrl\":\"https:\/\/www.kresspichl.com\/wordpress\/wp-content\/uploads\/2018\/09\/cropped-kresspichlguet-logo.jpg\",\"width\":363,\"height\":59,\"caption\":\"Kresspichlguet\"},\"image\":{\"@id\":\"https:\/\/www.kresspichl.com\/#\/schema\/logo\/image\/\"}}]}<\/script>\n<!-- \/ Yoast SEO plugin. -->","yoast_head_json":{"title":"Family - Kresspichl - Hofk\u00e4serei Hofladen Ferienwohnung","robots":{"index":"index","follow":"follow","max-snippet":"max-snippet:-1","max-image-preview":"max-image-preview:large","max-video-preview":"max-video-preview:-1"},"canonical":"https:\/\/www.kresspichl.com\/en\/family\/","og_locale":"en_US","og_type":"article","og_title":"Family - Kresspichl - Hofk\u00e4serei Hofladen Ferienwohnung","og_description":"Familie Familie Gufler Franz und Julia mit Ren\u00e9, Nathalie und Katalea begr\u00fc\u00dfen Sie recht herzlich auf dem Kresspichlguat in Pfelders\/S\u00fcdtirol Gemeinsam bewirtschaften wir den Hof und m\u00f6chten auch Ihnen angenehme und erholsame Urlaubstage bereiten. Ein herzlicher Gru\u00df, die Freundlichkeit der Gastgeber, Tradition und Heimatverbundenheit begleiten Sie durch den Urlaub und lassen Sie echte S\u00fcdtiroler Gastfreundschaft [&hellip;]","og_url":"https:\/\/www.kresspichl.com\/en\/family\/","og_site_name":"Kresspichl - Hofk\u00e4serei Hofladen Ferienwohnung","article_modified_time":"2018-10-05T13:22:20+00:00","twitter_card":"summary_large_image","schema":{"@context":"https:\/\/schema.org","@graph":[{"@type":"WebPage","@id":"https:\/\/www.kresspichl.com\/en\/family\/","url":"https:\/\/www.kresspichl.com\/en\/family\/","name":"Family - Kresspichl - Hofk\u00e4serei Hofladen Ferienwohnung","isPartOf":{"@id":"https:\/\/www.kresspichl.com\/#website"},"datePublished":"2018-09-30T06:54:53+00:00","dateModified":"2018-10-05T13:22:20+00:00","breadcrumb":{"@id":"https:\/\/www.kresspichl.com\/en\/family\/#breadcrumb"},"inLanguage":"en-US","potentialAction":[{"@type":"ReadAction","target":["https:\/\/www.kresspichl.com\/en\/family\/"]}]},{"@type":"BreadcrumbList","@id":"https:\/\/www.kresspichl.com\/en\/family\/#breadcrumb","itemListElement":[{"@type":"ListItem","position":1,"name":"Startseite","item":"https:\/\/www.kresspichl.com\/en\/"},{"@type":"ListItem","position":2,"name":"Family"}]},{"@type":"WebSite","@id":"https:\/\/www.kresspichl.com\/#website","url":"https:\/\/www.kresspichl.com\/","name":"Kresspichl - Hofk\u00e4serei Hofladen Ferienwohnung","description":"B\u00e4uerliche Produkte aus dem Passeiertal (S\u00fcdtirol) Ferienwonungen","publisher":{"@id":"https:\/\/www.kresspichl.com\/#organization"},"potentialAction":[{"@type":"SearchAction","target":{"@type":"EntryPoint","urlTemplate":"https:\/\/www.kresspichl.com\/?s={search_term_string}"},"query-input":{"@type":"PropertyValueSpecification","valueRequired":true,"valueName":"search_term_string"}}],"inLanguage":"en-US"},{"@type":"Organization","@id":"https:\/\/www.kresspichl.com\/#organization","name":"Kresspichlguet","url":"https:\/\/www.kresspichl.com\/","logo":{"@type":"ImageObject","inLanguage":"en-US","@id":"https:\/\/www.kresspichl.com\/#\/schema\/logo\/image\/","url":"https:\/\/www.kresspichl.com\/wordpress\/wp-content\/uploads\/2018\/09\/cropped-kresspichlguet-logo.jpg","contentUrl":"https:\/\/www.kresspichl.com\/wordpress\/wp-content\/uploads\/2018\/09\/cropped-kresspichlguet-logo.jpg","width":363,"height":59,"caption":"Kresspichlguet"},"image":{"@id":"https:\/\/www.kresspichl.com\/#\/schema\/logo\/image\/"}}]}},"_links":{"self":[{"href":"https:\/\/www.kresspichl.com\/en\/wp-json\/wp\/v2\/pages\/3361","targetHints":{"allow":["GET"]}}],"collection":[{"href":"https:\/\/www.kresspichl.com\/en\/wp-json\/wp\/v2\/pages"}],"about":[{"href":"https:\/\/www.kresspichl.com\/en\/wp-json\/wp\/v2\/types\/page"}],"author":[{"embeddable":true,"href":"https:\/\/www.kresspichl.com\/en\/wp-json\/wp\/v2\/users\/6"}],"replies":[{"embeddable":true,"href":"https:\/\/www.kresspichl.com\/en\/wp-json\/wp\/v2\/comments?post=3361"}],"version-history":[{"count":1,"href":"https:\/\/www.kresspichl.com\/en\/wp-json\/wp\/v2\/pages\/3361\/revisions"}],"predecessor-version":[{"id":3362,"href":"https:\/\/www.kresspichl.com\/en\/wp-json\/wp\/v2\/pages\/3361\/revisions\/3362"}],"wp:attachment":[{"href":"https:\/\/www.kresspichl.com\/en\/wp-json\/wp\/v2\/media?parent=3361"}],"curies":[{"name":"wp","href":"https:\/\/api.w.org\/{rel}","templated":true}]}}