{"id":2381,"date":"2018-09-29T09:51:09","date_gmt":"2018-09-29T07:51:09","guid":{"rendered":"http:\/\/102004.web.zcom.it\/wordpress\/?page_id=2381"},"modified":"2018-09-29T09:51:09","modified_gmt":"2018-09-29T07:51:09","slug":"different-impressions-of-the-four-seasons","status":"publish","type":"page","link":"https:\/\/www.kresspichl.com\/en\/different-impressions-of-the-four-seasons\/","title":{"rendered":"Different impressions of the four seasons"},"content":{"rendered":"","protected":false},"excerpt":{"rendered":"","protected":false},"author":6,"featured_media":0,"parent":0,"menu_order":0,"comment_status":"closed","ping_status":"closed","template":"","meta":{"footnotes":""},"class_list":["post-2381","page","type-page","status-publish","hentry"],"yoast_head":"<!-- This site is optimized with the Yoast SEO plugin v27.4 - https:\/\/yoast.com\/product\/yoast-seo-wordpress\/ -->\n<title>Different impressions of the four seasons - Kresspichl - Hofk\u00e4serei Hofladen Ferienwohnung<\/title>\n<meta name=\"robots\" content=\"index, follow, max-snippet:-1, max-image-preview:large, max-video-preview:-1\" \/>\n<link rel=\"canonical\" href=\"https:\/\/www.kresspichl.com\/en\/different-impressions-of-the-four-seasons\/\" \/>\n<meta property=\"og:locale\" content=\"en_US\" \/>\n<meta property=\"og:type\" content=\"article\" \/>\n<meta property=\"og:title\" content=\"Different impressions of the four seasons - Kresspichl - Hofk\u00e4serei Hofladen Ferienwohnung\" \/>\n<meta property=\"og:url\" content=\"https:\/\/www.kresspichl.com\/en\/different-impressions-of-the-four-seasons\/\" \/>\n<meta property=\"og:site_name\" content=\"Kresspichl - Hofk\u00e4serei Hofladen Ferienwohnung\" \/>\n<meta name=\"twitter:card\" content=\"summary_large_image\" \/>\n<script type=\"application\/ld+json\" class=\"yoast-schema-graph\">{\"@context\":\"https:\\\/\\\/schema.org\",\"@graph\":[{\"@type\":\"WebPage\",\"@id\":\"https:\\\/\\\/www.kresspichl.com\\\/en\\\/different-impressions-of-the-four-seasons\\\/\",\"url\":\"https:\\\/\\\/www.kresspichl.com\\\/en\\\/different-impressions-of-the-four-seasons\\\/\",\"name\":\"Different impressions of the four seasons - Kresspichl - Hofk\u00e4serei Hofladen Ferienwohnung\",\"isPartOf\":{\"@id\":\"https:\\\/\\\/www.kresspichl.com\\\/#website\"},\"datePublished\":\"2018-09-29T07:51:09+00:00\",\"breadcrumb\":{\"@id\":\"https:\\\/\\\/www.kresspichl.com\\\/en\\\/different-impressions-of-the-four-seasons\\\/#breadcrumb\"},\"inLanguage\":\"en-US\",\"potentialAction\":[{\"@type\":\"ReadAction\",\"target\":[\"https:\\\/\\\/www.kresspichl.com\\\/en\\\/different-impressions-of-the-four-seasons\\\/\"]}]},{\"@type\":\"BreadcrumbList\",\"@id\":\"https:\\\/\\\/www.kresspichl.com\\\/en\\\/different-impressions-of-the-four-seasons\\\/#breadcrumb\",\"itemListElement\":[{\"@type\":\"ListItem\",\"position\":1,\"name\":\"Startseite\",\"item\":\"https:\\\/\\\/www.kresspichl.com\\\/en\\\/\"},{\"@type\":\"ListItem\",\"position\":2,\"name\":\"Different impressions of the four seasons\"}]},{\"@type\":\"WebSite\",\"@id\":\"https:\\\/\\\/www.kresspichl.com\\\/#website\",\"url\":\"https:\\\/\\\/www.kresspichl.com\\\/\",\"name\":\"Kresspichl - Hofk\u00e4serei Hofladen Ferienwohnung\",\"description\":\"B\u00e4uerliche Produkte aus dem Passeiertal (S\u00fcdtirol) Ferienwonungen\",\"publisher\":{\"@id\":\"https:\\\/\\\/www.kresspichl.com\\\/#organization\"},\"potentialAction\":[{\"@type\":\"SearchAction\",\"target\":{\"@type\":\"EntryPoint\",\"urlTemplate\":\"https:\\\/\\\/www.kresspichl.com\\\/?s={search_term_string}\"},\"query-input\":{\"@type\":\"PropertyValueSpecification\",\"valueRequired\":true,\"valueName\":\"search_term_string\"}}],\"inLanguage\":\"en-US\"},{\"@type\":\"Organization\",\"@id\":\"https:\\\/\\\/www.kresspichl.com\\\/#organization\",\"name\":\"Kresspichlguet\",\"url\":\"https:\\\/\\\/www.kresspichl.com\\\/\",\"logo\":{\"@type\":\"ImageObject\",\"inLanguage\":\"en-US\",\"@id\":\"https:\\\/\\\/www.kresspichl.com\\\/#\\\/schema\\\/logo\\\/image\\\/\",\"url\":\"https:\\\/\\\/www.kresspichl.com\\\/wordpress\\\/wp-content\\\/uploads\\\/2018\\\/09\\\/cropped-kresspichlguet-logo.jpg\",\"contentUrl\":\"https:\\\/\\\/www.kresspichl.com\\\/wordpress\\\/wp-content\\\/uploads\\\/2018\\\/09\\\/cropped-kresspichlguet-logo.jpg\",\"width\":363,\"height\":59,\"caption\":\"Kresspichlguet\"},\"image\":{\"@id\":\"https:\\\/\\\/www.kresspichl.com\\\/#\\\/schema\\\/logo\\\/image\\\/\"}}]}<\/script>\n<!-- \/ Yoast SEO plugin. -->","yoast_head_json":{"title":"Different impressions of the four seasons - Kresspichl - Hofk\u00e4serei Hofladen Ferienwohnung","robots":{"index":"index","follow":"follow","max-snippet":"max-snippet:-1","max-image-preview":"max-image-preview:large","max-video-preview":"max-video-preview:-1"},"canonical":"https:\/\/www.kresspichl.com\/en\/different-impressions-of-the-four-seasons\/","og_locale":"en_US","og_type":"article","og_title":"Different impressions of the four seasons - Kresspichl - Hofk\u00e4serei Hofladen Ferienwohnung","og_url":"https:\/\/www.kresspichl.com\/en\/different-impressions-of-the-four-seasons\/","og_site_name":"Kresspichl - Hofk\u00e4serei Hofladen Ferienwohnung","twitter_card":"summary_large_image","schema":{"@context":"https:\/\/schema.org","@graph":[{"@type":"WebPage","@id":"https:\/\/www.kresspichl.com\/en\/different-impressions-of-the-four-seasons\/","url":"https:\/\/www.kresspichl.com\/en\/different-impressions-of-the-four-seasons\/","name":"Different impressions of the four seasons - Kresspichl - Hofk\u00e4serei Hofladen Ferienwohnung","isPartOf":{"@id":"https:\/\/www.kresspichl.com\/#website"},"datePublished":"2018-09-29T07:51:09+00:00","breadcrumb":{"@id":"https:\/\/www.kresspichl.com\/en\/different-impressions-of-the-four-seasons\/#breadcrumb"},"inLanguage":"en-US","potentialAction":[{"@type":"ReadAction","target":["https:\/\/www.kresspichl.com\/en\/different-impressions-of-the-four-seasons\/"]}]},{"@type":"BreadcrumbList","@id":"https:\/\/www.kresspichl.com\/en\/different-impressions-of-the-four-seasons\/#breadcrumb","itemListElement":[{"@type":"ListItem","position":1,"name":"Startseite","item":"https:\/\/www.kresspichl.com\/en\/"},{"@type":"ListItem","position":2,"name":"Different impressions of the four seasons"}]},{"@type":"WebSite","@id":"https:\/\/www.kresspichl.com\/#website","url":"https:\/\/www.kresspichl.com\/","name":"Kresspichl - Hofk\u00e4serei Hofladen Ferienwohnung","description":"B\u00e4uerliche Produkte aus dem Passeiertal (S\u00fcdtirol) Ferienwonungen","publisher":{"@id":"https:\/\/www.kresspichl.com\/#organization"},"potentialAction":[{"@type":"SearchAction","target":{"@type":"EntryPoint","urlTemplate":"https:\/\/www.kresspichl.com\/?s={search_term_string}"},"query-input":{"@type":"PropertyValueSpecification","valueRequired":true,"valueName":"search_term_string"}}],"inLanguage":"en-US"},{"@type":"Organization","@id":"https:\/\/www.kresspichl.com\/#organization","name":"Kresspichlguet","url":"https:\/\/www.kresspichl.com\/","logo":{"@type":"ImageObject","inLanguage":"en-US","@id":"https:\/\/www.kresspichl.com\/#\/schema\/logo\/image\/","url":"https:\/\/www.kresspichl.com\/wordpress\/wp-content\/uploads\/2018\/09\/cropped-kresspichlguet-logo.jpg","contentUrl":"https:\/\/www.kresspichl.com\/wordpress\/wp-content\/uploads\/2018\/09\/cropped-kresspichlguet-logo.jpg","width":363,"height":59,"caption":"Kresspichlguet"},"image":{"@id":"https:\/\/www.kresspichl.com\/#\/schema\/logo\/image\/"}}]}},"_links":{"self":[{"href":"https:\/\/www.kresspichl.com\/en\/wp-json\/wp\/v2\/pages\/2381","targetHints":{"allow":["GET"]}}],"collection":[{"href":"https:\/\/www.kresspichl.com\/en\/wp-json\/wp\/v2\/pages"}],"about":[{"href":"https:\/\/www.kresspichl.com\/en\/wp-json\/wp\/v2\/types\/page"}],"author":[{"embeddable":true,"href":"https:\/\/www.kresspichl.com\/en\/wp-json\/wp\/v2\/users\/6"}],"replies":[{"embeddable":true,"href":"https:\/\/www.kresspichl.com\/en\/wp-json\/wp\/v2\/comments?post=2381"}],"version-history":[{"count":1,"href":"https:\/\/www.kresspichl.com\/en\/wp-json\/wp\/v2\/pages\/2381\/revisions"}],"predecessor-version":[{"id":2382,"href":"https:\/\/www.kresspichl.com\/en\/wp-json\/wp\/v2\/pages\/2381\/revisions\/2382"}],"wp:attachment":[{"href":"https:\/\/www.kresspichl.com\/en\/wp-json\/wp\/v2\/media?parent=2381"}],"curies":[{"name":"wp","href":"https:\/\/api.w.org\/{rel}","templated":true}]}}