{"id":2352,"date":"2018-09-28T15:11:34","date_gmt":"2018-09-28T13:11:34","guid":{"rendered":"http:\/\/102004.web.zcom.it\/wordpress\/?page_id=2352"},"modified":"2024-05-17T16:50:40","modified_gmt":"2024-05-17T14:50:40","slug":"excursion-tips-from-your-host","status":"publish","type":"page","link":"https:\/\/www.kresspichl.com\/en\/excursion-tips-from-your-host\/","title":{"rendered":"Excursion tips from your host"},"content":{"rendered":"<h1><span lang=\"en-GB\">Surroundings<\/span><\/h1>\n<h2>Excursion tips from your Hosts<\/h2>\n<div id='gallery-1' class='gallery galleryid-2352 gallery-columns-3 gallery-size-medium'><figure class='gallery-item'>\n\t\t\t<div class='gallery-icon landscape'>\n\t\t\t\t<a href='https:\/\/www.kresspichl.com\/wordpress\/wp-content\/uploads\/2018\/09\/IMG_2181.jpg' data-lightbox=\"gal[2352]\"><img loading=\"lazy\" decoding=\"async\" width=\"300\" height=\"225\" src=\"https:\/\/www.kresspichl.com\/wordpress\/wp-content\/uploads\/2018\/09\/IMG_2181-300x225.jpg\" class=\"attachment-medium size-medium\" alt=\"\" srcset=\"https:\/\/www.kresspichl.com\/wordpress\/wp-content\/uploads\/2018\/09\/IMG_2181-300x225.jpg 300w, https:\/\/www.kresspichl.com\/wordpress\/wp-content\/uploads\/2018\/09\/IMG_2181-768x576.jpg 768w, https:\/\/www.kresspichl.com\/wordpress\/wp-content\/uploads\/2018\/09\/IMG_2181-1024x768.jpg 1024w, https:\/\/www.kresspichl.com\/wordpress\/wp-content\/uploads\/2018\/09\/IMG_2181-750x563.jpg 750w, https:\/\/www.kresspichl.com\/wordpress\/wp-content\/uploads\/2018\/09\/IMG_2181-555x416.jpg 555w\" sizes=\"auto, (max-width: 300px) 100vw, 300px\" \/><\/a>\n\t\t\t<\/div><\/figure><figure class='gallery-item'>\n\t\t\t<div class='gallery-icon landscape'>\n\t\t\t\t<a href='https:\/\/www.kresspichl.com\/wordpress\/wp-content\/uploads\/2018\/09\/IMG_1836.jpg' data-lightbox=\"gal[2352]\"><img loading=\"lazy\" decoding=\"async\" width=\"300\" height=\"225\" src=\"https:\/\/www.kresspichl.com\/wordpress\/wp-content\/uploads\/2018\/09\/IMG_1836-300x225.jpg\" class=\"attachment-medium size-medium\" alt=\"\" srcset=\"https:\/\/www.kresspichl.com\/wordpress\/wp-content\/uploads\/2018\/09\/IMG_1836-300x225.jpg 300w, https:\/\/www.kresspichl.com\/wordpress\/wp-content\/uploads\/2018\/09\/IMG_1836-768x576.jpg 768w, https:\/\/www.kresspichl.com\/wordpress\/wp-content\/uploads\/2018\/09\/IMG_1836-1024x768.jpg 1024w, https:\/\/www.kresspichl.com\/wordpress\/wp-content\/uploads\/2018\/09\/IMG_1836-750x563.jpg 750w, https:\/\/www.kresspichl.com\/wordpress\/wp-content\/uploads\/2018\/09\/IMG_1836-555x416.jpg 555w\" sizes=\"auto, (max-width: 300px) 100vw, 300px\" \/><\/a>\n\t\t\t<\/div><\/figure><figure class='gallery-item'>\n\t\t\t<div class='gallery-icon landscape'>\n\t\t\t\t<a href='https:\/\/www.kresspichl.com\/wordpress\/wp-content\/uploads\/2018\/09\/IMG_1410.jpg' data-lightbox=\"gal[2352]\"><img loading=\"lazy\" decoding=\"async\" width=\"300\" height=\"225\" src=\"https:\/\/www.kresspichl.com\/wordpress\/wp-content\/uploads\/2018\/09\/IMG_1410-300x225.jpg\" class=\"attachment-medium size-medium\" alt=\"\" srcset=\"https:\/\/www.kresspichl.com\/wordpress\/wp-content\/uploads\/2018\/09\/IMG_1410-300x225.jpg 300w, https:\/\/www.kresspichl.com\/wordpress\/wp-content\/uploads\/2018\/09\/IMG_1410-768x576.jpg 768w, https:\/\/www.kresspichl.com\/wordpress\/wp-content\/uploads\/2018\/09\/IMG_1410-750x563.jpg 750w, https:\/\/www.kresspichl.com\/wordpress\/wp-content\/uploads\/2018\/09\/IMG_1410-555x416.jpg 555w, https:\/\/www.kresspichl.com\/wordpress\/wp-content\/uploads\/2018\/09\/IMG_1410.jpg 800w\" sizes=\"auto, (max-width: 300px) 100vw, 300px\" \/><\/a>\n\t\t\t<\/div><\/figure><figure class='gallery-item'>\n\t\t\t<div class='gallery-icon landscape'>\n\t\t\t\t<a href='https:\/\/www.kresspichl.com\/wordpress\/wp-content\/uploads\/2018\/09\/Bilder-15.11.2008-025-1.jpg' data-lightbox=\"gal[2352]\"><img loading=\"lazy\" decoding=\"async\" width=\"300\" height=\"225\" src=\"https:\/\/www.kresspichl.com\/wordpress\/wp-content\/uploads\/2018\/09\/Bilder-15.11.2008-025-1-300x225.jpg\" class=\"attachment-medium size-medium\" alt=\"\" srcset=\"https:\/\/www.kresspichl.com\/wordpress\/wp-content\/uploads\/2018\/09\/Bilder-15.11.2008-025-1-300x225.jpg 300w, https:\/\/www.kresspichl.com\/wordpress\/wp-content\/uploads\/2018\/09\/Bilder-15.11.2008-025-1-768x576.jpg 768w, https:\/\/www.kresspichl.com\/wordpress\/wp-content\/uploads\/2018\/09\/Bilder-15.11.2008-025-1-1024x768.jpg 1024w, https:\/\/www.kresspichl.com\/wordpress\/wp-content\/uploads\/2018\/09\/Bilder-15.11.2008-025-1-750x563.jpg 750w, https:\/\/www.kresspichl.com\/wordpress\/wp-content\/uploads\/2018\/09\/Bilder-15.11.2008-025-1-555x416.jpg 555w\" sizes=\"auto, (max-width: 300px) 100vw, 300px\" \/><\/a>\n\t\t\t<\/div><\/figure><figure class='gallery-item'>\n\t\t\t<div class='gallery-icon landscape'>\n\t\t\t\t<a href='https:\/\/www.kresspichl.com\/wordpress\/wp-content\/uploads\/2018\/09\/20160701_115144.jpg' data-lightbox=\"gal[2352]\"><img loading=\"lazy\" decoding=\"async\" width=\"300\" height=\"200\" src=\"https:\/\/www.kresspichl.com\/wordpress\/wp-content\/uploads\/2018\/09\/20160701_115144-300x200.jpg\" class=\"attachment-medium size-medium\" alt=\"\" srcset=\"https:\/\/www.kresspichl.com\/wordpress\/wp-content\/uploads\/2018\/09\/20160701_115144-300x200.jpg 300w, https:\/\/www.kresspichl.com\/wordpress\/wp-content\/uploads\/2018\/09\/20160701_115144-768x512.jpg 768w, https:\/\/www.kresspichl.com\/wordpress\/wp-content\/uploads\/2018\/09\/20160701_115144-1024x683.jpg 1024w, https:\/\/www.kresspichl.com\/wordpress\/wp-content\/uploads\/2018\/09\/20160701_115144-750x500.jpg 750w, https:\/\/www.kresspichl.com\/wordpress\/wp-content\/uploads\/2018\/09\/20160701_115144-555x370.jpg 555w\" sizes=\"auto, (max-width: 300px) 100vw, 300px\" \/><\/a>\n\t\t\t<\/div><\/figure><figure class='gallery-item'>\n\t\t\t<div class='gallery-icon landscape'>\n\t\t\t\t<a href='https:\/\/www.kresspichl.com\/wordpress\/wp-content\/uploads\/2018\/09\/IMG_0027.jpg' data-lightbox=\"gal[2352]\"><img loading=\"lazy\" decoding=\"async\" width=\"300\" height=\"225\" src=\"https:\/\/www.kresspichl.com\/wordpress\/wp-content\/uploads\/2018\/09\/IMG_0027-300x225.jpg\" class=\"attachment-medium size-medium\" alt=\"\" srcset=\"https:\/\/www.kresspichl.com\/wordpress\/wp-content\/uploads\/2018\/09\/IMG_0027-300x225.jpg 300w, https:\/\/www.kresspichl.com\/wordpress\/wp-content\/uploads\/2018\/09\/IMG_0027-768x576.jpg 768w, https:\/\/www.kresspichl.com\/wordpress\/wp-content\/uploads\/2018\/09\/IMG_0027-1024x768.jpg 1024w, https:\/\/www.kresspichl.com\/wordpress\/wp-content\/uploads\/2018\/09\/IMG_0027-750x563.jpg 750w, https:\/\/www.kresspichl.com\/wordpress\/wp-content\/uploads\/2018\/09\/IMG_0027-555x416.jpg 555w\" sizes=\"auto, (max-width: 300px) 100vw, 300px\" \/><\/a>\n\t\t\t<\/div><\/figure>\n\t\t<\/div>\n\n<p>The best way to get to know a region like the Passeiertal Valley (South Tyrol), its people and products is during a hiking or cycling tour. Starting from Kresspichl you can enjoy beautiful hikes in summer and in winter.<\/p>\n<p>We know about the varied impressions our homeland South Tyrol has to offer. As your hosts we will be glad to provide hiking and cycling tips starting from the Passeiertal Valley. We also organise farm hikes where you can visit the surrounding mountains, our dairy and our bacon cellar.<\/p>\n<h2>Bergkristall climbing garden\/Bouldering<\/h2>\n<p>The &#8220;Bergkristall&#8221; climbing garden at the back of the Passeiertal Valley is ideal for the entire family since with levels of difficulty between 3a and 7b there is something for everyone.<\/p>\n<h2>Winter activities<\/h2>\n<p>The Pfelders ski resort is about one kilometre from our accommodation. It is a snow-safe and family-friendly skiing area. The newly constructed Karjoch lift facility (1600-2501m) will bring you to the starting point of the downhill slope and the toboggan run on heated chair lifts or the cable cars. There are two children&#8217;s slopes and a natural ice-skating rink. Perfectly groomed and panoramic cross-country tracks lead to the Lazins Valley.<\/p>\n<p>Furthermore, you can enjoy ski tours to R\u00f6elspitze Peak (3037 m), enjoy a snow-shoe hike or a winter walk to the natural toboggan run Valtmar.<\/p>\n<h2>Bunker Mooseum<\/h2>\n<p>The Bunker Mooseum is located in the village of Moos in the Passeiertal Valley (South Tyrol). This is an outdoor adventure museum. Exhibitions on the history of the Passeiertal Valley, the Texel Group Nature Park, and the ibex enclosure are only some highlights.<\/p>\n<p>The museum is now located in an old bunker, which was constructed, but never completed, by the Italian dictator Benito Mussolini in the 1940&#8217;s. Visitors get an insight into the history of the Passeiertal Valley. 10,000 years old findings give proof of the early settlements in this alpine valley.<\/p>\n<p>Another area of the &#8220;Mooseum&#8221; is dedicated to World War II and the experiences and stories of the local population. The outdoor part of the &#8220;Mooseums&#8221; bunker is about the Texel Group Nature Park. An ibex enclosure gives you the opportunity to admire wild animals from close up. Furthermore, you can also visit an aviary. Another area of the bunker museum is dedicated to the mines in St. Martin am Schneeberg, which were closed in 1983 and used to be the highest mines in Europe.<\/p>\n<div>\n<div>\n<div class=\"phocagallery\">\n<div class=\"phocagallery-box-file pgplugin2\">\n<p>&nbsp;<\/p>\n<\/div>\n<div class=\"phocagallery-box-file pgplugin2\">\n<p>&nbsp;<\/p>\n<div class=\"phocagallery-box-file-first\">\n<div class=\"phocagallery-box-file-second\">\n<div class=\"phocagallery-box-file-third\"><\/div>\n<\/div>\n<\/div>\n<p>&nbsp;<\/p>\n<\/div>\n<div class=\"phocagallery-box-file pgplugin2\">\n<p>&nbsp;<\/p>\n<div class=\"phocagallery-box-file-first\">\n<div class=\"phocagallery-box-file-second\">\n<div class=\"phocagallery-box-file-third\"><\/div>\n<\/div>\n<\/div>\n<p>&nbsp;<\/p>\n<\/div>\n<div class=\"phocagallery-box-file pgplugin2\">\n<p>&nbsp;<\/p>\n<div class=\"phocagallery-box-file-first\">\n<div class=\"phocagallery-box-file-second\">\n<div class=\"phocagallery-box-file-third\"><\/div>\n<\/div>\n<\/div>\n<p>&nbsp;<\/p>\n<\/div>\n<\/div>\n<\/div>\n<\/div>\n","protected":false},"excerpt":{"rendered":"<p>Surroundings Excursion tips from your Hosts The best way to get to know a region like the Passeiertal Valley (South Tyrol), its people and products is during a hiking or cycling tour. Starting from Kresspichl you can enjoy beautiful hikes in summer and in winter. We know about the varied impressions our homeland South Tyrol [&hellip;]<\/p>\n","protected":false},"author":6,"featured_media":2349,"parent":0,"menu_order":5,"comment_status":"closed","ping_status":"closed","template":"","meta":{"footnotes":""},"class_list":["post-2352","page","type-page","status-publish","has-post-thumbnail","hentry"],"yoast_head":"<!-- This site is optimized with the Yoast SEO plugin v24.0 - https:\/\/yoast.com\/wordpress\/plugins\/seo\/ -->\n<title>Excursion tips from your host - Kresspichl - Hofk\u00e4serei Hofladen Ferienwohnung<\/title>\n<meta name=\"robots\" content=\"index, follow, max-snippet:-1, max-image-preview:large, max-video-preview:-1\" \/>\n<link rel=\"canonical\" href=\"https:\/\/www.kresspichl.com\/en\/excursion-tips-from-your-host\/\" \/>\n<meta property=\"og:locale\" content=\"en_US\" \/>\n<meta property=\"og:type\" content=\"article\" \/>\n<meta property=\"og:title\" content=\"Excursion tips from your host - Kresspichl - Hofk\u00e4serei Hofladen Ferienwohnung\" \/>\n<meta property=\"og:description\" content=\"Surroundings Excursion tips from your Hosts The best way to get to know a region like the Passeiertal Valley (South Tyrol), its people and products is during a hiking or cycling tour. Starting from Kresspichl you can enjoy beautiful hikes in summer and in winter. We know about the varied impressions our homeland South Tyrol [&hellip;]\" \/>\n<meta property=\"og:url\" content=\"https:\/\/www.kresspichl.com\/en\/excursion-tips-from-your-host\/\" \/>\n<meta property=\"og:site_name\" content=\"Kresspichl - Hofk\u00e4serei Hofladen Ferienwohnung\" \/>\n<meta property=\"article:modified_time\" content=\"2024-05-17T14:50:40+00:00\" \/>\n<meta property=\"og:image\" content=\"https:\/\/www.kresspichl.com\/wordpress\/wp-content\/uploads\/2018\/09\/umgebung_10.jpg\" \/>\n\t<meta property=\"og:image:width\" content=\"1000\" \/>\n\t<meta property=\"og:image:height\" content=\"464\" \/>\n\t<meta property=\"og:image:type\" content=\"image\/jpeg\" \/>\n<meta name=\"twitter:card\" content=\"summary_large_image\" \/>\n<meta name=\"twitter:label1\" content=\"Est. reading time\" \/>\n\t<meta name=\"twitter:data1\" content=\"3 minutes\" \/>\n<script type=\"application\/ld+json\" class=\"yoast-schema-graph\">{\"@context\":\"https:\/\/schema.org\",\"@graph\":[{\"@type\":\"WebPage\",\"@id\":\"https:\/\/www.kresspichl.com\/en\/excursion-tips-from-your-host\/\",\"url\":\"https:\/\/www.kresspichl.com\/en\/excursion-tips-from-your-host\/\",\"name\":\"Excursion tips from your host - Kresspichl - Hofk\u00e4serei Hofladen Ferienwohnung\",\"isPartOf\":{\"@id\":\"https:\/\/www.kresspichl.com\/#website\"},\"primaryImageOfPage\":{\"@id\":\"https:\/\/www.kresspichl.com\/en\/excursion-tips-from-your-host\/#primaryimage\"},\"image\":{\"@id\":\"https:\/\/www.kresspichl.com\/en\/excursion-tips-from-your-host\/#primaryimage\"},\"thumbnailUrl\":\"https:\/\/www.kresspichl.com\/wordpress\/wp-content\/uploads\/2018\/09\/umgebung_10.jpg\",\"datePublished\":\"2018-09-28T13:11:34+00:00\",\"dateModified\":\"2024-05-17T14:50:40+00:00\",\"breadcrumb\":{\"@id\":\"https:\/\/www.kresspichl.com\/en\/excursion-tips-from-your-host\/#breadcrumb\"},\"inLanguage\":\"en-US\",\"potentialAction\":[{\"@type\":\"ReadAction\",\"target\":[\"https:\/\/www.kresspichl.com\/en\/excursion-tips-from-your-host\/\"]}]},{\"@type\":\"ImageObject\",\"inLanguage\":\"en-US\",\"@id\":\"https:\/\/www.kresspichl.com\/en\/excursion-tips-from-your-host\/#primaryimage\",\"url\":\"https:\/\/www.kresspichl.com\/wordpress\/wp-content\/uploads\/2018\/09\/umgebung_10.jpg\",\"contentUrl\":\"https:\/\/www.kresspichl.com\/wordpress\/wp-content\/uploads\/2018\/09\/umgebung_10.jpg\",\"width\":1000,\"height\":464},{\"@type\":\"BreadcrumbList\",\"@id\":\"https:\/\/www.kresspichl.com\/en\/excursion-tips-from-your-host\/#breadcrumb\",\"itemListElement\":[{\"@type\":\"ListItem\",\"position\":1,\"name\":\"Startseite\",\"item\":\"https:\/\/www.kresspichl.com\/en\/\"},{\"@type\":\"ListItem\",\"position\":2,\"name\":\"Excursion tips from your host\"}]},{\"@type\":\"WebSite\",\"@id\":\"https:\/\/www.kresspichl.com\/#website\",\"url\":\"https:\/\/www.kresspichl.com\/\",\"name\":\"Kresspichl - Hofk\u00e4serei Hofladen Ferienwohnung\",\"description\":\"B\u00e4uerliche Produkte aus dem Passeiertal (S\u00fcdtirol) Ferienwonungen\",\"publisher\":{\"@id\":\"https:\/\/www.kresspichl.com\/#organization\"},\"potentialAction\":[{\"@type\":\"SearchAction\",\"target\":{\"@type\":\"EntryPoint\",\"urlTemplate\":\"https:\/\/www.kresspichl.com\/?s={search_term_string}\"},\"query-input\":{\"@type\":\"PropertyValueSpecification\",\"valueRequired\":true,\"valueName\":\"search_term_string\"}}],\"inLanguage\":\"en-US\"},{\"@type\":\"Organization\",\"@id\":\"https:\/\/www.kresspichl.com\/#organization\",\"name\":\"Kresspichlguet\",\"url\":\"https:\/\/www.kresspichl.com\/\",\"logo\":{\"@type\":\"ImageObject\",\"inLanguage\":\"en-US\",\"@id\":\"https:\/\/www.kresspichl.com\/#\/schema\/logo\/image\/\",\"url\":\"https:\/\/www.kresspichl.com\/wordpress\/wp-content\/uploads\/2018\/09\/cropped-kresspichlguet-logo.jpg\",\"contentUrl\":\"https:\/\/www.kresspichl.com\/wordpress\/wp-content\/uploads\/2018\/09\/cropped-kresspichlguet-logo.jpg\",\"width\":363,\"height\":59,\"caption\":\"Kresspichlguet\"},\"image\":{\"@id\":\"https:\/\/www.kresspichl.com\/#\/schema\/logo\/image\/\"}}]}<\/script>\n<!-- \/ Yoast SEO plugin. -->","yoast_head_json":{"title":"Excursion tips from your host - Kresspichl - Hofk\u00e4serei Hofladen Ferienwohnung","robots":{"index":"index","follow":"follow","max-snippet":"max-snippet:-1","max-image-preview":"max-image-preview:large","max-video-preview":"max-video-preview:-1"},"canonical":"https:\/\/www.kresspichl.com\/en\/excursion-tips-from-your-host\/","og_locale":"en_US","og_type":"article","og_title":"Excursion tips from your host - Kresspichl - Hofk\u00e4serei Hofladen Ferienwohnung","og_description":"Surroundings Excursion tips from your Hosts The best way to get to know a region like the Passeiertal Valley (South Tyrol), its people and products is during a hiking or cycling tour. Starting from Kresspichl you can enjoy beautiful hikes in summer and in winter. We know about the varied impressions our homeland South Tyrol [&hellip;]","og_url":"https:\/\/www.kresspichl.com\/en\/excursion-tips-from-your-host\/","og_site_name":"Kresspichl - Hofk\u00e4serei Hofladen Ferienwohnung","article_modified_time":"2024-05-17T14:50:40+00:00","og_image":[{"width":1000,"height":464,"url":"https:\/\/www.kresspichl.com\/wordpress\/wp-content\/uploads\/2018\/09\/umgebung_10.jpg","type":"image\/jpeg"}],"twitter_card":"summary_large_image","twitter_misc":{"Est. reading time":"3 minutes"},"schema":{"@context":"https:\/\/schema.org","@graph":[{"@type":"WebPage","@id":"https:\/\/www.kresspichl.com\/en\/excursion-tips-from-your-host\/","url":"https:\/\/www.kresspichl.com\/en\/excursion-tips-from-your-host\/","name":"Excursion tips from your host - Kresspichl - Hofk\u00e4serei Hofladen Ferienwohnung","isPartOf":{"@id":"https:\/\/www.kresspichl.com\/#website"},"primaryImageOfPage":{"@id":"https:\/\/www.kresspichl.com\/en\/excursion-tips-from-your-host\/#primaryimage"},"image":{"@id":"https:\/\/www.kresspichl.com\/en\/excursion-tips-from-your-host\/#primaryimage"},"thumbnailUrl":"https:\/\/www.kresspichl.com\/wordpress\/wp-content\/uploads\/2018\/09\/umgebung_10.jpg","datePublished":"2018-09-28T13:11:34+00:00","dateModified":"2024-05-17T14:50:40+00:00","breadcrumb":{"@id":"https:\/\/www.kresspichl.com\/en\/excursion-tips-from-your-host\/#breadcrumb"},"inLanguage":"en-US","potentialAction":[{"@type":"ReadAction","target":["https:\/\/www.kresspichl.com\/en\/excursion-tips-from-your-host\/"]}]},{"@type":"ImageObject","inLanguage":"en-US","@id":"https:\/\/www.kresspichl.com\/en\/excursion-tips-from-your-host\/#primaryimage","url":"https:\/\/www.kresspichl.com\/wordpress\/wp-content\/uploads\/2018\/09\/umgebung_10.jpg","contentUrl":"https:\/\/www.kresspichl.com\/wordpress\/wp-content\/uploads\/2018\/09\/umgebung_10.jpg","width":1000,"height":464},{"@type":"BreadcrumbList","@id":"https:\/\/www.kresspichl.com\/en\/excursion-tips-from-your-host\/#breadcrumb","itemListElement":[{"@type":"ListItem","position":1,"name":"Startseite","item":"https:\/\/www.kresspichl.com\/en\/"},{"@type":"ListItem","position":2,"name":"Excursion tips from your host"}]},{"@type":"WebSite","@id":"https:\/\/www.kresspichl.com\/#website","url":"https:\/\/www.kresspichl.com\/","name":"Kresspichl - Hofk\u00e4serei Hofladen Ferienwohnung","description":"B\u00e4uerliche Produkte aus dem Passeiertal (S\u00fcdtirol) Ferienwonungen","publisher":{"@id":"https:\/\/www.kresspichl.com\/#organization"},"potentialAction":[{"@type":"SearchAction","target":{"@type":"EntryPoint","urlTemplate":"https:\/\/www.kresspichl.com\/?s={search_term_string}"},"query-input":{"@type":"PropertyValueSpecification","valueRequired":true,"valueName":"search_term_string"}}],"inLanguage":"en-US"},{"@type":"Organization","@id":"https:\/\/www.kresspichl.com\/#organization","name":"Kresspichlguet","url":"https:\/\/www.kresspichl.com\/","logo":{"@type":"ImageObject","inLanguage":"en-US","@id":"https:\/\/www.kresspichl.com\/#\/schema\/logo\/image\/","url":"https:\/\/www.kresspichl.com\/wordpress\/wp-content\/uploads\/2018\/09\/cropped-kresspichlguet-logo.jpg","contentUrl":"https:\/\/www.kresspichl.com\/wordpress\/wp-content\/uploads\/2018\/09\/cropped-kresspichlguet-logo.jpg","width":363,"height":59,"caption":"Kresspichlguet"},"image":{"@id":"https:\/\/www.kresspichl.com\/#\/schema\/logo\/image\/"}}]}},"_links":{"self":[{"href":"https:\/\/www.kresspichl.com\/en\/wp-json\/wp\/v2\/pages\/2352","targetHints":{"allow":["GET"]}}],"collection":[{"href":"https:\/\/www.kresspichl.com\/en\/wp-json\/wp\/v2\/pages"}],"about":[{"href":"https:\/\/www.kresspichl.com\/en\/wp-json\/wp\/v2\/types\/page"}],"author":[{"embeddable":true,"href":"https:\/\/www.kresspichl.com\/en\/wp-json\/wp\/v2\/users\/6"}],"replies":[{"embeddable":true,"href":"https:\/\/www.kresspichl.com\/en\/wp-json\/wp\/v2\/comments?post=2352"}],"version-history":[{"count":4,"href":"https:\/\/www.kresspichl.com\/en\/wp-json\/wp\/v2\/pages\/2352\/revisions"}],"predecessor-version":[{"id":4091,"href":"https:\/\/www.kresspichl.com\/en\/wp-json\/wp\/v2\/pages\/2352\/revisions\/4091"}],"wp:featuredmedia":[{"embeddable":true,"href":"https:\/\/www.kresspichl.com\/en\/wp-json\/wp\/v2\/media\/2349"}],"wp:attachment":[{"href":"https:\/\/www.kresspichl.com\/en\/wp-json\/wp\/v2\/media?parent=2352"}],"curies":[{"name":"wp","href":"https:\/\/api.w.org\/{rel}","templated":true}]}}