{"id":2345,"date":"2018-09-28T14:56:06","date_gmt":"2018-09-28T12:56:06","guid":{"rendered":"http:\/\/102004.web.zcom.it\/wordpress\/?page_id=2345"},"modified":"2024-05-17T17:00:58","modified_gmt":"2024-05-17T15:00:58","slug":"country-tavern","status":"publish","type":"page","link":"https:\/\/www.kresspichl.com\/en\/country-tavern\/","title":{"rendered":"Country tavern"},"content":{"rendered":"<h1><span lang=\"en-GB\"><b><span style=\"font-family: Thread-00001090-Id-0000014d;\">Country tavern &#8211; From our cuisine<\/span><\/b><\/span><\/h1>\n<p><img loading=\"lazy\" decoding=\"async\" class=\"alignnone size-medium wp-image-2276\" src=\"https:\/\/www.kresspichl.com\/wordpress\/wp-content\/uploads\/2018\/09\/IMG_4497-300x300.jpg\" alt=\"\" width=\"300\" height=\"300\" \/> <img loading=\"lazy\" decoding=\"async\" class=\"alignnone wp-image-2273 size-medium\" src=\"https:\/\/www.kresspichl.com\/wordpress\/wp-content\/uploads\/2018\/09\/IMG_4498-300x300.jpg\" alt=\"\" width=\"300\" height=\"300\" \/> <img loading=\"lazy\" decoding=\"async\" class=\"alignnone wp-image-2035 size-medium\" src=\"https:\/\/www.kresspichl.com\/wordpress\/wp-content\/uploads\/2018\/09\/Super-096-300x225.jpg\" alt=\"\" width=\"300\" height=\"225\" \/> <img loading=\"lazy\" decoding=\"async\" class=\"alignnone size-medium wp-image-2004\" src=\"https:\/\/www.kresspichl.com\/wordpress\/wp-content\/uploads\/2018\/09\/p1000138-300x225.jpg\" alt=\"\" width=\"300\" height=\"225\" srcset=\"https:\/\/www.kresspichl.com\/wordpress\/wp-content\/uploads\/2018\/09\/p1000138-300x225.jpg 300w, https:\/\/www.kresspichl.com\/wordpress\/wp-content\/uploads\/2018\/09\/p1000138-768x576.jpg 768w, https:\/\/www.kresspichl.com\/wordpress\/wp-content\/uploads\/2018\/09\/p1000138-1024x768.jpg 1024w, https:\/\/www.kresspichl.com\/wordpress\/wp-content\/uploads\/2018\/09\/p1000138-750x563.jpg 750w, https:\/\/www.kresspichl.com\/wordpress\/wp-content\/uploads\/2018\/09\/p1000138-555x416.jpg 555w\" sizes=\"auto, (max-width: 300px) 100vw, 300px\" \/> <img loading=\"lazy\" decoding=\"async\" class=\"alignnone size-medium wp-image-1978\" src=\"https:\/\/www.kresspichl.com\/wordpress\/wp-content\/uploads\/2018\/09\/Bilder-15.11.2008-122-300x225.jpg\" alt=\"\" width=\"300\" height=\"225\" srcset=\"https:\/\/www.kresspichl.com\/wordpress\/wp-content\/uploads\/2018\/09\/Bilder-15.11.2008-122-300x225.jpg 300w, https:\/\/www.kresspichl.com\/wordpress\/wp-content\/uploads\/2018\/09\/Bilder-15.11.2008-122-768x576.jpg 768w, https:\/\/www.kresspichl.com\/wordpress\/wp-content\/uploads\/2018\/09\/Bilder-15.11.2008-122-1024x768.jpg 1024w, https:\/\/www.kresspichl.com\/wordpress\/wp-content\/uploads\/2018\/09\/Bilder-15.11.2008-122-750x563.jpg 750w, https:\/\/www.kresspichl.com\/wordpress\/wp-content\/uploads\/2018\/09\/Bilder-15.11.2008-122-555x416.jpg 555w\" sizes=\"auto, (max-width: 300px) 100vw, 300px\" \/> <img loading=\"lazy\" decoding=\"async\" class=\"alignnone size-medium wp-image-1771\" src=\"https:\/\/www.kresspichl.com\/wordpress\/wp-content\/uploads\/2018\/09\/p1000140-300x225.jpg\" alt=\"\" width=\"300\" height=\"225\" srcset=\"https:\/\/www.kresspichl.com\/wordpress\/wp-content\/uploads\/2018\/09\/p1000140-300x225.jpg 300w, https:\/\/www.kresspichl.com\/wordpress\/wp-content\/uploads\/2018\/09\/p1000140-768x576.jpg 768w, https:\/\/www.kresspichl.com\/wordpress\/wp-content\/uploads\/2018\/09\/p1000140-1024x768.jpg 1024w, https:\/\/www.kresspichl.com\/wordpress\/wp-content\/uploads\/2018\/09\/p1000140-750x563.jpg 750w, https:\/\/www.kresspichl.com\/wordpress\/wp-content\/uploads\/2018\/09\/p1000140-555x416.jpg 555w\" sizes=\"auto, (max-width: 300px) 100vw, 300px\" \/><\/p>\n<p>&nbsp;<\/p>\n<p>Here at the farm dairy Kresspichl in the Passeiertal Valley (South Tyrol) we always strive to make the stay of our guests an experience for the heart and the palate. You&#8217;ll be spoiled with creative dishes, good wines and our hearty hospitality.<\/p>\n<p>If you are planning a special day like a christening, birthday or another party, our farm tavern offers space for a maximum of 30 people. We will spoil your guests with individual menus, which will be arranged according to your wishes. Enjoy a delightful and unforgettable party! Our kitchen mainly uses seasonal products from nature. Roast fawn in spring, mushrooms in summer, roast chamois or deer in winter \u2013 let us surprise you with our meals of the day!<\/p>\n<p>We would be pleased to advise you!<\/p>\n","protected":false},"excerpt":{"rendered":"<p>Country tavern &#8211; From our cuisine &nbsp; Here at the farm dairy Kresspichl in the Passeiertal Valley (South Tyrol) we always strive to make the stay of our guests an experience for the heart and the palate. You&#8217;ll be spoiled with creative dishes, good wines and our hearty hospitality. If you are planning a special [&hellip;]<\/p>\n","protected":false},"author":6,"featured_media":2341,"parent":0,"menu_order":5,"comment_status":"closed","ping_status":"closed","template":"","meta":{"footnotes":""},"class_list":["post-2345","page","type-page","status-publish","has-post-thumbnail","hentry"],"yoast_head":"<!-- This site is optimized with the Yoast SEO plugin v24.0 - https:\/\/yoast.com\/wordpress\/plugins\/seo\/ -->\n<title>Country tavern - Kresspichl - Hofk\u00e4serei Hofladen Ferienwohnung<\/title>\n<meta name=\"robots\" content=\"index, follow, max-snippet:-1, max-image-preview:large, max-video-preview:-1\" \/>\n<link rel=\"canonical\" href=\"https:\/\/www.kresspichl.com\/en\/country-tavern\/\" \/>\n<meta property=\"og:locale\" content=\"en_US\" \/>\n<meta property=\"og:type\" content=\"article\" \/>\n<meta property=\"og:title\" content=\"Country tavern - Kresspichl - Hofk\u00e4serei Hofladen Ferienwohnung\" \/>\n<meta property=\"og:description\" content=\"Country tavern &#8211; From our cuisine &nbsp; Here at the farm dairy Kresspichl in the Passeiertal Valley (South Tyrol) we always strive to make the stay of our guests an experience for the heart and the palate. You&#8217;ll be spoiled with creative dishes, good wines and our hearty hospitality. If you are planning a special [&hellip;]\" \/>\n<meta property=\"og:url\" content=\"https:\/\/www.kresspichl.com\/en\/country-tavern\/\" \/>\n<meta property=\"og:site_name\" content=\"Kresspichl - Hofk\u00e4serei Hofladen Ferienwohnung\" \/>\n<meta property=\"article:modified_time\" content=\"2024-05-17T15:00:58+00:00\" \/>\n<meta property=\"og:image\" content=\"https:\/\/www.kresspichl.com\/wordpress\/wp-content\/uploads\/2018\/09\/hofschenke_10.jpg\" \/>\n\t<meta property=\"og:image:width\" content=\"1000\" \/>\n\t<meta property=\"og:image:height\" content=\"464\" \/>\n\t<meta property=\"og:image:type\" content=\"image\/jpeg\" \/>\n<meta name=\"twitter:card\" content=\"summary_large_image\" \/>\n<meta name=\"twitter:label1\" content=\"Est. reading time\" \/>\n\t<meta name=\"twitter:data1\" content=\"3 minutes\" \/>\n<script type=\"application\/ld+json\" class=\"yoast-schema-graph\">{\"@context\":\"https:\/\/schema.org\",\"@graph\":[{\"@type\":\"WebPage\",\"@id\":\"https:\/\/www.kresspichl.com\/en\/country-tavern\/\",\"url\":\"https:\/\/www.kresspichl.com\/en\/country-tavern\/\",\"name\":\"Country tavern - Kresspichl - Hofk\u00e4serei Hofladen Ferienwohnung\",\"isPartOf\":{\"@id\":\"https:\/\/www.kresspichl.com\/#website\"},\"primaryImageOfPage\":{\"@id\":\"https:\/\/www.kresspichl.com\/en\/country-tavern\/#primaryimage\"},\"image\":{\"@id\":\"https:\/\/www.kresspichl.com\/en\/country-tavern\/#primaryimage\"},\"thumbnailUrl\":\"https:\/\/www.kresspichl.com\/wordpress\/wp-content\/uploads\/2018\/09\/hofschenke_10.jpg\",\"datePublished\":\"2018-09-28T12:56:06+00:00\",\"dateModified\":\"2024-05-17T15:00:58+00:00\",\"breadcrumb\":{\"@id\":\"https:\/\/www.kresspichl.com\/en\/country-tavern\/#breadcrumb\"},\"inLanguage\":\"en-US\",\"potentialAction\":[{\"@type\":\"ReadAction\",\"target\":[\"https:\/\/www.kresspichl.com\/en\/country-tavern\/\"]}]},{\"@type\":\"ImageObject\",\"inLanguage\":\"en-US\",\"@id\":\"https:\/\/www.kresspichl.com\/en\/country-tavern\/#primaryimage\",\"url\":\"https:\/\/www.kresspichl.com\/wordpress\/wp-content\/uploads\/2018\/09\/hofschenke_10.jpg\",\"contentUrl\":\"https:\/\/www.kresspichl.com\/wordpress\/wp-content\/uploads\/2018\/09\/hofschenke_10.jpg\",\"width\":1000,\"height\":464},{\"@type\":\"BreadcrumbList\",\"@id\":\"https:\/\/www.kresspichl.com\/en\/country-tavern\/#breadcrumb\",\"itemListElement\":[{\"@type\":\"ListItem\",\"position\":1,\"name\":\"Startseite\",\"item\":\"https:\/\/www.kresspichl.com\/en\/\"},{\"@type\":\"ListItem\",\"position\":2,\"name\":\"Country tavern\"}]},{\"@type\":\"WebSite\",\"@id\":\"https:\/\/www.kresspichl.com\/#website\",\"url\":\"https:\/\/www.kresspichl.com\/\",\"name\":\"Kresspichl - Hofk\u00e4serei Hofladen Ferienwohnung\",\"description\":\"B\u00e4uerliche Produkte aus dem Passeiertal (S\u00fcdtirol) Ferienwonungen\",\"publisher\":{\"@id\":\"https:\/\/www.kresspichl.com\/#organization\"},\"potentialAction\":[{\"@type\":\"SearchAction\",\"target\":{\"@type\":\"EntryPoint\",\"urlTemplate\":\"https:\/\/www.kresspichl.com\/?s={search_term_string}\"},\"query-input\":{\"@type\":\"PropertyValueSpecification\",\"valueRequired\":true,\"valueName\":\"search_term_string\"}}],\"inLanguage\":\"en-US\"},{\"@type\":\"Organization\",\"@id\":\"https:\/\/www.kresspichl.com\/#organization\",\"name\":\"Kresspichlguet\",\"url\":\"https:\/\/www.kresspichl.com\/\",\"logo\":{\"@type\":\"ImageObject\",\"inLanguage\":\"en-US\",\"@id\":\"https:\/\/www.kresspichl.com\/#\/schema\/logo\/image\/\",\"url\":\"https:\/\/www.kresspichl.com\/wordpress\/wp-content\/uploads\/2018\/09\/cropped-kresspichlguet-logo.jpg\",\"contentUrl\":\"https:\/\/www.kresspichl.com\/wordpress\/wp-content\/uploads\/2018\/09\/cropped-kresspichlguet-logo.jpg\",\"width\":363,\"height\":59,\"caption\":\"Kresspichlguet\"},\"image\":{\"@id\":\"https:\/\/www.kresspichl.com\/#\/schema\/logo\/image\/\"}}]}<\/script>\n<!-- \/ Yoast SEO plugin. -->","yoast_head_json":{"title":"Country tavern - Kresspichl - Hofk\u00e4serei Hofladen Ferienwohnung","robots":{"index":"index","follow":"follow","max-snippet":"max-snippet:-1","max-image-preview":"max-image-preview:large","max-video-preview":"max-video-preview:-1"},"canonical":"https:\/\/www.kresspichl.com\/en\/country-tavern\/","og_locale":"en_US","og_type":"article","og_title":"Country tavern - Kresspichl - Hofk\u00e4serei Hofladen Ferienwohnung","og_description":"Country tavern &#8211; From our cuisine &nbsp; Here at the farm dairy Kresspichl in the Passeiertal Valley (South Tyrol) we always strive to make the stay of our guests an experience for the heart and the palate. You&#8217;ll be spoiled with creative dishes, good wines and our hearty hospitality. If you are planning a special [&hellip;]","og_url":"https:\/\/www.kresspichl.com\/en\/country-tavern\/","og_site_name":"Kresspichl - Hofk\u00e4serei Hofladen Ferienwohnung","article_modified_time":"2024-05-17T15:00:58+00:00","og_image":[{"width":1000,"height":464,"url":"https:\/\/www.kresspichl.com\/wordpress\/wp-content\/uploads\/2018\/09\/hofschenke_10.jpg","type":"image\/jpeg"}],"twitter_card":"summary_large_image","twitter_misc":{"Est. reading time":"3 minutes"},"schema":{"@context":"https:\/\/schema.org","@graph":[{"@type":"WebPage","@id":"https:\/\/www.kresspichl.com\/en\/country-tavern\/","url":"https:\/\/www.kresspichl.com\/en\/country-tavern\/","name":"Country tavern - Kresspichl - Hofk\u00e4serei Hofladen Ferienwohnung","isPartOf":{"@id":"https:\/\/www.kresspichl.com\/#website"},"primaryImageOfPage":{"@id":"https:\/\/www.kresspichl.com\/en\/country-tavern\/#primaryimage"},"image":{"@id":"https:\/\/www.kresspichl.com\/en\/country-tavern\/#primaryimage"},"thumbnailUrl":"https:\/\/www.kresspichl.com\/wordpress\/wp-content\/uploads\/2018\/09\/hofschenke_10.jpg","datePublished":"2018-09-28T12:56:06+00:00","dateModified":"2024-05-17T15:00:58+00:00","breadcrumb":{"@id":"https:\/\/www.kresspichl.com\/en\/country-tavern\/#breadcrumb"},"inLanguage":"en-US","potentialAction":[{"@type":"ReadAction","target":["https:\/\/www.kresspichl.com\/en\/country-tavern\/"]}]},{"@type":"ImageObject","inLanguage":"en-US","@id":"https:\/\/www.kresspichl.com\/en\/country-tavern\/#primaryimage","url":"https:\/\/www.kresspichl.com\/wordpress\/wp-content\/uploads\/2018\/09\/hofschenke_10.jpg","contentUrl":"https:\/\/www.kresspichl.com\/wordpress\/wp-content\/uploads\/2018\/09\/hofschenke_10.jpg","width":1000,"height":464},{"@type":"BreadcrumbList","@id":"https:\/\/www.kresspichl.com\/en\/country-tavern\/#breadcrumb","itemListElement":[{"@type":"ListItem","position":1,"name":"Startseite","item":"https:\/\/www.kresspichl.com\/en\/"},{"@type":"ListItem","position":2,"name":"Country tavern"}]},{"@type":"WebSite","@id":"https:\/\/www.kresspichl.com\/#website","url":"https:\/\/www.kresspichl.com\/","name":"Kresspichl - Hofk\u00e4serei Hofladen Ferienwohnung","description":"B\u00e4uerliche Produkte aus dem Passeiertal (S\u00fcdtirol) Ferienwonungen","publisher":{"@id":"https:\/\/www.kresspichl.com\/#organization"},"potentialAction":[{"@type":"SearchAction","target":{"@type":"EntryPoint","urlTemplate":"https:\/\/www.kresspichl.com\/?s={search_term_string}"},"query-input":{"@type":"PropertyValueSpecification","valueRequired":true,"valueName":"search_term_string"}}],"inLanguage":"en-US"},{"@type":"Organization","@id":"https:\/\/www.kresspichl.com\/#organization","name":"Kresspichlguet","url":"https:\/\/www.kresspichl.com\/","logo":{"@type":"ImageObject","inLanguage":"en-US","@id":"https:\/\/www.kresspichl.com\/#\/schema\/logo\/image\/","url":"https:\/\/www.kresspichl.com\/wordpress\/wp-content\/uploads\/2018\/09\/cropped-kresspichlguet-logo.jpg","contentUrl":"https:\/\/www.kresspichl.com\/wordpress\/wp-content\/uploads\/2018\/09\/cropped-kresspichlguet-logo.jpg","width":363,"height":59,"caption":"Kresspichlguet"},"image":{"@id":"https:\/\/www.kresspichl.com\/#\/schema\/logo\/image\/"}}]}},"_links":{"self":[{"href":"https:\/\/www.kresspichl.com\/en\/wp-json\/wp\/v2\/pages\/2345","targetHints":{"allow":["GET"]}}],"collection":[{"href":"https:\/\/www.kresspichl.com\/en\/wp-json\/wp\/v2\/pages"}],"about":[{"href":"https:\/\/www.kresspichl.com\/en\/wp-json\/wp\/v2\/types\/page"}],"author":[{"embeddable":true,"href":"https:\/\/www.kresspichl.com\/en\/wp-json\/wp\/v2\/users\/6"}],"replies":[{"embeddable":true,"href":"https:\/\/www.kresspichl.com\/en\/wp-json\/wp\/v2\/comments?post=2345"}],"version-history":[{"count":2,"href":"https:\/\/www.kresspichl.com\/en\/wp-json\/wp\/v2\/pages\/2345\/revisions"}],"predecessor-version":[{"id":2347,"href":"https:\/\/www.kresspichl.com\/en\/wp-json\/wp\/v2\/pages\/2345\/revisions\/2347"}],"wp:featuredmedia":[{"embeddable":true,"href":"https:\/\/www.kresspichl.com\/en\/wp-json\/wp\/v2\/media\/2341"}],"wp:attachment":[{"href":"https:\/\/www.kresspichl.com\/en\/wp-json\/wp\/v2\/media?parent=2345"}],"curies":[{"name":"wp","href":"https:\/\/api.w.org\/{rel}","templated":true}]}}